{"id":2308,"date":"2024-04-15T14:48:48","date_gmt":"2024-04-15T14:48:48","guid":{"rendered":"https:\/\/dermoscalp.ee\/?post_type=product&#038;p=2308"},"modified":"2026-01-13T09:31:27","modified_gmt":"2026-01-13T09:31:27","slug":"palmarosa-shampoo-250-ml","status":"publish","type":"product","link":"https:\/\/dermoscalp.ee\/en\/product\/palmarosa-shampoo-250-ml\/","title":{"rendered":"Luxuriously moisturizing Palmarosa Shampoo 250 ml"},"content":{"rendered":"<p>How to use? Use a small amount of shampoo on wet hair, gently massage the scalp, massage it for about a minute to accelerate the blood circulation of hair growth. Rinse well and double wash if necessary if you have any styling products, dry shampoo, hairspray or DermoScalp Scalp Oil Treatment in your hair. Use as often as needed, this shampoo is super moisturizing for hair and scalp. Palmarosa is particularly anti-inflammatory, soothing, antibacterial and stimulating. With its exotic smell, it has a very positive effect on the mental and physical side. Arnica oil is best for treating hair loss, dandruff, premature graying. Argan oil moisturizes the hair and scalp and protects it from daily damage. After washing, use DermoScalp conditioner for best results.<\/p>\n<p>After opening, use the product within 12 months!<\/p>\n<p>DermoScalp Palmarosa Shampoo 250ml 26\u20ac<\/p>\n<p>Made in Estonia<\/p>\n<p>DermoScalp Palmarosa Shampoo 250 ml ingredients: Aqua, Aloe Barbadensis Leaf Juice*, Argan oil, Arnica oil, Coconut oil, Decyl glucoside, Grapeseed extract, Lauryl glucoside, Marigold oil, Olive oil, Buriti extract, Palmarosa extract, Xantham gum, Potassium sorbate, Sodium benzoate, Citric acid, Bonding, Vegan Collagen, Keratin.<br \/>\n*certified organic material<\/p>","protected":false},"excerpt":{"rendered":"<p>DermoScalp\u2122\ufe0f Palmarosa Shampoo with arnica, palmarosa, coconut, marigold, and argan oil. The MOST moisturizing shampoo for your hair and scalp. Our daily shampoo is made with love for your scalp and hair. Keep your scalp and hair ultra-moisturized, clean, and happy. Hair grows faster thanks to the blend of natural luxurious oils. Aloe soothes an inflamed scalp and cares for your hair.<span class=\"Y2IQFc\" lang=\"et\"> Argan oil moisturizes and softens hair, containing many antioxidants, essential fatty acids, and vitamin E. Arnica oil is best for treating hair loss, dandruff, and premature graying. Coconut oil penetrates deep into the hair, improves scalp health, moisturizes, and adds shine. Grape seed extract contains antioxidants that help keep hair healthy and strong, and helps reduce hair loss and breakage. Calendula is antiseptic for the scalp. Calendula increases collagen production, which keeps hair follicles healthy. Olive oil moisturizes hair and reduces scalp irritation. Buriti extract is rich in fatty acids, helping to moisturize and nourish hair. Palmarosa extract deeply moisturizes hair and gives the shampoo a pleasant aroma. The ingredients of Palmarosa shampoo are carefully selected to provide your hair with maximum and balanced care for healthy and strong hair!<\/span><\/p>","protected":false},"featured_media":2379,"comment_status":"open","ping_status":"closed","template":"","meta":{"site-sidebar-layout":"default","site-content-layout":"","ast-site-content-layout":"default","site-content-style":"default","site-sidebar-style":"default","ast-global-header-display":"","ast-banner-title-visibility":"","ast-main-header-display":"","ast-hfb-above-header-display":"","ast-hfb-below-header-display":"","ast-hfb-mobile-header-display":"","site-post-title":"","ast-breadcrumbs-content":"","ast-featured-img":"","footer-sml-layout":"","theme-transparent-header-meta":"default","adv-header-id-meta":"","stick-header-meta":"","header-above-stick-meta":"","header-main-stick-meta":"","header-below-stick-meta":"","astra-migrate-meta-layouts":"set","ast-page-background-enabled":"default","ast-page-background-meta":{"desktop":{"background-color":"var(--ast-global-color-4)","background-image":"","background-repeat":"repeat","background-position":"center center","background-size":"auto","background-attachment":"scroll","background-type":"","background-media":"","overlay-type":"","overlay-color":"","overlay-gradient":""},"tablet":{"background-color":"","background-image":"","background-repeat":"repeat","background-position":"center center","background-size":"auto","background-attachment":"scroll","background-type":"","background-media":"","overlay-type":"","overlay-color":"","overlay-gradient":""},"mobile":{"background-color":"","background-image":"","background-repeat":"repeat","background-position":"center center","background-size":"auto","background-attachment":"scroll","background-type":"","background-media":"","overlay-type":"","overlay-color":"","overlay-gradient":""}},"ast-content-background-meta":{"desktop":{"background-color":"var(--ast-global-color-5)","background-image":"","background-repeat":"repeat","background-position":"center center","background-size":"auto","background-attachment":"scroll","background-type":"","background-media":"","overlay-type":"","overlay-color":"","overlay-gradient":""},"tablet":{"background-color":"var(--ast-global-color-5)","background-image":"","background-repeat":"repeat","background-position":"center center","background-size":"auto","background-attachment":"scroll","background-type":"","background-media":"","overlay-type":"","overlay-color":"","overlay-gradient":""},"mobile":{"background-color":"var(--ast-global-color-5)","background-image":"","background-repeat":"repeat","background-position":"center center","background-size":"auto","background-attachment":"scroll","background-type":"","background-media":"","overlay-type":"","overlay-color":"","overlay-gradient":""}}},"product_brand":[],"product_cat":[152],"product_tag":[],"class_list":{"0":"post-2308","1":"product","2":"type-product","3":"status-publish","4":"has-post-thumbnail","6":"product_cat-sampoon","7":"desktop-align-left","8":"tablet-align-left","9":"mobile-align-left","11":"first","12":"instock","13":"featured","14":"taxable","15":"shipping-taxable","16":"purchasable","17":"product-type-simple"},"yoast_head":"<!-- This site is optimized with the Yoast SEO plugin v24.1 - https:\/\/yoast.com\/wordpress\/plugins\/seo\/ -->\n<title>niisutav hooldus juustele<\/title>\n<meta name=\"robots\" content=\"index, follow, max-snippet:-1, max-image-preview:large, max-video-preview:-1\" \/>\n<link rel=\"canonical\" href=\"https:\/\/dermoscalp.ee\/en\/product\/palmarosa-shampoo-250-ml\/\" \/>\n<meta property=\"og:locale\" content=\"en_US\" \/>\n<meta property=\"og:type\" content=\"article\" \/>\n<meta property=\"og:title\" content=\"niisutav hooldus juustele\" \/>\n<meta property=\"og:description\" content=\"DermoScalp\u2122\ufe0f Palmarosa \u0161ampoon arnika, palmarosa, kookose, marigold ja argaania\u00f5liga. K\u00d5IGE niisutavam \u0161ampoon Teie juustele ja peanahale. Meie igap\u00e4evane \u0161ampoon on valmistatud armastusega Teie peanahale ja juustele. Hoidke oma peanahk ja juuksed \u00fcliniisutatud, puhtad ja r\u00f5\u00f5msad. Juuksed kasvavad kiiremini t\u00e4nu looduslike luksuslike \u00f5lide segule. Aloe rahustab p\u00f5letikulist peanahka ja hooldab juukseid. Argaania\u00f5li niisutab ja pehmendab juukseid, sisaldades palju antioks\u00fcdante, asendamatuid rasvhappeid ja E-vitamiini. Arnika\u00f5li on parim juuste v\u00e4ljalangemise, k\u00f5\u00f5ma raviks, enneaegselt halliks muutumise korral. Kookos\u00f5li tungib s\u00fcgavale juustesse, parandab peanaha tervist, niisutab ja lisab s\u00e4ra. Viinamarjaseemne ekstrakt sisaldab antioks\u00fcdante, mis aitavad hoida juukseid tervena ja tugevana ning aitab v\u00e4hendada juuste v\u00e4ljalangemist ning murdumist. Saialill on peanahale antiseptiline. Saialill suurendab kollageeni tootmist, mis hoiab juuksefolliikuleid tervena. Oliivi\u00f5li niisutab juukseid ja v\u00e4hendab peanaha \u00e4rritust. Buriti ekstrakt on rikastatud rasvhapete poolest, aitab juukseid niisutada ja toita. Palmarosa ekstrakt niisutab juukseid s\u00fcgavuti ja annab \u0161ampoonile meeldiva aroomi. Palmarosa \u0161ampooni koostisosad on hoolikalt valitud, et pakkuda Teie juustele maksimaalset ja tasakaalustatud juuksehooldust tervete ja tugevate juuste nimel!\" \/>\n<meta property=\"og:url\" content=\"https:\/\/dermoscalp.ee\/en\/product\/palmarosa-shampoo-250-ml\/\" \/>\n<meta property=\"og:site_name\" content=\"DermoScalp\" \/>\n<meta property=\"article:modified_time\" content=\"2026-01-13T09:31:27+00:00\" \/>\n<meta property=\"og:image\" content=\"https:\/\/dermoscalp.ee\/wp-content\/uploads\/2024\/04\/DSC3049.jpeg\" \/>\n\t<meta property=\"og:image:width\" content=\"1363\" \/>\n\t<meta property=\"og:image:height\" content=\"2048\" \/>\n\t<meta property=\"og:image:type\" content=\"image\/jpeg\" \/>\n<meta name=\"twitter:card\" content=\"summary_large_image\" \/>\n<meta name=\"twitter:label1\" content=\"Est. reading time\" \/>\n\t<meta name=\"twitter:data1\" content=\"2 minutes\" \/>\n<script type=\"application\/ld+json\" class=\"yoast-schema-graph\">{\"@context\":\"https:\/\/schema.org\",\"@graph\":[{\"@type\":\"WebPage\",\"@id\":\"https:\/\/dermoscalp.ee\/en\/product\/palmarosa-shampoo-250-ml\/\",\"url\":\"https:\/\/dermoscalp.ee\/en\/product\/palmarosa-shampoo-250-ml\/\",\"name\":\"niisutav hooldus juustele\",\"isPartOf\":{\"@id\":\"https:\/\/dermoscalp.ee\/#website\"},\"primaryImageOfPage\":{\"@id\":\"https:\/\/dermoscalp.ee\/en\/product\/palmarosa-shampoo-250-ml\/#primaryimage\"},\"image\":{\"@id\":\"https:\/\/dermoscalp.ee\/en\/product\/palmarosa-shampoo-250-ml\/#primaryimage\"},\"thumbnailUrl\":\"https:\/\/www.dermoscalp.ee\/wp-content\/uploads\/2024\/04\/DSC3049.jpeg\",\"datePublished\":\"2024-04-15T14:48:48+00:00\",\"dateModified\":\"2026-01-13T09:31:27+00:00\",\"breadcrumb\":{\"@id\":\"https:\/\/dermoscalp.ee\/en\/product\/palmarosa-shampoo-250-ml\/#breadcrumb\"},\"inLanguage\":\"en-US\",\"potentialAction\":[{\"@type\":\"ReadAction\",\"target\":[\"https:\/\/dermoscalp.ee\/en\/product\/palmarosa-shampoo-250-ml\/\"]}]},{\"@type\":\"ImageObject\",\"inLanguage\":\"en-US\",\"@id\":\"https:\/\/dermoscalp.ee\/en\/product\/palmarosa-shampoo-250-ml\/#primaryimage\",\"url\":\"https:\/\/www.dermoscalp.ee\/wp-content\/uploads\/2024\/04\/DSC3049.jpeg\",\"contentUrl\":\"https:\/\/www.dermoscalp.ee\/wp-content\/uploads\/2024\/04\/DSC3049.jpeg\",\"width\":1363,\"height\":2048},{\"@type\":\"BreadcrumbList\",\"@id\":\"https:\/\/dermoscalp.ee\/en\/product\/palmarosa-shampoo-250-ml\/#breadcrumb\",\"itemListElement\":[{\"@type\":\"ListItem\",\"position\":1,\"name\":\"Home\",\"item\":\"https:\/\/www.dermoscalp.ee\/\"},{\"@type\":\"ListItem\",\"position\":2,\"name\":\"Pood\",\"item\":\"https:\/\/dermoscalp.ee\/shop-2\/\"},{\"@type\":\"ListItem\",\"position\":3,\"name\":\"Palmarosa luksuslikult niisutav Shampoo 250 ml\"}]},{\"@type\":\"WebSite\",\"@id\":\"https:\/\/dermoscalp.ee\/#website\",\"url\":\"https:\/\/dermoscalp.ee\/\",\"name\":\"DermoScalp\",\"description\":\"Sinu peanaha heaks!\",\"potentialAction\":[{\"@type\":\"SearchAction\",\"target\":{\"@type\":\"EntryPoint\",\"urlTemplate\":\"https:\/\/dermoscalp.ee\/?s={search_term_string}\"},\"query-input\":{\"@type\":\"PropertyValueSpecification\",\"valueRequired\":true,\"valueName\":\"search_term_string\"}}],\"inLanguage\":\"en-US\"}]}<\/script>\n<!-- \/ Yoast SEO plugin. -->","yoast_head_json":{"title":"niisutav hooldus juustele","robots":{"index":"index","follow":"follow","max-snippet":"max-snippet:-1","max-image-preview":"max-image-preview:large","max-video-preview":"max-video-preview:-1"},"canonical":"https:\/\/dermoscalp.ee\/en\/product\/palmarosa-shampoo-250-ml\/","og_locale":"en_US","og_type":"article","og_title":"niisutav hooldus juustele","og_description":"DermoScalp\u2122\ufe0f Palmarosa \u0161ampoon arnika, palmarosa, kookose, marigold ja argaania\u00f5liga. K\u00d5IGE niisutavam \u0161ampoon Teie juustele ja peanahale. Meie igap\u00e4evane \u0161ampoon on valmistatud armastusega Teie peanahale ja juustele. Hoidke oma peanahk ja juuksed \u00fcliniisutatud, puhtad ja r\u00f5\u00f5msad. Juuksed kasvavad kiiremini t\u00e4nu looduslike luksuslike \u00f5lide segule. Aloe rahustab p\u00f5letikulist peanahka ja hooldab juukseid. Argaania\u00f5li niisutab ja pehmendab juukseid, sisaldades palju antioks\u00fcdante, asendamatuid rasvhappeid ja E-vitamiini. Arnika\u00f5li on parim juuste v\u00e4ljalangemise, k\u00f5\u00f5ma raviks, enneaegselt halliks muutumise korral. Kookos\u00f5li tungib s\u00fcgavale juustesse, parandab peanaha tervist, niisutab ja lisab s\u00e4ra. Viinamarjaseemne ekstrakt sisaldab antioks\u00fcdante, mis aitavad hoida juukseid tervena ja tugevana ning aitab v\u00e4hendada juuste v\u00e4ljalangemist ning murdumist. Saialill on peanahale antiseptiline. Saialill suurendab kollageeni tootmist, mis hoiab juuksefolliikuleid tervena. Oliivi\u00f5li niisutab juukseid ja v\u00e4hendab peanaha \u00e4rritust. Buriti ekstrakt on rikastatud rasvhapete poolest, aitab juukseid niisutada ja toita. Palmarosa ekstrakt niisutab juukseid s\u00fcgavuti ja annab \u0161ampoonile meeldiva aroomi. Palmarosa \u0161ampooni koostisosad on hoolikalt valitud, et pakkuda Teie juustele maksimaalset ja tasakaalustatud juuksehooldust tervete ja tugevate juuste nimel!","og_url":"https:\/\/dermoscalp.ee\/en\/product\/palmarosa-shampoo-250-ml\/","og_site_name":"DermoScalp","article_modified_time":"2026-01-13T09:31:27+00:00","og_image":[{"width":1363,"height":2048,"url":"https:\/\/dermoscalp.ee\/wp-content\/uploads\/2024\/04\/DSC3049.jpeg","type":"image\/jpeg"}],"twitter_card":"summary_large_image","twitter_misc":{"Est. reading time":"2 minutes"},"schema":{"@context":"https:\/\/schema.org","@graph":[{"@type":"WebPage","@id":"https:\/\/dermoscalp.ee\/en\/product\/palmarosa-shampoo-250-ml\/","url":"https:\/\/dermoscalp.ee\/en\/product\/palmarosa-shampoo-250-ml\/","name":"niisutav hooldus juustele","isPartOf":{"@id":"https:\/\/dermoscalp.ee\/#website"},"primaryImageOfPage":{"@id":"https:\/\/dermoscalp.ee\/en\/product\/palmarosa-shampoo-250-ml\/#primaryimage"},"image":{"@id":"https:\/\/dermoscalp.ee\/en\/product\/palmarosa-shampoo-250-ml\/#primaryimage"},"thumbnailUrl":"https:\/\/www.dermoscalp.ee\/wp-content\/uploads\/2024\/04\/DSC3049.jpeg","datePublished":"2024-04-15T14:48:48+00:00","dateModified":"2026-01-13T09:31:27+00:00","breadcrumb":{"@id":"https:\/\/dermoscalp.ee\/en\/product\/palmarosa-shampoo-250-ml\/#breadcrumb"},"inLanguage":"en-US","potentialAction":[{"@type":"ReadAction","target":["https:\/\/dermoscalp.ee\/en\/product\/palmarosa-shampoo-250-ml\/"]}]},{"@type":"ImageObject","inLanguage":"en-US","@id":"https:\/\/dermoscalp.ee\/en\/product\/palmarosa-shampoo-250-ml\/#primaryimage","url":"https:\/\/www.dermoscalp.ee\/wp-content\/uploads\/2024\/04\/DSC3049.jpeg","contentUrl":"https:\/\/www.dermoscalp.ee\/wp-content\/uploads\/2024\/04\/DSC3049.jpeg","width":1363,"height":2048},{"@type":"BreadcrumbList","@id":"https:\/\/dermoscalp.ee\/en\/product\/palmarosa-shampoo-250-ml\/#breadcrumb","itemListElement":[{"@type":"ListItem","position":1,"name":"Home","item":"https:\/\/www.dermoscalp.ee\/"},{"@type":"ListItem","position":2,"name":"Pood","item":"https:\/\/dermoscalp.ee\/shop-2\/"},{"@type":"ListItem","position":3,"name":"Palmarosa luksuslikult niisutav Shampoo 250 ml"}]},{"@type":"WebSite","@id":"https:\/\/dermoscalp.ee\/#website","url":"https:\/\/dermoscalp.ee\/","name":"DermoScalp","description":"Sinu peanaha heaks!","potentialAction":[{"@type":"SearchAction","target":{"@type":"EntryPoint","urlTemplate":"https:\/\/dermoscalp.ee\/?s={search_term_string}"},"query-input":{"@type":"PropertyValueSpecification","valueRequired":true,"valueName":"search_term_string"}}],"inLanguage":"en-US"}]}},"_links":{"self":[{"href":"https:\/\/dermoscalp.ee\/en\/wp-json\/wp\/v2\/product\/2308","targetHints":{"allow":["GET"]}}],"collection":[{"href":"https:\/\/dermoscalp.ee\/en\/wp-json\/wp\/v2\/product"}],"about":[{"href":"https:\/\/dermoscalp.ee\/en\/wp-json\/wp\/v2\/types\/product"}],"replies":[{"embeddable":true,"href":"https:\/\/dermoscalp.ee\/en\/wp-json\/wp\/v2\/comments?post=2308"}],"version-history":[{"count":5,"href":"https:\/\/dermoscalp.ee\/en\/wp-json\/wp\/v2\/product\/2308\/revisions"}],"predecessor-version":[{"id":2647,"href":"https:\/\/dermoscalp.ee\/en\/wp-json\/wp\/v2\/product\/2308\/revisions\/2647"}],"wp:featuredmedia":[{"embeddable":true,"href":"https:\/\/dermoscalp.ee\/en\/wp-json\/wp\/v2\/media\/2379"}],"wp:attachment":[{"href":"https:\/\/dermoscalp.ee\/en\/wp-json\/wp\/v2\/media?parent=2308"}],"wp:term":[{"taxonomy":"product_brand","embeddable":true,"href":"https:\/\/dermoscalp.ee\/en\/wp-json\/wp\/v2\/product_brand?post=2308"},{"taxonomy":"product_cat","embeddable":true,"href":"https:\/\/dermoscalp.ee\/en\/wp-json\/wp\/v2\/product_cat?post=2308"},{"taxonomy":"product_tag","embeddable":true,"href":"https:\/\/dermoscalp.ee\/en\/wp-json\/wp\/v2\/product_tag?post=2308"}],"curies":[{"name":"wp","href":"https:\/\/api.w.org\/{rel}","templated":true}]}}