{"id":2310,"date":"2024-04-15T14:52:39","date_gmt":"2024-04-15T14:52:39","guid":{"rendered":"https:\/\/dermoscalp.ee\/?post_type=product&#038;p=2310"},"modified":"2026-01-13T09:30:42","modified_gmt":"2026-01-13T09:30:42","slug":"rosemary-shampoo-250-ml","status":"publish","type":"product","link":"https:\/\/dermoscalp.ee\/en\/product\/rosemary-shampoo-250-ml\/","title":{"rendered":"Hair growth accelerator Rosemary Shampoo 250 ml"},"content":{"rendered":"<p>How to use? Use a small amount of shampoo on wet hair, gently massage the scalp, and massage for about a minute to stimulate blood circulation for hair growth. Rinse well and wash twice if necessary, especially if you have styling products, dry shampoo, hairspray, or DermoScalp scalp oil treatment in your hair. Use as often as needed; this shampoo is super moisturizing for hair and scalp. After washing, use DermoScalp conditioner for the best results.\n\nCalendula is antiseptic for the scalp. It increases collagen production, which keeps hair follicles healthy. Marula oil is rich in many fatty acids and antioxidants, including vitamins C and E, which help maintain the appearance of thick and healthy hair and visibly improve hair growth and scalp condition. This oil strengthens hair, fights breakage, and adds shine. Arnica oil is best for treating hair loss, dandruff, and premature graying. It also helps improve scalp circulation, promoting faster hair growth. It strengthens hair, improves texture, and heals the scalp.\n\nBlack cumin oil contains essential fatty acids like omega-3 and omega-6, which help nourish hair from within, improving its strength and elasticity. It helps relieve psoriasis and scalp dryness. Argan oil moisturizes hair and scalp and protects them from everyday damage.<\/p>\n<p>After opening, use the product within 12 months!<\/p>\n<p>DermoScalp 250ml 26\u20ac<\/p>\n<p>Made in Estonia<\/p>\n<p>DermoScalp Rosemary shampoo 250ml ingredients: Aqua, Aloe Baradensis Leaf Juice*, Organic Nigella Sativa Seed Oil, Organic Sclerocarya Birrea Seed Oil, Helianthus Annus Seed Oil, Amica Montana Extract, Passionflora Edulis Seed Oil, Decyl glucoside, Lauryl glucoside, Xantham gum, Potassium sorbate, Sodium benzoate, Citric acid, Organic farming Rosmarinus Ofificinalis Leaf Oil, Bonding, Panthenol.<\/p>","protected":false},"excerpt":{"rendered":"<p><strong style=\"font-size: 16px; -webkit-text-size-adjust: 100%;\">Why is DS Rosemary Shampoo so good for your scalp and hair?<\/strong><\/p>\n<p>DermoScalp\u2122\ufe0f Rosemary Shampoo with arnica, marula, black cumin, passion fruit, calendula, aloe, argan oil, Hair Bond, vegan collagen, panthenol, and many other rich ingredients. This is the MOST moisturizing shampoo for your hair and scalp. Our daily shampoo is made with love for your scalp and hair. Keep your scalp and hair ultra-moisturized, clean, and happy. Hair grows faster thanks to the blend of organic and pure rosemary extract and other natural luxurious oils.<\/p>","protected":false},"featured_media":2537,"comment_status":"open","ping_status":"closed","template":"","meta":{"site-sidebar-layout":"default","site-content-layout":"","ast-site-content-layout":"default","site-content-style":"default","site-sidebar-style":"default","ast-global-header-display":"","ast-banner-title-visibility":"","ast-main-header-display":"","ast-hfb-above-header-display":"","ast-hfb-below-header-display":"","ast-hfb-mobile-header-display":"","site-post-title":"","ast-breadcrumbs-content":"","ast-featured-img":"","footer-sml-layout":"","theme-transparent-header-meta":"default","adv-header-id-meta":"","stick-header-meta":"","header-above-stick-meta":"","header-main-stick-meta":"","header-below-stick-meta":"","astra-migrate-meta-layouts":"set","ast-page-background-enabled":"default","ast-page-background-meta":{"desktop":{"background-color":"var(--ast-global-color-4)","background-image":"","background-repeat":"repeat","background-position":"center center","background-size":"auto","background-attachment":"scroll","background-type":"","background-media":"","overlay-type":"","overlay-color":"","overlay-gradient":""},"tablet":{"background-color":"","background-image":"","background-repeat":"repeat","background-position":"center center","background-size":"auto","background-attachment":"scroll","background-type":"","background-media":"","overlay-type":"","overlay-color":"","overlay-gradient":""},"mobile":{"background-color":"","background-image":"","background-repeat":"repeat","background-position":"center center","background-size":"auto","background-attachment":"scroll","background-type":"","background-media":"","overlay-type":"","overlay-color":"","overlay-gradient":""}},"ast-content-background-meta":{"desktop":{"background-color":"var(--ast-global-color-5)","background-image":"","background-repeat":"repeat","background-position":"center center","background-size":"auto","background-attachment":"scroll","background-type":"","background-media":"","overlay-type":"","overlay-color":"","overlay-gradient":""},"tablet":{"background-color":"var(--ast-global-color-5)","background-image":"","background-repeat":"repeat","background-position":"center center","background-size":"auto","background-attachment":"scroll","background-type":"","background-media":"","overlay-type":"","overlay-color":"","overlay-gradient":""},"mobile":{"background-color":"var(--ast-global-color-5)","background-image":"","background-repeat":"repeat","background-position":"center center","background-size":"auto","background-attachment":"scroll","background-type":"","background-media":"","overlay-type":"","overlay-color":"","overlay-gradient":""}}},"product_brand":[],"product_cat":[152],"product_tag":[],"class_list":{"0":"post-2310","1":"product","2":"type-product","3":"status-publish","4":"has-post-thumbnail","6":"product_cat-sampoon","7":"desktop-align-left","8":"tablet-align-left","9":"mobile-align-left","11":"first","12":"instock","13":"featured","14":"taxable","15":"shipping-taxable","16":"purchasable","17":"product-type-simple"},"yoast_head":"<!-- This site is optimized with the Yoast SEO plugin v24.1 - https:\/\/yoast.com\/wordpress\/plugins\/seo\/ -->\n<title>juuksekasvu sampoon<\/title>\n<meta name=\"robots\" content=\"index, follow, max-snippet:-1, max-image-preview:large, max-video-preview:-1\" \/>\n<link rel=\"canonical\" href=\"https:\/\/www.dermoscalp.ee\/product\/rosemary-shampoo-250-ml\/\" \/>\n<meta property=\"og:locale\" content=\"en_US\" \/>\n<meta property=\"og:type\" content=\"article\" \/>\n<meta property=\"og:title\" content=\"juuksekasvu sampoon\" \/>\n<meta property=\"og:description\" content=\"Miks on DS Rosemary shampoo Sinu peanahale ja juustele nii hea?  DermoScalp\u2122\ufe0f Rosmariini \u0161ampoon \u00a0arnika, marula, mustk\u00f6\u00f6mne, passioni, saialille, aloe, \u00a0argaania\u00f5li, Hair Bond, vegan kollgeeni, panthenoli ja palju muu rikkalikuga. See on K\u00d5IGE niisutavam \u0161ampoon Teie juustele ja peanahale. Meie igap\u00e4evane \u0161ampoon on valmistatud armastusega teie peanahale ja juustele. Hoidke oma peanahk ja juuksed \u00fcliniisutatud, puhtad ja r\u00f5\u00f5msad. Juuksed kasvavad kiiremini t\u00e4nu orgaanilise ja puhta rosmariini ekstrakti ja muude looduslike luksuslike \u00f5lide segule.\" \/>\n<meta property=\"og:url\" content=\"https:\/\/www.dermoscalp.ee\/product\/rosemary-shampoo-250-ml\/\" \/>\n<meta property=\"og:site_name\" content=\"DermoScalp\" \/>\n<meta property=\"article:modified_time\" content=\"2026-01-13T09:30:42+00:00\" \/>\n<meta property=\"og:image\" content=\"https:\/\/dermoscalp.ee\/wp-content\/uploads\/2024\/06\/DSC6747.jpg\" \/>\n\t<meta property=\"og:image:width\" content=\"2048\" \/>\n\t<meta property=\"og:image:height\" content=\"2048\" \/>\n\t<meta property=\"og:image:type\" content=\"image\/jpeg\" \/>\n<meta name=\"twitter:card\" content=\"summary_large_image\" \/>\n<meta name=\"twitter:label1\" content=\"Est. reading time\" \/>\n\t<meta name=\"twitter:data1\" content=\"2 minutes\" \/>\n<script type=\"application\/ld+json\" class=\"yoast-schema-graph\">{\"@context\":\"https:\/\/schema.org\",\"@graph\":[{\"@type\":\"WebPage\",\"@id\":\"https:\/\/www.dermoscalp.ee\/product\/rosemary-shampoo-250-ml\/\",\"url\":\"https:\/\/www.dermoscalp.ee\/product\/rosemary-shampoo-250-ml\/\",\"name\":\"juuksekasvu sampoon\",\"isPartOf\":{\"@id\":\"https:\/\/dermoscalp.ee\/#website\"},\"primaryImageOfPage\":{\"@id\":\"https:\/\/www.dermoscalp.ee\/product\/rosemary-shampoo-250-ml\/#primaryimage\"},\"image\":{\"@id\":\"https:\/\/www.dermoscalp.ee\/product\/rosemary-shampoo-250-ml\/#primaryimage\"},\"thumbnailUrl\":\"https:\/\/dermoscalp.ee\/wp-content\/uploads\/2024\/06\/DSC6747.jpg\",\"datePublished\":\"2024-04-15T14:52:39+00:00\",\"dateModified\":\"2026-01-13T09:30:42+00:00\",\"breadcrumb\":{\"@id\":\"https:\/\/www.dermoscalp.ee\/product\/rosemary-shampoo-250-ml\/#breadcrumb\"},\"inLanguage\":\"en-US\",\"potentialAction\":[{\"@type\":\"ReadAction\",\"target\":[\"https:\/\/www.dermoscalp.ee\/product\/rosemary-shampoo-250-ml\/\"]}]},{\"@type\":\"ImageObject\",\"inLanguage\":\"en-US\",\"@id\":\"https:\/\/www.dermoscalp.ee\/product\/rosemary-shampoo-250-ml\/#primaryimage\",\"url\":\"https:\/\/dermoscalp.ee\/wp-content\/uploads\/2024\/06\/DSC6747.jpg\",\"contentUrl\":\"https:\/\/dermoscalp.ee\/wp-content\/uploads\/2024\/06\/DSC6747.jpg\",\"width\":2048,\"height\":2048},{\"@type\":\"BreadcrumbList\",\"@id\":\"https:\/\/www.dermoscalp.ee\/product\/rosemary-shampoo-250-ml\/#breadcrumb\",\"itemListElement\":[{\"@type\":\"ListItem\",\"position\":1,\"name\":\"Home\",\"item\":\"https:\/\/www.dermoscalp.ee\/\"},{\"@type\":\"ListItem\",\"position\":2,\"name\":\"Pood\",\"item\":\"https:\/\/dermoscalp.ee\/shop-2\/\"},{\"@type\":\"ListItem\",\"position\":3,\"name\":\"Juuksekasvu kiirendav Rosemary Shampoo 250 ml\"}]},{\"@type\":\"WebSite\",\"@id\":\"https:\/\/dermoscalp.ee\/#website\",\"url\":\"https:\/\/dermoscalp.ee\/\",\"name\":\"DermoScalp\",\"description\":\"Sinu peanaha heaks!\",\"potentialAction\":[{\"@type\":\"SearchAction\",\"target\":{\"@type\":\"EntryPoint\",\"urlTemplate\":\"https:\/\/dermoscalp.ee\/?s={search_term_string}\"},\"query-input\":{\"@type\":\"PropertyValueSpecification\",\"valueRequired\":true,\"valueName\":\"search_term_string\"}}],\"inLanguage\":\"en-US\"}]}<\/script>\n<!-- \/ Yoast SEO plugin. -->","yoast_head_json":{"title":"juuksekasvu sampoon","robots":{"index":"index","follow":"follow","max-snippet":"max-snippet:-1","max-image-preview":"max-image-preview:large","max-video-preview":"max-video-preview:-1"},"canonical":"https:\/\/www.dermoscalp.ee\/product\/rosemary-shampoo-250-ml\/","og_locale":"en_US","og_type":"article","og_title":"juuksekasvu sampoon","og_description":"Miks on DS Rosemary shampoo Sinu peanahale ja juustele nii hea?  DermoScalp\u2122\ufe0f Rosmariini \u0161ampoon \u00a0arnika, marula, mustk\u00f6\u00f6mne, passioni, saialille, aloe, \u00a0argaania\u00f5li, Hair Bond, vegan kollgeeni, panthenoli ja palju muu rikkalikuga. See on K\u00d5IGE niisutavam \u0161ampoon Teie juustele ja peanahale. Meie igap\u00e4evane \u0161ampoon on valmistatud armastusega teie peanahale ja juustele. Hoidke oma peanahk ja juuksed \u00fcliniisutatud, puhtad ja r\u00f5\u00f5msad. Juuksed kasvavad kiiremini t\u00e4nu orgaanilise ja puhta rosmariini ekstrakti ja muude looduslike luksuslike \u00f5lide segule.","og_url":"https:\/\/www.dermoscalp.ee\/product\/rosemary-shampoo-250-ml\/","og_site_name":"DermoScalp","article_modified_time":"2026-01-13T09:30:42+00:00","og_image":[{"width":2048,"height":2048,"url":"https:\/\/dermoscalp.ee\/wp-content\/uploads\/2024\/06\/DSC6747.jpg","type":"image\/jpeg"}],"twitter_card":"summary_large_image","twitter_misc":{"Est. reading time":"2 minutes"},"schema":{"@context":"https:\/\/schema.org","@graph":[{"@type":"WebPage","@id":"https:\/\/www.dermoscalp.ee\/product\/rosemary-shampoo-250-ml\/","url":"https:\/\/www.dermoscalp.ee\/product\/rosemary-shampoo-250-ml\/","name":"juuksekasvu sampoon","isPartOf":{"@id":"https:\/\/dermoscalp.ee\/#website"},"primaryImageOfPage":{"@id":"https:\/\/www.dermoscalp.ee\/product\/rosemary-shampoo-250-ml\/#primaryimage"},"image":{"@id":"https:\/\/www.dermoscalp.ee\/product\/rosemary-shampoo-250-ml\/#primaryimage"},"thumbnailUrl":"https:\/\/dermoscalp.ee\/wp-content\/uploads\/2024\/06\/DSC6747.jpg","datePublished":"2024-04-15T14:52:39+00:00","dateModified":"2026-01-13T09:30:42+00:00","breadcrumb":{"@id":"https:\/\/www.dermoscalp.ee\/product\/rosemary-shampoo-250-ml\/#breadcrumb"},"inLanguage":"en-US","potentialAction":[{"@type":"ReadAction","target":["https:\/\/www.dermoscalp.ee\/product\/rosemary-shampoo-250-ml\/"]}]},{"@type":"ImageObject","inLanguage":"en-US","@id":"https:\/\/www.dermoscalp.ee\/product\/rosemary-shampoo-250-ml\/#primaryimage","url":"https:\/\/dermoscalp.ee\/wp-content\/uploads\/2024\/06\/DSC6747.jpg","contentUrl":"https:\/\/dermoscalp.ee\/wp-content\/uploads\/2024\/06\/DSC6747.jpg","width":2048,"height":2048},{"@type":"BreadcrumbList","@id":"https:\/\/www.dermoscalp.ee\/product\/rosemary-shampoo-250-ml\/#breadcrumb","itemListElement":[{"@type":"ListItem","position":1,"name":"Home","item":"https:\/\/www.dermoscalp.ee\/"},{"@type":"ListItem","position":2,"name":"Pood","item":"https:\/\/dermoscalp.ee\/shop-2\/"},{"@type":"ListItem","position":3,"name":"Juuksekasvu kiirendav Rosemary Shampoo 250 ml"}]},{"@type":"WebSite","@id":"https:\/\/dermoscalp.ee\/#website","url":"https:\/\/dermoscalp.ee\/","name":"DermoScalp","description":"Sinu peanaha heaks!","potentialAction":[{"@type":"SearchAction","target":{"@type":"EntryPoint","urlTemplate":"https:\/\/dermoscalp.ee\/?s={search_term_string}"},"query-input":{"@type":"PropertyValueSpecification","valueRequired":true,"valueName":"search_term_string"}}],"inLanguage":"en-US"}]}},"_links":{"self":[{"href":"https:\/\/dermoscalp.ee\/en\/wp-json\/wp\/v2\/product\/2310","targetHints":{"allow":["GET"]}}],"collection":[{"href":"https:\/\/dermoscalp.ee\/en\/wp-json\/wp\/v2\/product"}],"about":[{"href":"https:\/\/dermoscalp.ee\/en\/wp-json\/wp\/v2\/types\/product"}],"replies":[{"embeddable":true,"href":"https:\/\/dermoscalp.ee\/en\/wp-json\/wp\/v2\/comments?post=2310"}],"version-history":[{"count":5,"href":"https:\/\/dermoscalp.ee\/en\/wp-json\/wp\/v2\/product\/2310\/revisions"}],"predecessor-version":[{"id":2643,"href":"https:\/\/dermoscalp.ee\/en\/wp-json\/wp\/v2\/product\/2310\/revisions\/2643"}],"wp:featuredmedia":[{"embeddable":true,"href":"https:\/\/dermoscalp.ee\/en\/wp-json\/wp\/v2\/media\/2537"}],"wp:attachment":[{"href":"https:\/\/dermoscalp.ee\/en\/wp-json\/wp\/v2\/media?parent=2310"}],"wp:term":[{"taxonomy":"product_brand","embeddable":true,"href":"https:\/\/dermoscalp.ee\/en\/wp-json\/wp\/v2\/product_brand?post=2310"},{"taxonomy":"product_cat","embeddable":true,"href":"https:\/\/dermoscalp.ee\/en\/wp-json\/wp\/v2\/product_cat?post=2310"},{"taxonomy":"product_tag","embeddable":true,"href":"https:\/\/dermoscalp.ee\/en\/wp-json\/wp\/v2\/product_tag?post=2310"}],"curies":[{"name":"wp","href":"https:\/\/api.w.org\/{rel}","templated":true}]}}