{"id":2312,"date":"2024-04-15T14:57:12","date_gmt":"2024-04-15T14:57:12","guid":{"rendered":"https:\/\/dermoscalp.ee\/?post_type=product&#038;p=2312"},"modified":"2026-03-30T10:49:15","modified_gmt":"2026-03-30T10:49:15","slug":"palmarosa-conditioner-250-ml","status":"publish","type":"product","link":"https:\/\/dermoscalp.ee\/en\/product\/palmarosa-conditioner-250-ml\/","title":{"rendered":"Niisutav Palmarosa Conditioner 250 ml"},"content":{"rendered":"<p>How to use?<br \/>\nIf you have healthy, undamaged and silky hair, use a small amount of conditioner on the ends and length of your hair after using DS shampoo. Rinse well. After using DS conditioner, it is not necessary to use hair oil. Hair is soft and shiny after washing.<\/p>\n<p>If you have frizzy, broken, bleached or damaged hair, use DS conditioner after shampooing on the roots and overall length of the hair. Keep the conditioner in your hair for about a minute. After washing, put a small amount of hair oil in the hair and the hair will be maximally moisturized, nourished, shiny and silky.<\/p>\n<p>After opening, use the product within 12 months!<\/p>\n<p>DermoScalp Palmarosa Conditioner 250ml 26\u20ac<\/p>\n<p>Made in Estonia<\/p>\n<p>DermoScalp Palmarosa Conditioner 250 ml ingredients: Aqua, Aloe barbadensis leaf juice*, Argania Spinosa, Arnica Montana, Buriti extract, Cetearyl alcohol, Betaine, Coco-glucoside, Butyrospermum parkii butter*, Cocos nucifera oil*, Olea europaea fruit oil*, Helianthus annuus seed oil*, Potassium sorbate, Sodium benzoate, Xanthan gum, Simmondsia chinensis seed oil*, Citric acid, Tocopherol, Lily extract, Olive extract, Palmarosa extract, Grape seed extract *certified organic material<\/p>","protected":false},"excerpt":{"rendered":"<p>DermoScalp Palmarosa palsami koostisosad on hoolikalt valitud, et tagada Sinu juustele parim tulemus. Palsam annab juustele s\u00e4ra ja pehmuse, niisutab ja toidab juukseid s\u00fcgavuti. See kaitseb juukseid kahjustuste eest. Palsamis sisalduvad luksuslikud ekstraktid ja \u00f5lid aitavad tugevdada juukseid ja kaitsta neid keskkonnam\u00f5jude eest. Palmarosa ekstrakt on eksootilise l\u00f5hnaga ja omab v\u00e4ga positiivset m\u00f5ju vaimsele ja f\u00fc\u00fcsilisele poolele. Argaania \u00f5li niisutab, annab juustele s\u00e4ra, kaitseb neid katkemise eest ja annab elastsust. Kookos\u00f5li aitab taastada ja niisutada kahjustunud juukseid. Viinamarjaseemne ekstrakt on rikastatud omega-6 rasvhapetega ja E-vitamiinidega. Oliivi\u00f5li muudab juuksed tugevaks ja siledaks ning pikendab iga juukse eluiga, muutes need paksemaks, toidetuks ja l\u00e4ikivamaks. Buriti ekstrakt on rikastatud E- ja A-vitamiinidega ning antioks\u00fcdantidega, mis kaitsevad juukseid v\u00e4listegurite eest. Arnika\u00f5li on parim juuste v\u00e4ljalangemise, k\u00f5\u00f5ma raviks ja enneaegselt halliks muutumise korral. Luksuslik Lily ekstrakt muudab juuksed l\u00e4ikivaks ja s\u00fcgavniisutab juukseid.<\/p>","protected":false},"featured_media":2381,"comment_status":"open","ping_status":"closed","template":"","meta":{"site-sidebar-layout":"default","site-content-layout":"","ast-site-content-layout":"default","site-content-style":"default","site-sidebar-style":"default","ast-global-header-display":"","ast-banner-title-visibility":"","ast-main-header-display":"","ast-hfb-above-header-display":"","ast-hfb-below-header-display":"","ast-hfb-mobile-header-display":"","site-post-title":"","ast-breadcrumbs-content":"","ast-featured-img":"","footer-sml-layout":"","theme-transparent-header-meta":"default","adv-header-id-meta":"","stick-header-meta":"","header-above-stick-meta":"","header-main-stick-meta":"","header-below-stick-meta":"","astra-migrate-meta-layouts":"set","ast-page-background-enabled":"default","ast-page-background-meta":{"desktop":{"background-color":"var(--ast-global-color-4)","background-image":"","background-repeat":"repeat","background-position":"center center","background-size":"auto","background-attachment":"scroll","background-type":"","background-media":"","overlay-type":"","overlay-color":"","overlay-gradient":""},"tablet":{"background-color":"","background-image":"","background-repeat":"repeat","background-position":"center center","background-size":"auto","background-attachment":"scroll","background-type":"","background-media":"","overlay-type":"","overlay-color":"","overlay-gradient":""},"mobile":{"background-color":"","background-image":"","background-repeat":"repeat","background-position":"center center","background-size":"auto","background-attachment":"scroll","background-type":"","background-media":"","overlay-type":"","overlay-color":"","overlay-gradient":""}},"ast-content-background-meta":{"desktop":{"background-color":"var(--ast-global-color-5)","background-image":"","background-repeat":"repeat","background-position":"center center","background-size":"auto","background-attachment":"scroll","background-type":"","background-media":"","overlay-type":"","overlay-color":"","overlay-gradient":""},"tablet":{"background-color":"var(--ast-global-color-5)","background-image":"","background-repeat":"repeat","background-position":"center center","background-size":"auto","background-attachment":"scroll","background-type":"","background-media":"","overlay-type":"","overlay-color":"","overlay-gradient":""},"mobile":{"background-color":"var(--ast-global-color-5)","background-image":"","background-repeat":"repeat","background-position":"center center","background-size":"auto","background-attachment":"scroll","background-type":"","background-media":"","overlay-type":"","overlay-color":"","overlay-gradient":""}}},"product_brand":[],"product_cat":[153],"product_tag":[],"class_list":{"0":"post-2312","1":"product","2":"type-product","3":"status-publish","4":"has-post-thumbnail","6":"product_cat-palsam","7":"desktop-align-left","8":"tablet-align-left","9":"mobile-align-left","11":"first","12":"outofstock","13":"taxable","14":"shipping-taxable","15":"purchasable","16":"product-type-simple"},"yoast_head":"<!-- This site is optimized with the Yoast SEO plugin v24.1 - https:\/\/yoast.com\/wordpress\/plugins\/seo\/ -->\n<title>eriti niisutav sampoon lokkis juustele<\/title>\n<meta name=\"robots\" content=\"index, follow, max-snippet:-1, max-image-preview:large, max-video-preview:-1\" \/>\n<link rel=\"canonical\" href=\"https:\/\/www.dermoscalp.ee\/product\/palmarosa-conditioner-250-ml\/\" \/>\n<meta property=\"og:locale\" content=\"en_US\" \/>\n<meta property=\"og:type\" content=\"article\" \/>\n<meta property=\"og:title\" content=\"eriti niisutav sampoon lokkis juustele\" \/>\n<meta property=\"og:description\" content=\"DermoScalp Palmarosa palsami koostisosad on hoolikalt valitud, et tagada Sinu juustele parim tulemus. Palsam annab juustele s\u00e4ra ja pehmuse, niisutab ja toidab juukseid s\u00fcgavuti. See kaitseb juukseid kahjustuste eest. Palsamis sisalduvad luksuslikud ekstraktid ja \u00f5lid aitavad tugevdada juukseid ja kaitsta neid keskkonnam\u00f5jude eest. Palmarosa ekstrakt on eksootilise l\u00f5hnaga ja omab v\u00e4ga positiivset m\u00f5ju vaimsele ja f\u00fc\u00fcsilisele poolele. Argaania \u00f5li niisutab, annab juustele s\u00e4ra, kaitseb neid katkemise eest ja annab elastsust. Kookos\u00f5li aitab taastada ja niisutada kahjustunud juukseid. Viinamarjaseemne ekstrakt on rikastatud omega-6 rasvhapetega ja E-vitamiinidega. Oliivi\u00f5li muudab juuksed tugevaks ja siledaks ning pikendab iga juukse eluiga, muutes need paksemaks, toidetuks ja l\u00e4ikivamaks. Buriti ekstrakt on rikastatud E- ja A-vitamiinidega ning antioks\u00fcdantidega, mis kaitsevad juukseid v\u00e4listegurite eest. Arnika\u00f5li on parim juuste v\u00e4ljalangemise, k\u00f5\u00f5ma raviks ja enneaegselt halliks muutumise korral. Luksuslik Lily ekstrakt muudab juuksed l\u00e4ikivaks ja s\u00fcgavniisutab juukseid.\" \/>\n<meta property=\"og:url\" content=\"https:\/\/www.dermoscalp.ee\/product\/palmarosa-conditioner-250-ml\/\" \/>\n<meta property=\"og:site_name\" content=\"DermoScalp\" \/>\n<meta property=\"article:modified_time\" content=\"2026-03-30T10:49:15+00:00\" \/>\n<meta property=\"og:image\" content=\"https:\/\/www.dermoscalp.ee\/wp-content\/uploads\/2024\/04\/DSC3033.jpeg\" \/>\n\t<meta property=\"og:image:width\" content=\"1362\" \/>\n\t<meta property=\"og:image:height\" content=\"2048\" \/>\n\t<meta property=\"og:image:type\" content=\"image\/jpeg\" \/>\n<meta name=\"twitter:card\" content=\"summary_large_image\" \/>\n<meta name=\"twitter:label1\" content=\"Est. reading time\" \/>\n\t<meta name=\"twitter:data1\" content=\"2 minutes\" \/>\n<script type=\"application\/ld+json\" class=\"yoast-schema-graph\">{\"@context\":\"https:\/\/schema.org\",\"@graph\":[{\"@type\":\"WebPage\",\"@id\":\"https:\/\/www.dermoscalp.ee\/product\/palmarosa-conditioner-250-ml\/\",\"url\":\"https:\/\/www.dermoscalp.ee\/product\/palmarosa-conditioner-250-ml\/\",\"name\":\"eriti niisutav sampoon lokkis juustele\",\"isPartOf\":{\"@id\":\"https:\/\/dermoscalp.ee\/#website\"},\"primaryImageOfPage\":{\"@id\":\"https:\/\/www.dermoscalp.ee\/product\/palmarosa-conditioner-250-ml\/#primaryimage\"},\"image\":{\"@id\":\"https:\/\/www.dermoscalp.ee\/product\/palmarosa-conditioner-250-ml\/#primaryimage\"},\"thumbnailUrl\":\"https:\/\/dermoscalp.ee\/wp-content\/uploads\/2024\/04\/DSC3033.jpeg\",\"datePublished\":\"2024-04-15T14:57:12+00:00\",\"dateModified\":\"2026-03-30T10:49:15+00:00\",\"breadcrumb\":{\"@id\":\"https:\/\/www.dermoscalp.ee\/product\/palmarosa-conditioner-250-ml\/#breadcrumb\"},\"inLanguage\":\"en-US\",\"potentialAction\":[{\"@type\":\"ReadAction\",\"target\":[\"https:\/\/www.dermoscalp.ee\/product\/palmarosa-conditioner-250-ml\/\"]}]},{\"@type\":\"ImageObject\",\"inLanguage\":\"en-US\",\"@id\":\"https:\/\/www.dermoscalp.ee\/product\/palmarosa-conditioner-250-ml\/#primaryimage\",\"url\":\"https:\/\/dermoscalp.ee\/wp-content\/uploads\/2024\/04\/DSC3033.jpeg\",\"contentUrl\":\"https:\/\/dermoscalp.ee\/wp-content\/uploads\/2024\/04\/DSC3033.jpeg\",\"width\":1362,\"height\":2048},{\"@type\":\"BreadcrumbList\",\"@id\":\"https:\/\/www.dermoscalp.ee\/product\/palmarosa-conditioner-250-ml\/#breadcrumb\",\"itemListElement\":[{\"@type\":\"ListItem\",\"position\":1,\"name\":\"Home\",\"item\":\"https:\/\/www.dermoscalp.ee\/\"},{\"@type\":\"ListItem\",\"position\":2,\"name\":\"Pood\",\"item\":\"https:\/\/dermoscalp.ee\/shop-2\/\"},{\"@type\":\"ListItem\",\"position\":3,\"name\":\"Niisutav Palmarosa Conditioner 250 ml\"}]},{\"@type\":\"WebSite\",\"@id\":\"https:\/\/dermoscalp.ee\/#website\",\"url\":\"https:\/\/dermoscalp.ee\/\",\"name\":\"DermoScalp\",\"description\":\"Sinu peanaha heaks!\",\"potentialAction\":[{\"@type\":\"SearchAction\",\"target\":{\"@type\":\"EntryPoint\",\"urlTemplate\":\"https:\/\/dermoscalp.ee\/?s={search_term_string}\"},\"query-input\":{\"@type\":\"PropertyValueSpecification\",\"valueRequired\":true,\"valueName\":\"search_term_string\"}}],\"inLanguage\":\"en-US\"}]}<\/script>\n<!-- \/ Yoast SEO plugin. -->","yoast_head_json":{"title":"eriti niisutav sampoon lokkis juustele","robots":{"index":"index","follow":"follow","max-snippet":"max-snippet:-1","max-image-preview":"max-image-preview:large","max-video-preview":"max-video-preview:-1"},"canonical":"https:\/\/www.dermoscalp.ee\/product\/palmarosa-conditioner-250-ml\/","og_locale":"en_US","og_type":"article","og_title":"eriti niisutav sampoon lokkis juustele","og_description":"DermoScalp Palmarosa palsami koostisosad on hoolikalt valitud, et tagada Sinu juustele parim tulemus. Palsam annab juustele s\u00e4ra ja pehmuse, niisutab ja toidab juukseid s\u00fcgavuti. See kaitseb juukseid kahjustuste eest. Palsamis sisalduvad luksuslikud ekstraktid ja \u00f5lid aitavad tugevdada juukseid ja kaitsta neid keskkonnam\u00f5jude eest. Palmarosa ekstrakt on eksootilise l\u00f5hnaga ja omab v\u00e4ga positiivset m\u00f5ju vaimsele ja f\u00fc\u00fcsilisele poolele. Argaania \u00f5li niisutab, annab juustele s\u00e4ra, kaitseb neid katkemise eest ja annab elastsust. Kookos\u00f5li aitab taastada ja niisutada kahjustunud juukseid. Viinamarjaseemne ekstrakt on rikastatud omega-6 rasvhapetega ja E-vitamiinidega. Oliivi\u00f5li muudab juuksed tugevaks ja siledaks ning pikendab iga juukse eluiga, muutes need paksemaks, toidetuks ja l\u00e4ikivamaks. Buriti ekstrakt on rikastatud E- ja A-vitamiinidega ning antioks\u00fcdantidega, mis kaitsevad juukseid v\u00e4listegurite eest. Arnika\u00f5li on parim juuste v\u00e4ljalangemise, k\u00f5\u00f5ma raviks ja enneaegselt halliks muutumise korral. Luksuslik Lily ekstrakt muudab juuksed l\u00e4ikivaks ja s\u00fcgavniisutab juukseid.","og_url":"https:\/\/www.dermoscalp.ee\/product\/palmarosa-conditioner-250-ml\/","og_site_name":"DermoScalp","article_modified_time":"2026-03-30T10:49:15+00:00","og_image":[{"width":1362,"height":2048,"url":"https:\/\/www.dermoscalp.ee\/wp-content\/uploads\/2024\/04\/DSC3033.jpeg","type":"image\/jpeg"}],"twitter_card":"summary_large_image","twitter_misc":{"Est. reading time":"2 minutes"},"schema":{"@context":"https:\/\/schema.org","@graph":[{"@type":"WebPage","@id":"https:\/\/www.dermoscalp.ee\/product\/palmarosa-conditioner-250-ml\/","url":"https:\/\/www.dermoscalp.ee\/product\/palmarosa-conditioner-250-ml\/","name":"eriti niisutav sampoon lokkis juustele","isPartOf":{"@id":"https:\/\/dermoscalp.ee\/#website"},"primaryImageOfPage":{"@id":"https:\/\/www.dermoscalp.ee\/product\/palmarosa-conditioner-250-ml\/#primaryimage"},"image":{"@id":"https:\/\/www.dermoscalp.ee\/product\/palmarosa-conditioner-250-ml\/#primaryimage"},"thumbnailUrl":"https:\/\/dermoscalp.ee\/wp-content\/uploads\/2024\/04\/DSC3033.jpeg","datePublished":"2024-04-15T14:57:12+00:00","dateModified":"2026-03-30T10:49:15+00:00","breadcrumb":{"@id":"https:\/\/www.dermoscalp.ee\/product\/palmarosa-conditioner-250-ml\/#breadcrumb"},"inLanguage":"en-US","potentialAction":[{"@type":"ReadAction","target":["https:\/\/www.dermoscalp.ee\/product\/palmarosa-conditioner-250-ml\/"]}]},{"@type":"ImageObject","inLanguage":"en-US","@id":"https:\/\/www.dermoscalp.ee\/product\/palmarosa-conditioner-250-ml\/#primaryimage","url":"https:\/\/dermoscalp.ee\/wp-content\/uploads\/2024\/04\/DSC3033.jpeg","contentUrl":"https:\/\/dermoscalp.ee\/wp-content\/uploads\/2024\/04\/DSC3033.jpeg","width":1362,"height":2048},{"@type":"BreadcrumbList","@id":"https:\/\/www.dermoscalp.ee\/product\/palmarosa-conditioner-250-ml\/#breadcrumb","itemListElement":[{"@type":"ListItem","position":1,"name":"Home","item":"https:\/\/www.dermoscalp.ee\/"},{"@type":"ListItem","position":2,"name":"Pood","item":"https:\/\/dermoscalp.ee\/shop-2\/"},{"@type":"ListItem","position":3,"name":"Niisutav Palmarosa Conditioner 250 ml"}]},{"@type":"WebSite","@id":"https:\/\/dermoscalp.ee\/#website","url":"https:\/\/dermoscalp.ee\/","name":"DermoScalp","description":"Sinu peanaha heaks!","potentialAction":[{"@type":"SearchAction","target":{"@type":"EntryPoint","urlTemplate":"https:\/\/dermoscalp.ee\/?s={search_term_string}"},"query-input":{"@type":"PropertyValueSpecification","valueRequired":true,"valueName":"search_term_string"}}],"inLanguage":"en-US"}]}},"_links":{"self":[{"href":"https:\/\/dermoscalp.ee\/en\/wp-json\/wp\/v2\/product\/2312","targetHints":{"allow":["GET"]}}],"collection":[{"href":"https:\/\/dermoscalp.ee\/en\/wp-json\/wp\/v2\/product"}],"about":[{"href":"https:\/\/dermoscalp.ee\/en\/wp-json\/wp\/v2\/types\/product"}],"replies":[{"embeddable":true,"href":"https:\/\/dermoscalp.ee\/en\/wp-json\/wp\/v2\/comments?post=2312"}],"version-history":[{"count":5,"href":"https:\/\/dermoscalp.ee\/en\/wp-json\/wp\/v2\/product\/2312\/revisions"}],"predecessor-version":[{"id":2684,"href":"https:\/\/dermoscalp.ee\/en\/wp-json\/wp\/v2\/product\/2312\/revisions\/2684"}],"wp:featuredmedia":[{"embeddable":true,"href":"https:\/\/dermoscalp.ee\/en\/wp-json\/wp\/v2\/media\/2381"}],"wp:attachment":[{"href":"https:\/\/dermoscalp.ee\/en\/wp-json\/wp\/v2\/media?parent=2312"}],"wp:term":[{"taxonomy":"product_brand","embeddable":true,"href":"https:\/\/dermoscalp.ee\/en\/wp-json\/wp\/v2\/product_brand?post=2312"},{"taxonomy":"product_cat","embeddable":true,"href":"https:\/\/dermoscalp.ee\/en\/wp-json\/wp\/v2\/product_cat?post=2312"},{"taxonomy":"product_tag","embeddable":true,"href":"https:\/\/dermoscalp.ee\/en\/wp-json\/wp\/v2\/product_tag?post=2312"}],"curies":[{"name":"wp","href":"https:\/\/api.w.org\/{rel}","templated":true}]}}