{"id":2410,"date":"2024-05-29T18:52:40","date_gmt":"2024-05-29T18:52:40","guid":{"rendered":"https:\/\/dermoscalp.ee\/?post_type=product&#038;p=2410"},"modified":"2026-01-05T09:36:17","modified_gmt":"2026-01-05T09:36:17","slug":"uus-ds-magic-balm","status":"publish","type":"product","link":"https:\/\/dermoscalp.ee\/en\/product\/uus-ds-magic-balm\/","title":{"rendered":"NEW! DS Magic Balm"},"content":{"rendered":"<p><strong>How to use?<\/strong><\/p>\n<p>Apply the balm to dry and clean skin. Use the balm on lips, face, cuticles, dry areas, to moisturize eyebrows, for faster healing of abrasions, and to relieve mosquito and insect bites! Gently massage the skin to allow the ingredients to fully absorb. Use as needed. Our balm is very economical because, thanks to the rich blend of various luxurious oils, it is very nourishing and moisturizing, so you don\u2019t need to use much to see results! If used in large quantities, the balm may leave an oily residue. Use carefully!<\/p>\n<p><strong>What is DS Magic Balm good for?<\/strong><\/p>\n<p>DermoScalp Magic Balm is ideal for use during the summer season, especially for insect bites, as it quickly reduces swelling and itching. It promotes the rapid healing of abrasions and wounds and reduces scarring. The itching decreases, and you won\u2019t scratch the irritated area open. The balm is perfect for daily use because it is deeply moisturizing and soothing to the skin. DS Magic Balm is safe for use even on the youngest family members, as it is suitable for the most sensitive skin. Use as often as you like. Since the balm is 100% natural and made from high-quality oils and extracts, it is also safe in water and won\u2019t wash off while swimming.<\/p>\n<p><strong>Why choose DermoScalp Magic Balm?<\/strong><\/p>\n<p>DermoScalp Magic Balm is 100% natural. It contains no chemicals or synthetic additives. Suitable for the whole family and various skin problems. During the current summer season, the balm is especially useful as it provides quick and effective relief for insect bites and other irritations.<\/p>\n<p>DermoScalp Magic Balm ingredients: Shea butter, Camellia oil, Argan oil, Castor oil, Marigold oil, Babassu oil, Vegan collagen<\/p>","protected":false},"excerpt":{"rendered":"<p><span style=\"font-size: 16px; -webkit-text-size-adjust: 100%;\">DermoScalp Magic Balm is a 100% natural balm that contains rich and nourishing oils. It does not contain any fragrances or colorants! It is perfect for both adults and young children, providing relief and care for various skin problems. Based on our experience, this balm effectively helps with swelling from insect bites, offering quick and effective relief. <\/span>DermoScalp Magic Balm is suitable for all skin types, unless you are allergic to any of its ingredients. It can be used on sensitive, dry, flaky, red, or damaged skin. Shea butter is rich in vitamins and fatty acids, which help deeply moisturize and soften the skin. It also speeds up wound healing and reduces scarring. Camellia oil is enriched with antioxidants, absorbs quickly into the skin, and helps repair skin damage and fight free radicals. Argan oil is rich in vitamin E and antioxidants, deeply moisturizing the skin and helping to reduce signs of aging. Castor oil has antimicrobial and anti-inflammatory properties and helps remove dirt and oil from clogged pores. The ricinoleic acid in it helps inhibit bacterial growth, thus combating various skin infections. It is rich in various fatty acids that effectively smooth and soften the skin and promote the growth of healthy skin tissues, helping to restore uneven skin tone. Marigold oil helps soothe irritated skin and relieve inflammation, itching, and redness. Babassu oil is enriched with antioxidants that help reduce cell damage caused by harmful free radicals. Additionally, it is antibacterial and contains lauric acid, which helps soothe inflamed and irritated skin. This oil is lightweight and does not leave the skin greasy, making it suitable for oily skin types as well. Vegan collagen helps ensure skin elasticity, health, and strength.<\/p>","protected":false},"featured_media":2427,"comment_status":"open","ping_status":"closed","template":"","meta":{"site-sidebar-layout":"default","site-content-layout":"","ast-site-content-layout":"default","site-content-style":"default","site-sidebar-style":"default","ast-global-header-display":"","ast-banner-title-visibility":"","ast-main-header-display":"","ast-hfb-above-header-display":"","ast-hfb-below-header-display":"","ast-hfb-mobile-header-display":"","site-post-title":"","ast-breadcrumbs-content":"","ast-featured-img":"","footer-sml-layout":"","theme-transparent-header-meta":"default","adv-header-id-meta":"","stick-header-meta":"","header-above-stick-meta":"","header-main-stick-meta":"","header-below-stick-meta":"","astra-migrate-meta-layouts":"set","ast-page-background-enabled":"default","ast-page-background-meta":{"desktop":{"background-color":"var(--ast-global-color-4)","background-image":"","background-repeat":"repeat","background-position":"center center","background-size":"auto","background-attachment":"scroll","background-type":"","background-media":"","overlay-type":"","overlay-color":"","overlay-gradient":""},"tablet":{"background-color":"","background-image":"","background-repeat":"repeat","background-position":"center center","background-size":"auto","background-attachment":"scroll","background-type":"","background-media":"","overlay-type":"","overlay-color":"","overlay-gradient":""},"mobile":{"background-color":"","background-image":"","background-repeat":"repeat","background-position":"center center","background-size":"auto","background-attachment":"scroll","background-type":"","background-media":"","overlay-type":"","overlay-color":"","overlay-gradient":""}},"ast-content-background-meta":{"desktop":{"background-color":"var(--ast-global-color-5)","background-image":"","background-repeat":"repeat","background-position":"center center","background-size":"auto","background-attachment":"scroll","background-type":"","background-media":"","overlay-type":"","overlay-color":"","overlay-gradient":""},"tablet":{"background-color":"var(--ast-global-color-5)","background-image":"","background-repeat":"repeat","background-position":"center center","background-size":"auto","background-attachment":"scroll","background-type":"","background-media":"","overlay-type":"","overlay-color":"","overlay-gradient":""},"mobile":{"background-color":"var(--ast-global-color-5)","background-image":"","background-repeat":"repeat","background-position":"center center","background-size":"auto","background-attachment":"scroll","background-type":"","background-media":"","overlay-type":"","overlay-color":"","overlay-gradient":""}}},"product_brand":[],"product_cat":[154],"product_tag":[],"class_list":{"0":"post-2410","1":"product","2":"type-product","3":"status-publish","4":"has-post-thumbnail","6":"product_cat-salv","7":"desktop-align-left","8":"tablet-align-left","9":"mobile-align-left","11":"first","12":"instock","13":"sale","14":"taxable","15":"shipping-taxable","16":"purchasable","17":"product-type-simple"},"yoast_head":"<!-- This site is optimized with the Yoast SEO plugin v24.1 - https:\/\/yoast.com\/wordpress\/plugins\/seo\/ -->\n<title>salv lastele<\/title>\n<meta name=\"robots\" content=\"index, follow, max-snippet:-1, max-image-preview:large, max-video-preview:-1\" \/>\n<link rel=\"canonical\" href=\"https:\/\/www.dermoscalp.ee\/product\/uus-ds-magic-balm\/\" \/>\n<meta property=\"og:locale\" content=\"en_US\" \/>\n<meta property=\"og:type\" content=\"article\" \/>\n<meta property=\"og:title\" content=\"salv lastele\" \/>\n<meta property=\"og:description\" content=\"DermoScalp Magic Balm on 100% looduslik salv, mis sisaldab rikkalikke ja toitvaid \u00f5lisid. Ei sisalda l\u00f5hna- ega v\u00e4rvaineid! See sobib suurep\u00e4raselt nii t\u00e4iskasvanutele kui ka v\u00e4ikelastele, pakkudes leevendust ja hoolitsust mitmesuguste nahaprobleemide korral. Meie kogemuste p\u00f5hjal aitab see salv t\u00f5husalt putukahammustuste paistetuse vastu, pakkudes kiiret ja t\u00f5husat leevendust. DermoScalp Magic Balm sobib igale nahat\u00fc\u00fcbile, kui just ei ole m\u00f5ne koostisosa vastu allergiat. Seda v\u00f5ib kasutada nii tundlikul, kuival, ketendaval, punetaval, kahjustatud nahal. Shea v\u00f5i sisaldab rikkalikult vitamiine ja rasvhappeid, mis aitavad s\u00fcgavalt niisutada ja pehmendada nahka. Samuti kiirendab see haavade paranemist ning v\u00e4hendab armistumist. Camellia \u00f5li on rikastatud antioks\u00fcdantidega, imendub naha sisse kiiresti ja aitab parandada nahakahjustusi ning v\u00f5idelda vabade radikaalide vastu. Argaania\u00f5li on rikas E-vitamiini ja antioks\u00fcdantide poolest ning s\u00fcgavniisutab nahka ja aitab v\u00e4hendada naha vananemism\u00e4rke. Riitsinus\u00f5lil on antimikroobsed ja p\u00f5letikuvastased omadused ning aitab eemaldada mustust ja \u00f5li ummistunud pooridest. Selles sisalduv ritsionoolhape aitab takistada bakterite kasvu, v\u00f5ideldes seega erinevate nahainfektsioonidega. See on rikas erinevate rasvhapete poolest, mis aitavad t\u00f5husalt nahka siluda ja pehmendada ning soodustavad tervisliku naha kudede kasvu, aidates taastada eba\u00fchtlast nahatooni. Marigold \u00f5li aitab rahustada \u00e4rritunud nahka ja aitab leevendada p\u00f5letikke, s\u00fcgelust ning punetust. Babassu \u00f5li on rikastatud antioks\u00fcdantidega, mis aitavad v\u00e4hendada kahjulike vabade radikaalide poolt p\u00f5hjustatud rakkude kahjustusi. Lisaks on see ka antibakteriaalne\u00a0 ja sisaldab lauriinhapet, mis aitab seega rahustada p\u00f5letikulist ja \u00e4rritunud nahka. See \u00f5li on kerge ega j\u00e4ta nahka rasuseks, sobides seega ka rasusele nahat\u00fc\u00fcbile. Vegan kollageen aitab tagada naha elastsuse, tervislikkuse ja tugevuse.\" \/>\n<meta property=\"og:url\" content=\"https:\/\/www.dermoscalp.ee\/product\/uus-ds-magic-balm\/\" \/>\n<meta property=\"og:site_name\" content=\"DermoScalp\" \/>\n<meta property=\"article:modified_time\" content=\"2026-01-05T09:36:17+00:00\" \/>\n<meta property=\"og:image\" content=\"https:\/\/dermoscalp.ee\/wp-content\/uploads\/2024\/05\/IMG_0019-scaled.jpeg\" \/>\n\t<meta property=\"og:image:width\" content=\"1920\" \/>\n\t<meta property=\"og:image:height\" content=\"2560\" \/>\n\t<meta property=\"og:image:type\" content=\"image\/jpeg\" \/>\n<meta name=\"twitter:card\" content=\"summary_large_image\" \/>\n<meta name=\"twitter:label1\" content=\"Est. reading time\" \/>\n\t<meta name=\"twitter:data1\" content=\"2 minutes\" \/>\n<script type=\"application\/ld+json\" class=\"yoast-schema-graph\">{\"@context\":\"https:\/\/schema.org\",\"@graph\":[{\"@type\":\"WebPage\",\"@id\":\"https:\/\/www.dermoscalp.ee\/product\/uus-ds-magic-balm\/\",\"url\":\"https:\/\/www.dermoscalp.ee\/product\/uus-ds-magic-balm\/\",\"name\":\"salv lastele\",\"isPartOf\":{\"@id\":\"https:\/\/dermoscalp.ee\/#website\"},\"primaryImageOfPage\":{\"@id\":\"https:\/\/www.dermoscalp.ee\/product\/uus-ds-magic-balm\/#primaryimage\"},\"image\":{\"@id\":\"https:\/\/www.dermoscalp.ee\/product\/uus-ds-magic-balm\/#primaryimage\"},\"thumbnailUrl\":\"https:\/\/www.dermoscalp.ee\/wp-content\/uploads\/2024\/05\/IMG_0019-scaled.jpeg\",\"datePublished\":\"2024-05-29T18:52:40+00:00\",\"dateModified\":\"2026-01-05T09:36:17+00:00\",\"breadcrumb\":{\"@id\":\"https:\/\/www.dermoscalp.ee\/product\/uus-ds-magic-balm\/#breadcrumb\"},\"inLanguage\":\"en-US\",\"potentialAction\":[{\"@type\":\"ReadAction\",\"target\":[\"https:\/\/www.dermoscalp.ee\/product\/uus-ds-magic-balm\/\"]}]},{\"@type\":\"ImageObject\",\"inLanguage\":\"en-US\",\"@id\":\"https:\/\/www.dermoscalp.ee\/product\/uus-ds-magic-balm\/#primaryimage\",\"url\":\"https:\/\/www.dermoscalp.ee\/wp-content\/uploads\/2024\/05\/IMG_0019-scaled.jpeg\",\"contentUrl\":\"https:\/\/www.dermoscalp.ee\/wp-content\/uploads\/2024\/05\/IMG_0019-scaled.jpeg\",\"width\":1920,\"height\":2560},{\"@type\":\"BreadcrumbList\",\"@id\":\"https:\/\/www.dermoscalp.ee\/product\/uus-ds-magic-balm\/#breadcrumb\",\"itemListElement\":[{\"@type\":\"ListItem\",\"position\":1,\"name\":\"Home\",\"item\":\"https:\/\/www.dermoscalp.ee\/\"},{\"@type\":\"ListItem\",\"position\":2,\"name\":\"Pood\",\"item\":\"https:\/\/dermoscalp.ee\/shop-2\/\"},{\"@type\":\"ListItem\",\"position\":3,\"name\":\"UUS! DS Magic Balm\"}]},{\"@type\":\"WebSite\",\"@id\":\"https:\/\/dermoscalp.ee\/#website\",\"url\":\"https:\/\/dermoscalp.ee\/\",\"name\":\"DermoScalp\",\"description\":\"Sinu peanaha heaks!\",\"potentialAction\":[{\"@type\":\"SearchAction\",\"target\":{\"@type\":\"EntryPoint\",\"urlTemplate\":\"https:\/\/dermoscalp.ee\/?s={search_term_string}\"},\"query-input\":{\"@type\":\"PropertyValueSpecification\",\"valueRequired\":true,\"valueName\":\"search_term_string\"}}],\"inLanguage\":\"en-US\"}]}<\/script>\n<!-- \/ Yoast SEO plugin. -->","yoast_head_json":{"title":"salv lastele","robots":{"index":"index","follow":"follow","max-snippet":"max-snippet:-1","max-image-preview":"max-image-preview:large","max-video-preview":"max-video-preview:-1"},"canonical":"https:\/\/www.dermoscalp.ee\/product\/uus-ds-magic-balm\/","og_locale":"en_US","og_type":"article","og_title":"salv lastele","og_description":"DermoScalp Magic Balm on 100% looduslik salv, mis sisaldab rikkalikke ja toitvaid \u00f5lisid. Ei sisalda l\u00f5hna- ega v\u00e4rvaineid! See sobib suurep\u00e4raselt nii t\u00e4iskasvanutele kui ka v\u00e4ikelastele, pakkudes leevendust ja hoolitsust mitmesuguste nahaprobleemide korral. Meie kogemuste p\u00f5hjal aitab see salv t\u00f5husalt putukahammustuste paistetuse vastu, pakkudes kiiret ja t\u00f5husat leevendust. DermoScalp Magic Balm sobib igale nahat\u00fc\u00fcbile, kui just ei ole m\u00f5ne koostisosa vastu allergiat. Seda v\u00f5ib kasutada nii tundlikul, kuival, ketendaval, punetaval, kahjustatud nahal. Shea v\u00f5i sisaldab rikkalikult vitamiine ja rasvhappeid, mis aitavad s\u00fcgavalt niisutada ja pehmendada nahka. Samuti kiirendab see haavade paranemist ning v\u00e4hendab armistumist. Camellia \u00f5li on rikastatud antioks\u00fcdantidega, imendub naha sisse kiiresti ja aitab parandada nahakahjustusi ning v\u00f5idelda vabade radikaalide vastu. Argaania\u00f5li on rikas E-vitamiini ja antioks\u00fcdantide poolest ning s\u00fcgavniisutab nahka ja aitab v\u00e4hendada naha vananemism\u00e4rke. Riitsinus\u00f5lil on antimikroobsed ja p\u00f5letikuvastased omadused ning aitab eemaldada mustust ja \u00f5li ummistunud pooridest. Selles sisalduv ritsionoolhape aitab takistada bakterite kasvu, v\u00f5ideldes seega erinevate nahainfektsioonidega. See on rikas erinevate rasvhapete poolest, mis aitavad t\u00f5husalt nahka siluda ja pehmendada ning soodustavad tervisliku naha kudede kasvu, aidates taastada eba\u00fchtlast nahatooni. Marigold \u00f5li aitab rahustada \u00e4rritunud nahka ja aitab leevendada p\u00f5letikke, s\u00fcgelust ning punetust. Babassu \u00f5li on rikastatud antioks\u00fcdantidega, mis aitavad v\u00e4hendada kahjulike vabade radikaalide poolt p\u00f5hjustatud rakkude kahjustusi. Lisaks on see ka antibakteriaalne\u00a0 ja sisaldab lauriinhapet, mis aitab seega rahustada p\u00f5letikulist ja \u00e4rritunud nahka. See \u00f5li on kerge ega j\u00e4ta nahka rasuseks, sobides seega ka rasusele nahat\u00fc\u00fcbile. Vegan kollageen aitab tagada naha elastsuse, tervislikkuse ja tugevuse.","og_url":"https:\/\/www.dermoscalp.ee\/product\/uus-ds-magic-balm\/","og_site_name":"DermoScalp","article_modified_time":"2026-01-05T09:36:17+00:00","og_image":[{"width":1920,"height":2560,"url":"https:\/\/dermoscalp.ee\/wp-content\/uploads\/2024\/05\/IMG_0019-scaled.jpeg","type":"image\/jpeg"}],"twitter_card":"summary_large_image","twitter_misc":{"Est. reading time":"2 minutes"},"schema":{"@context":"https:\/\/schema.org","@graph":[{"@type":"WebPage","@id":"https:\/\/www.dermoscalp.ee\/product\/uus-ds-magic-balm\/","url":"https:\/\/www.dermoscalp.ee\/product\/uus-ds-magic-balm\/","name":"salv lastele","isPartOf":{"@id":"https:\/\/dermoscalp.ee\/#website"},"primaryImageOfPage":{"@id":"https:\/\/www.dermoscalp.ee\/product\/uus-ds-magic-balm\/#primaryimage"},"image":{"@id":"https:\/\/www.dermoscalp.ee\/product\/uus-ds-magic-balm\/#primaryimage"},"thumbnailUrl":"https:\/\/www.dermoscalp.ee\/wp-content\/uploads\/2024\/05\/IMG_0019-scaled.jpeg","datePublished":"2024-05-29T18:52:40+00:00","dateModified":"2026-01-05T09:36:17+00:00","breadcrumb":{"@id":"https:\/\/www.dermoscalp.ee\/product\/uus-ds-magic-balm\/#breadcrumb"},"inLanguage":"en-US","potentialAction":[{"@type":"ReadAction","target":["https:\/\/www.dermoscalp.ee\/product\/uus-ds-magic-balm\/"]}]},{"@type":"ImageObject","inLanguage":"en-US","@id":"https:\/\/www.dermoscalp.ee\/product\/uus-ds-magic-balm\/#primaryimage","url":"https:\/\/www.dermoscalp.ee\/wp-content\/uploads\/2024\/05\/IMG_0019-scaled.jpeg","contentUrl":"https:\/\/www.dermoscalp.ee\/wp-content\/uploads\/2024\/05\/IMG_0019-scaled.jpeg","width":1920,"height":2560},{"@type":"BreadcrumbList","@id":"https:\/\/www.dermoscalp.ee\/product\/uus-ds-magic-balm\/#breadcrumb","itemListElement":[{"@type":"ListItem","position":1,"name":"Home","item":"https:\/\/www.dermoscalp.ee\/"},{"@type":"ListItem","position":2,"name":"Pood","item":"https:\/\/dermoscalp.ee\/shop-2\/"},{"@type":"ListItem","position":3,"name":"UUS! DS Magic Balm"}]},{"@type":"WebSite","@id":"https:\/\/dermoscalp.ee\/#website","url":"https:\/\/dermoscalp.ee\/","name":"DermoScalp","description":"Sinu peanaha heaks!","potentialAction":[{"@type":"SearchAction","target":{"@type":"EntryPoint","urlTemplate":"https:\/\/dermoscalp.ee\/?s={search_term_string}"},"query-input":{"@type":"PropertyValueSpecification","valueRequired":true,"valueName":"search_term_string"}}],"inLanguage":"en-US"}]}},"_links":{"self":[{"href":"https:\/\/dermoscalp.ee\/en\/wp-json\/wp\/v2\/product\/2410","targetHints":{"allow":["GET"]}}],"collection":[{"href":"https:\/\/dermoscalp.ee\/en\/wp-json\/wp\/v2\/product"}],"about":[{"href":"https:\/\/dermoscalp.ee\/en\/wp-json\/wp\/v2\/types\/product"}],"replies":[{"embeddable":true,"href":"https:\/\/dermoscalp.ee\/en\/wp-json\/wp\/v2\/comments?post=2410"}],"version-history":[{"count":5,"href":"https:\/\/dermoscalp.ee\/en\/wp-json\/wp\/v2\/product\/2410\/revisions"}],"predecessor-version":[{"id":2428,"href":"https:\/\/dermoscalp.ee\/en\/wp-json\/wp\/v2\/product\/2410\/revisions\/2428"}],"wp:featuredmedia":[{"embeddable":true,"href":"https:\/\/dermoscalp.ee\/en\/wp-json\/wp\/v2\/media\/2427"}],"wp:attachment":[{"href":"https:\/\/dermoscalp.ee\/en\/wp-json\/wp\/v2\/media?parent=2410"}],"wp:term":[{"taxonomy":"product_brand","embeddable":true,"href":"https:\/\/dermoscalp.ee\/en\/wp-json\/wp\/v2\/product_brand?post=2410"},{"taxonomy":"product_cat","embeddable":true,"href":"https:\/\/dermoscalp.ee\/en\/wp-json\/wp\/v2\/product_cat?post=2410"},{"taxonomy":"product_tag","embeddable":true,"href":"https:\/\/dermoscalp.ee\/en\/wp-json\/wp\/v2\/product_tag?post=2410"}],"curies":[{"name":"wp","href":"https:\/\/api.w.org\/{rel}","templated":true}]}}