{"id":2572,"date":"2024-07-30T07:27:22","date_gmt":"2024-07-30T07:27:22","guid":{"rendered":"https:\/\/dermoscalp.ee\/?post_type=product&#038;p=2572"},"modified":"2026-01-13T09:28:26","modified_gmt":"2026-01-13T09:28:26","slug":"vanilla-shampoo-250-ml","status":"publish","type":"product","link":"https:\/\/dermoscalp.ee\/en\/product\/vanilla-shampoo-250-ml\/","title":{"rendered":"Vanilla niisutav Shampoo 250 ml"},"content":{"rendered":"<p><em><br \/>\n<\/em><strong>How to use?<\/strong> Use a small amount of shampoo on wet hair, gently massage the scalp, and massage for about a minute to stimulate blood circulation for hair growth. Rinse well and wash twice if necessary, especially if you have styling products, dry shampoo, hairspray, or DermoScalp scalp oil treatment in your hair. Use as often as needed; this shampoo is super moisturizing for hair and scalp. DermoScalp Vanilla shampoo has a pleasantly sweet scent and a calming effect. It is ideal for those who find the scent of Palmarosa or Rosemary too strong. <span style=\"font-size: 16px; font-family: Georgia, 'Times New Roman', 'Bitstream Charter', Times, serif; -webkit-text-size-adjust: 100%;\">After washing, use DermoScalp conditioner for the best results.<\/span><\/p>\n<p>After opening, use the product within 12 months!<\/p>\n<p>DermoScalp Vanilla Shampoo 250ml 26\u20ac<\/p>\n<p>Made in Estonia<\/p>\n<p>DermoScalp Vanilla Shampoo 250 ml ingredients: Aqua, Aloe Barbadensis Leaf Juice, Arnica oil, Argan oil, Coconut oil, Daisy extract, Decyl glucoside, Koiki extract, Lauryl glucoside, Lilly extract, Marigold extract, Marula oil, Xantham gum, Panthenol, Passion, Potassium sorbate, Sodium benzoate, Citric acid, Vege collagen, Vege keratin, Hair Bond<\/p>","protected":false},"excerpt":{"rendered":"<p>DermoScalp\u2122\ufe0f Vanilla Shampoo with coconut, lily, marula, daisy, passionflower, arnica, vegan collagen and keratin, panthenol, argan oil, marigold, koiki, and hair bond. A super moisturizing shampoo for your hair and scalp. Our daily shampoo is made with love for your scalp and hair. Keep your scalp and hair ultra-moisturized, clean, and happy. Your hair will grow faster thanks to the blend of natural luxurious oils. Marula oil is rich in antioxidants and helps to moisturize and soften the scalp. It is very beneficial for damaged and dry hair, restoring the vitality of your hair. Panthenol, also known as provitamin B5, is super moisturizing for the hair. It strengthens the hair from within and helps to make it smoother. Vegan collagen and vegan keratin are excellent ingredients for strengthening hair and improving its overall condition. Marigold and daisy extract also soothe irritated scalp and strengthen and improve the hair. Hair bond helps prevent hair breakage, adds shine to the hair, helps strengthen it, improves hair texture, and smooths it.\u00a0<span class=\"Y2IQFc\" lang=\"et\">Argan oil moisturizes and softens hair, containing many antioxidants, essential fatty acids, and vitamin E. Arnica oil is best for treating hair loss, dandruff, and premature graying. Coconut oil penetrates deep into the hair, improves scalp health, moisturizes, and adds shine. The vitamin B2 and vitamin B6 in passionflower help stimulate scalp circulation, which helps hair grow faster. <\/span>Luxurious lily extract makes hair shiny and deeply moisturizes it. <span style=\"font-size: 16px; -webkit-text-size-adjust: 100%;\">The ingredients of the Vanilla Shampoo are carefully selected to provide your hair with maximum and balanced care for healthy and strong hair!<\/span><\/p>","protected":false},"featured_media":2600,"comment_status":"open","ping_status":"closed","template":"","meta":{"site-sidebar-layout":"default","site-content-layout":"","ast-site-content-layout":"default","site-content-style":"default","site-sidebar-style":"default","ast-global-header-display":"","ast-banner-title-visibility":"","ast-main-header-display":"","ast-hfb-above-header-display":"","ast-hfb-below-header-display":"","ast-hfb-mobile-header-display":"","site-post-title":"","ast-breadcrumbs-content":"","ast-featured-img":"","footer-sml-layout":"","theme-transparent-header-meta":"default","adv-header-id-meta":"","stick-header-meta":"","header-above-stick-meta":"","header-main-stick-meta":"","header-below-stick-meta":"","astra-migrate-meta-layouts":"set","ast-page-background-enabled":"default","ast-page-background-meta":{"desktop":{"background-color":"var(--ast-global-color-4)","background-image":"","background-repeat":"repeat","background-position":"center center","background-size":"auto","background-attachment":"scroll","background-type":"","background-media":"","overlay-type":"","overlay-color":"","overlay-gradient":""},"tablet":{"background-color":"","background-image":"","background-repeat":"repeat","background-position":"center center","background-size":"auto","background-attachment":"scroll","background-type":"","background-media":"","overlay-type":"","overlay-color":"","overlay-gradient":""},"mobile":{"background-color":"","background-image":"","background-repeat":"repeat","background-position":"center center","background-size":"auto","background-attachment":"scroll","background-type":"","background-media":"","overlay-type":"","overlay-color":"","overlay-gradient":""}},"ast-content-background-meta":{"desktop":{"background-color":"var(--ast-global-color-5)","background-image":"","background-repeat":"repeat","background-position":"center center","background-size":"auto","background-attachment":"scroll","background-type":"","background-media":"","overlay-type":"","overlay-color":"","overlay-gradient":""},"tablet":{"background-color":"var(--ast-global-color-5)","background-image":"","background-repeat":"repeat","background-position":"center center","background-size":"auto","background-attachment":"scroll","background-type":"","background-media":"","overlay-type":"","overlay-color":"","overlay-gradient":""},"mobile":{"background-color":"var(--ast-global-color-5)","background-image":"","background-repeat":"repeat","background-position":"center center","background-size":"auto","background-attachment":"scroll","background-type":"","background-media":"","overlay-type":"","overlay-color":"","overlay-gradient":""}}},"product_brand":[],"product_cat":[152],"product_tag":[],"class_list":{"0":"post-2572","1":"product","2":"type-product","3":"status-publish","4":"has-post-thumbnail","6":"product_cat-sampoon","7":"desktop-align-left","8":"tablet-align-left","9":"mobile-align-left","11":"first","12":"instock","13":"featured","14":"taxable","15":"shipping-taxable","16":"purchasable","17":"product-type-simple"},"yoast_head":"<!-- This site is optimized with the Yoast SEO plugin v24.1 - https:\/\/yoast.com\/wordpress\/plugins\/seo\/ -->\n<title>k\u00f5ige niisutavam sampoon lokkis juustele kahustele juustele super niisutav sampoon toodetud eestis<\/title>\n<meta name=\"robots\" content=\"index, follow, max-snippet:-1, max-image-preview:large, max-video-preview:-1\" \/>\n<link rel=\"canonical\" href=\"https:\/\/www.dermoscalp.ee\/product\/vanilla-shampoo-250-ml\/\" \/>\n<meta property=\"og:locale\" content=\"en_US\" \/>\n<meta property=\"og:type\" content=\"article\" \/>\n<meta property=\"og:title\" content=\"k\u00f5ige niisutavam sampoon lokkis juustele kahustele juustele super niisutav sampoon toodetud eestis\" \/>\n<meta property=\"og:description\" content=\"DermoScalp\u2122\ufe0f Vanilla \u0161ampoon kookose, Lilly, Marula, Daisy, Passioni, Arnica, Vege kollageeni ja keratiiniga, Panthenoli, Argaania\u00f5li, Marigold, Koiki ja Hair Bondiga. Super niisutav \u0161ampoon Teie juustele ja peanahale. Meie igap\u00e4evane \u0161ampoon on valmistatud armastusega Teie peanahale ja juustele. Hoidke oma peanahk ja juuksed \u00fcliniisutatud, puhtad ja r\u00f5\u00f5msad. Juuksed kasvavad kiiremini t\u00e4nu looduslike luksuslike \u00f5lide segule. Marula\u00f5li on rikkalik antioks\u00fcdantide poolest ja aitab niisutada ning pehmendada peanahka. See on v\u00e4ga kasulik kahjustatud ja kuivadele juustele, taastades juuste eluj\u00f5u. Panthenool ehk provitamiin B5 on superniisutav juustele. See tugevdab juukseid ka seestpoolt ja aitab muuta need siledamaks. Vege kollageen ja vege keratiin on suurep\u00e4rased koostisosad juuste tugevdamisel ja nende \u00fcldseisundi parandamisel. Marigold ja Daisy ekstrakt rahustab samuti \u00e4rritunud peanahka ja tugevdab ning parandab juukseid. Hair bond aitab juuste katkemise vastu, annab juustele s\u00e4ra, aitab neid tugevdada, parandab juuste tekstuuri ja silendab neid.\u00a0Argaania\u00f5li niisutab ja pehmendab juukseid, sisaldades palju antioks\u00fcdante, asendamatuid rasvhappeid ja E-vitamiini. Arnika\u00f5li on parim juuste v\u00e4ljalangemise, k\u00f5\u00f5ma raviks, enneaegselt halliks muutumise korral. Kookos\u00f5li tungib s\u00fcgavale juustesse, parandab peanaha tervist, niisutab ja lisab s\u00e4ra. Passionis sisalduvad vitamiin B2 ja vitamiin B6 aitavad ergutada peanaha vereringet ehk aitab juukseid kiiremini kasvatada. Luksuslik Lily ekstrakt muudab juuksed l\u00e4ikivaks ja s\u00fcgavniisutab juukseid. Vanilla \u0161ampooni koostisosad on hoolikalt valitud, et pakkuda Teie juustele maksimaalset ja tasakaalustatud juuksehooldust tervete ja tugevate juuste nimel!\" \/>\n<meta property=\"og:url\" content=\"https:\/\/www.dermoscalp.ee\/product\/vanilla-shampoo-250-ml\/\" \/>\n<meta property=\"og:site_name\" content=\"DermoScalp\" \/>\n<meta property=\"article:modified_time\" content=\"2026-01-13T09:28:26+00:00\" \/>\n<meta property=\"og:image\" content=\"https:\/\/www.dermoscalp.ee\/wp-content\/uploads\/2024\/07\/DSC6940-2.jpg\" \/>\n\t<meta property=\"og:image:width\" content=\"1362\" \/>\n\t<meta property=\"og:image:height\" content=\"2048\" \/>\n\t<meta property=\"og:image:type\" content=\"image\/jpeg\" \/>\n<meta name=\"twitter:card\" content=\"summary_large_image\" \/>\n<meta name=\"twitter:label1\" content=\"Est. reading time\" \/>\n\t<meta name=\"twitter:data1\" content=\"2 minutes\" \/>\n<script type=\"application\/ld+json\" class=\"yoast-schema-graph\">{\"@context\":\"https:\/\/schema.org\",\"@graph\":[{\"@type\":\"WebPage\",\"@id\":\"https:\/\/www.dermoscalp.ee\/product\/vanilla-shampoo-250-ml\/\",\"url\":\"https:\/\/www.dermoscalp.ee\/product\/vanilla-shampoo-250-ml\/\",\"name\":\"k\u00f5ige niisutavam sampoon lokkis juustele kahustele juustele super niisutav sampoon toodetud eestis\",\"isPartOf\":{\"@id\":\"https:\/\/dermoscalp.ee\/#website\"},\"primaryImageOfPage\":{\"@id\":\"https:\/\/www.dermoscalp.ee\/product\/vanilla-shampoo-250-ml\/#primaryimage\"},\"image\":{\"@id\":\"https:\/\/www.dermoscalp.ee\/product\/vanilla-shampoo-250-ml\/#primaryimage\"},\"thumbnailUrl\":\"https:\/\/dermoscalp.ee\/wp-content\/uploads\/2024\/07\/DSC6940-2.jpg\",\"datePublished\":\"2024-07-30T07:27:22+00:00\",\"dateModified\":\"2026-01-13T09:28:26+00:00\",\"breadcrumb\":{\"@id\":\"https:\/\/www.dermoscalp.ee\/product\/vanilla-shampoo-250-ml\/#breadcrumb\"},\"inLanguage\":\"en-US\",\"potentialAction\":[{\"@type\":\"ReadAction\",\"target\":[\"https:\/\/www.dermoscalp.ee\/product\/vanilla-shampoo-250-ml\/\"]}]},{\"@type\":\"ImageObject\",\"inLanguage\":\"en-US\",\"@id\":\"https:\/\/www.dermoscalp.ee\/product\/vanilla-shampoo-250-ml\/#primaryimage\",\"url\":\"https:\/\/dermoscalp.ee\/wp-content\/uploads\/2024\/07\/DSC6940-2.jpg\",\"contentUrl\":\"https:\/\/dermoscalp.ee\/wp-content\/uploads\/2024\/07\/DSC6940-2.jpg\",\"width\":1362,\"height\":2048},{\"@type\":\"BreadcrumbList\",\"@id\":\"https:\/\/www.dermoscalp.ee\/product\/vanilla-shampoo-250-ml\/#breadcrumb\",\"itemListElement\":[{\"@type\":\"ListItem\",\"position\":1,\"name\":\"Home\",\"item\":\"https:\/\/www.dermoscalp.ee\/\"},{\"@type\":\"ListItem\",\"position\":2,\"name\":\"Pood\",\"item\":\"https:\/\/dermoscalp.ee\/shop-2\/\"},{\"@type\":\"ListItem\",\"position\":3,\"name\":\"Vanilla niisutav Shampoo 250 ml\"}]},{\"@type\":\"WebSite\",\"@id\":\"https:\/\/dermoscalp.ee\/#website\",\"url\":\"https:\/\/dermoscalp.ee\/\",\"name\":\"DermoScalp\",\"description\":\"Sinu peanaha heaks!\",\"potentialAction\":[{\"@type\":\"SearchAction\",\"target\":{\"@type\":\"EntryPoint\",\"urlTemplate\":\"https:\/\/dermoscalp.ee\/?s={search_term_string}\"},\"query-input\":{\"@type\":\"PropertyValueSpecification\",\"valueRequired\":true,\"valueName\":\"search_term_string\"}}],\"inLanguage\":\"en-US\"}]}<\/script>\n<!-- \/ Yoast SEO plugin. -->","yoast_head_json":{"title":"k\u00f5ige niisutavam sampoon lokkis juustele kahustele juustele super niisutav sampoon toodetud eestis","robots":{"index":"index","follow":"follow","max-snippet":"max-snippet:-1","max-image-preview":"max-image-preview:large","max-video-preview":"max-video-preview:-1"},"canonical":"https:\/\/www.dermoscalp.ee\/product\/vanilla-shampoo-250-ml\/","og_locale":"en_US","og_type":"article","og_title":"k\u00f5ige niisutavam sampoon lokkis juustele kahustele juustele super niisutav sampoon toodetud eestis","og_description":"DermoScalp\u2122\ufe0f Vanilla \u0161ampoon kookose, Lilly, Marula, Daisy, Passioni, Arnica, Vege kollageeni ja keratiiniga, Panthenoli, Argaania\u00f5li, Marigold, Koiki ja Hair Bondiga. Super niisutav \u0161ampoon Teie juustele ja peanahale. Meie igap\u00e4evane \u0161ampoon on valmistatud armastusega Teie peanahale ja juustele. Hoidke oma peanahk ja juuksed \u00fcliniisutatud, puhtad ja r\u00f5\u00f5msad. Juuksed kasvavad kiiremini t\u00e4nu looduslike luksuslike \u00f5lide segule. Marula\u00f5li on rikkalik antioks\u00fcdantide poolest ja aitab niisutada ning pehmendada peanahka. See on v\u00e4ga kasulik kahjustatud ja kuivadele juustele, taastades juuste eluj\u00f5u. Panthenool ehk provitamiin B5 on superniisutav juustele. See tugevdab juukseid ka seestpoolt ja aitab muuta need siledamaks. Vege kollageen ja vege keratiin on suurep\u00e4rased koostisosad juuste tugevdamisel ja nende \u00fcldseisundi parandamisel. Marigold ja Daisy ekstrakt rahustab samuti \u00e4rritunud peanahka ja tugevdab ning parandab juukseid. Hair bond aitab juuste katkemise vastu, annab juustele s\u00e4ra, aitab neid tugevdada, parandab juuste tekstuuri ja silendab neid.\u00a0Argaania\u00f5li niisutab ja pehmendab juukseid, sisaldades palju antioks\u00fcdante, asendamatuid rasvhappeid ja E-vitamiini. Arnika\u00f5li on parim juuste v\u00e4ljalangemise, k\u00f5\u00f5ma raviks, enneaegselt halliks muutumise korral. Kookos\u00f5li tungib s\u00fcgavale juustesse, parandab peanaha tervist, niisutab ja lisab s\u00e4ra. Passionis sisalduvad vitamiin B2 ja vitamiin B6 aitavad ergutada peanaha vereringet ehk aitab juukseid kiiremini kasvatada. Luksuslik Lily ekstrakt muudab juuksed l\u00e4ikivaks ja s\u00fcgavniisutab juukseid. Vanilla \u0161ampooni koostisosad on hoolikalt valitud, et pakkuda Teie juustele maksimaalset ja tasakaalustatud juuksehooldust tervete ja tugevate juuste nimel!","og_url":"https:\/\/www.dermoscalp.ee\/product\/vanilla-shampoo-250-ml\/","og_site_name":"DermoScalp","article_modified_time":"2026-01-13T09:28:26+00:00","og_image":[{"width":1362,"height":2048,"url":"https:\/\/www.dermoscalp.ee\/wp-content\/uploads\/2024\/07\/DSC6940-2.jpg","type":"image\/jpeg"}],"twitter_card":"summary_large_image","twitter_misc":{"Est. reading time":"2 minutes"},"schema":{"@context":"https:\/\/schema.org","@graph":[{"@type":"WebPage","@id":"https:\/\/www.dermoscalp.ee\/product\/vanilla-shampoo-250-ml\/","url":"https:\/\/www.dermoscalp.ee\/product\/vanilla-shampoo-250-ml\/","name":"k\u00f5ige niisutavam sampoon lokkis juustele kahustele juustele super niisutav sampoon toodetud eestis","isPartOf":{"@id":"https:\/\/dermoscalp.ee\/#website"},"primaryImageOfPage":{"@id":"https:\/\/www.dermoscalp.ee\/product\/vanilla-shampoo-250-ml\/#primaryimage"},"image":{"@id":"https:\/\/www.dermoscalp.ee\/product\/vanilla-shampoo-250-ml\/#primaryimage"},"thumbnailUrl":"https:\/\/dermoscalp.ee\/wp-content\/uploads\/2024\/07\/DSC6940-2.jpg","datePublished":"2024-07-30T07:27:22+00:00","dateModified":"2026-01-13T09:28:26+00:00","breadcrumb":{"@id":"https:\/\/www.dermoscalp.ee\/product\/vanilla-shampoo-250-ml\/#breadcrumb"},"inLanguage":"en-US","potentialAction":[{"@type":"ReadAction","target":["https:\/\/www.dermoscalp.ee\/product\/vanilla-shampoo-250-ml\/"]}]},{"@type":"ImageObject","inLanguage":"en-US","@id":"https:\/\/www.dermoscalp.ee\/product\/vanilla-shampoo-250-ml\/#primaryimage","url":"https:\/\/dermoscalp.ee\/wp-content\/uploads\/2024\/07\/DSC6940-2.jpg","contentUrl":"https:\/\/dermoscalp.ee\/wp-content\/uploads\/2024\/07\/DSC6940-2.jpg","width":1362,"height":2048},{"@type":"BreadcrumbList","@id":"https:\/\/www.dermoscalp.ee\/product\/vanilla-shampoo-250-ml\/#breadcrumb","itemListElement":[{"@type":"ListItem","position":1,"name":"Home","item":"https:\/\/www.dermoscalp.ee\/"},{"@type":"ListItem","position":2,"name":"Pood","item":"https:\/\/dermoscalp.ee\/shop-2\/"},{"@type":"ListItem","position":3,"name":"Vanilla niisutav Shampoo 250 ml"}]},{"@type":"WebSite","@id":"https:\/\/dermoscalp.ee\/#website","url":"https:\/\/dermoscalp.ee\/","name":"DermoScalp","description":"Sinu peanaha heaks!","potentialAction":[{"@type":"SearchAction","target":{"@type":"EntryPoint","urlTemplate":"https:\/\/dermoscalp.ee\/?s={search_term_string}"},"query-input":{"@type":"PropertyValueSpecification","valueRequired":true,"valueName":"search_term_string"}}],"inLanguage":"en-US"}]}},"_links":{"self":[{"href":"https:\/\/dermoscalp.ee\/en\/wp-json\/wp\/v2\/product\/2572","targetHints":{"allow":["GET"]}}],"collection":[{"href":"https:\/\/dermoscalp.ee\/en\/wp-json\/wp\/v2\/product"}],"about":[{"href":"https:\/\/dermoscalp.ee\/en\/wp-json\/wp\/v2\/types\/product"}],"replies":[{"embeddable":true,"href":"https:\/\/dermoscalp.ee\/en\/wp-json\/wp\/v2\/comments?post=2572"}],"version-history":[{"count":5,"href":"https:\/\/dermoscalp.ee\/en\/wp-json\/wp\/v2\/product\/2572\/revisions"}],"predecessor-version":[{"id":3047,"href":"https:\/\/dermoscalp.ee\/en\/wp-json\/wp\/v2\/product\/2572\/revisions\/3047"}],"wp:featuredmedia":[{"embeddable":true,"href":"https:\/\/dermoscalp.ee\/en\/wp-json\/wp\/v2\/media\/2600"}],"wp:attachment":[{"href":"https:\/\/dermoscalp.ee\/en\/wp-json\/wp\/v2\/media?parent=2572"}],"wp:term":[{"taxonomy":"product_brand","embeddable":true,"href":"https:\/\/dermoscalp.ee\/en\/wp-json\/wp\/v2\/product_brand?post=2572"},{"taxonomy":"product_cat","embeddable":true,"href":"https:\/\/dermoscalp.ee\/en\/wp-json\/wp\/v2\/product_cat?post=2572"},{"taxonomy":"product_tag","embeddable":true,"href":"https:\/\/dermoscalp.ee\/en\/wp-json\/wp\/v2\/product_tag?post=2572"}],"curies":[{"name":"wp","href":"https:\/\/api.w.org\/{rel}","templated":true}]}}