{"id":2596,"date":"2024-08-08T06:38:48","date_gmt":"2024-08-08T06:38:48","guid":{"rendered":"https:\/\/dermoscalp.ee\/?post_type=product&#038;p=2596"},"modified":"2026-01-13T09:28:09","modified_gmt":"2026-01-13T09:28:09","slug":"dermoscalp-vanilla-conditioner","status":"publish","type":"product","link":"https:\/\/dermoscalp.ee\/en\/product\/dermoscalp-vanilla-conditioner\/","title":{"rendered":"Vanilla Conditioner"},"content":{"rendered":"<h2 data-start=\"549\" data-end=\"625\"><strong data-start=\"552\" data-end=\"625\">DermoScalp Vanilla Conditioner \u2013 niisutav ja taastav looduslik palsam<\/strong><\/h2>\n<p data-start=\"627\" data-end=\"931\"><strong data-start=\"627\" data-end=\"661\">DermoScalp Vanilla Conditioner<\/strong> on eriti rikkalik, s\u00fcgavniisutav palsam, mis toidab ja taastab juukseid, andes neile elastsuse, l\u00e4ike ja siidise pehmuse.<br data-start=\"783\" data-end=\"786\" \/>Palsami hoolikalt valitud looduslikud koostisosad tugevdavad juukseid, kaitsevad neid keskkonnam\u00f5jude eest ja taastavad nende loomuliku eluj\u00f5u.<\/p>\n<p data-start=\"933\" data-end=\"1094\"><strong data-start=\"933\" data-end=\"963\">Vanilla naturaalne essents<\/strong> lisab palsamile meeldivalt pehme ja rahustava aroomi, sobides ideaalselt neile, kelle jaoks Palmarosa l\u00f5hn on liiga intensiivne.<\/p>\n<p data-start=\"1096\" data-end=\"1268\">See palsam sobib k\u00f5ikidele juukset\u00fc\u00fcpidele, eriti kuivadele, kahjustatud ja blondeeritud juustele, pakkudes igakordsel kasutamisel n\u00e4htavalt tervemat ja s\u00e4ravamat tulemust.<\/p>","protected":false},"excerpt":{"rendered":"<h3 data-start=\"1275\" data-end=\"1313\"><strong data-start=\"1279\" data-end=\"1313\">Peamised toimeained ja eelised<\/strong><\/h3>\n<ul data-start=\"1315\" data-end=\"2353\">\n<li data-start=\"1315\" data-end=\"1409\">\n<p data-start=\"1317\" data-end=\"1409\"><strong data-start=\"1317\" data-end=\"1332\">Argaania\u00f5li<\/strong> \u2013 niisutab s\u00fcgavuti, taastab elastsuse ja kaitseb juukseid katkemise eest.<\/p>\n<\/li>\n<li data-start=\"1410\" data-end=\"1495\">\n<p data-start=\"1412\" data-end=\"1495\"><strong data-start=\"1412\" data-end=\"1425\">Kookos\u00f5li<\/strong> \u2013 aitab taastada kahjustatud juukseid ja tugevdab nende struktuuri.<\/p>\n<\/li>\n<li data-start=\"1496\" data-end=\"1612\">\n<p data-start=\"1498\" data-end=\"1612\"><strong data-start=\"1498\" data-end=\"1511\">Arnika\u00f5li<\/strong> \u2013 toetab juuksekasvu, aitab v\u00e4hendada v\u00e4ljalangemist ja sobib k\u00f5\u00f5ma ning hallinemise ennetamiseks.<\/p>\n<\/li>\n<li data-start=\"1613\" data-end=\"1689\">\n<p data-start=\"1615\" data-end=\"1689\"><strong data-start=\"1615\" data-end=\"1633\">Lilly ekstrakt<\/strong> \u2013 s\u00fcgavniisutav ja l\u00e4iget andev luksuslik koostisosa.<\/p>\n<\/li>\n<li data-start=\"1690\" data-end=\"1813\">\n<p data-start=\"1692\" data-end=\"1813\"><strong data-start=\"1692\" data-end=\"1706\">Marula \u00f5li<\/strong> \u2013 muudab juuksed siledaks, kergesti kammitavaks ja pehmeks; aitab s\u00e4ilitada juuste tugevuse ja tiheduse.<\/p>\n<\/li>\n<li data-start=\"1814\" data-end=\"1885\">\n<p data-start=\"1816\" data-end=\"1885\"><strong data-start=\"1816\" data-end=\"1834\">Daisy ekstrakt<\/strong> \u2013 aitab v\u00e4hendada hallinemist ja v\u00e4ljalangemist.<\/p>\n<\/li>\n<li data-start=\"1886\" data-end=\"1962\">\n<p data-start=\"1888\" data-end=\"1962\"><strong data-start=\"1888\" data-end=\"1908\">Passion ekstrakt<\/strong> \u2013 kaitseb juukseid keskkonnam\u00f5jude ja kuivuse eest.<\/p>\n<\/li>\n<li data-start=\"1963\" data-end=\"2093\">\n<p data-start=\"1965\" data-end=\"2093\"><strong data-start=\"1965\" data-end=\"2000\">Vege kollageen ja vege keratiin<\/strong> \u2013 rikastatud biotiini ja E-vitamiiniga, tugevdavad, siluvad ja taastavad juuste elastsuse.<\/p>\n<\/li>\n<li data-start=\"2094\" data-end=\"2202\">\n<p data-start=\"2096\" data-end=\"2202\"><strong data-start=\"2096\" data-end=\"2126\">Panthenol (provitamiin B5)<\/strong> \u2013 sulgeb juuksekarva, muudab juuksed siledamaks ja v\u00e4hendab staatilisust.<\/p>\n<\/li>\n<li data-start=\"2203\" data-end=\"2271\">\n<p data-start=\"2205\" data-end=\"2271\"><strong data-start=\"2205\" data-end=\"2226\">Marigold ekstrakt<\/strong> \u2013 taastab juuste loomuliku s\u00e4ra ja eluj\u00f5u.<\/p>\n<\/li>\n<li data-start=\"2272\" data-end=\"2353\">\n<p data-start=\"2274\" data-end=\"2353\"><strong data-start=\"2274\" data-end=\"2296\">Hair Bond kompleks<\/strong> \u2013 parandab katkiseid juukseid ja tugevdab juuksekiudu.<\/p>\n<\/li>\n<\/ul>\n<h3 data-start=\"2360\" data-end=\"2383\"><strong data-start=\"2364\" data-end=\"2383\">Kuidas kasutada<\/strong><\/h3>\n<p data-start=\"2384\" data-end=\"2568\"><strong data-start=\"2384\" data-end=\"2419\">Terved ja kahjustamata juuksed:<\/strong> kanna v\u00e4ike kogus palsamit juuste otstesse ja \u00fcldpikkusele p\u00e4rast DermoScalp \u0161ampooni kasutamist. Loputa hoolikalt. \u00d5li kasutamine ei ole vajalik.<\/p>\n<p data-start=\"2570\" data-end=\"2791\"><strong data-start=\"2570\" data-end=\"2620\">Kahjustatud, blondeeritud v\u00f5i kahused juuksed:<\/strong> kanna palsam p\u00e4rast pesu otstesse ja \u00fcldpikkusele, hoia 1 minut, seej\u00e4rel loputa. Maksimaalse niisutuse ja pehmuse saavutamiseks lisa p\u00e4rast pesu v\u00e4ike kogus juukse\u00f5li.<\/p>\n<p data-start=\"2793\" data-end=\"2926\">S\u00e4ilivusaeg: p\u00e4rast avamist kasuta 12 kuu jooksul.<br data-start=\"2847\" data-end=\"2850\" \/>Maht: 250 ml Hind: 26 \u20ac<br data-start=\"2883\" data-end=\"2886\" \/>Valmistatud Eestis k\u00e4sit\u00f6\u00f6na \u2013 Made in Estonia<\/p>","protected":false},"featured_media":2625,"comment_status":"open","ping_status":"closed","template":"","meta":{"site-sidebar-layout":"default","site-content-layout":"","ast-site-content-layout":"default","site-content-style":"default","site-sidebar-style":"default","ast-global-header-display":"","ast-banner-title-visibility":"","ast-main-header-display":"","ast-hfb-above-header-display":"","ast-hfb-below-header-display":"","ast-hfb-mobile-header-display":"","site-post-title":"","ast-breadcrumbs-content":"","ast-featured-img":"","footer-sml-layout":"","theme-transparent-header-meta":"default","adv-header-id-meta":"","stick-header-meta":"","header-above-stick-meta":"","header-main-stick-meta":"","header-below-stick-meta":"","astra-migrate-meta-layouts":"set","ast-page-background-enabled":"default","ast-page-background-meta":{"desktop":{"background-color":"var(--ast-global-color-4)","background-image":"","background-repeat":"repeat","background-position":"center center","background-size":"auto","background-attachment":"scroll","background-type":"","background-media":"","overlay-type":"","overlay-color":"","overlay-gradient":""},"tablet":{"background-color":"","background-image":"","background-repeat":"repeat","background-position":"center center","background-size":"auto","background-attachment":"scroll","background-type":"","background-media":"","overlay-type":"","overlay-color":"","overlay-gradient":""},"mobile":{"background-color":"","background-image":"","background-repeat":"repeat","background-position":"center center","background-size":"auto","background-attachment":"scroll","background-type":"","background-media":"","overlay-type":"","overlay-color":"","overlay-gradient":""}},"ast-content-background-meta":{"desktop":{"background-color":"var(--ast-global-color-5)","background-image":"","background-repeat":"repeat","background-position":"center center","background-size":"auto","background-attachment":"scroll","background-type":"","background-media":"","overlay-type":"","overlay-color":"","overlay-gradient":""},"tablet":{"background-color":"var(--ast-global-color-5)","background-image":"","background-repeat":"repeat","background-position":"center center","background-size":"auto","background-attachment":"scroll","background-type":"","background-media":"","overlay-type":"","overlay-color":"","overlay-gradient":""},"mobile":{"background-color":"var(--ast-global-color-5)","background-image":"","background-repeat":"repeat","background-position":"center center","background-size":"auto","background-attachment":"scroll","background-type":"","background-media":"","overlay-type":"","overlay-color":"","overlay-gradient":""}}},"product_brand":[],"product_cat":[153],"product_tag":[],"class_list":{"0":"post-2596","1":"product","2":"type-product","3":"status-publish","4":"has-post-thumbnail","6":"product_cat-palsam","7":"desktop-align-left","8":"tablet-align-left","9":"mobile-align-left","11":"first","12":"instock","13":"featured","14":"taxable","15":"shipping-taxable","16":"purchasable","17":"product-type-simple"},"yoast_head":"<!-- This site is optimized with the Yoast SEO plugin v24.1 - https:\/\/yoast.com\/wordpress\/plugins\/seo\/ -->\n<title>niisutav palsam<\/title>\n<meta name=\"description\" content=\"Natural vanilla conditioner with argan and coconut oils. Deeply nourishes, smooths, and restores dry or damaged hair.\" \/>\n<meta name=\"robots\" content=\"index, follow, max-snippet:-1, max-image-preview:large, max-video-preview:-1\" \/>\n<link rel=\"canonical\" href=\"https:\/\/www.dermoscalp.ee\/product\/dermoscalp-vanilla-conditioner\/\" \/>\n<meta property=\"og:locale\" content=\"en_US\" \/>\n<meta property=\"og:type\" content=\"article\" \/>\n<meta property=\"og:title\" content=\"niisutav palsam\" \/>\n<meta property=\"og:description\" content=\"Natural vanilla conditioner with argan and coconut oils. Deeply nourishes, smooths, and restores dry or damaged hair.\" \/>\n<meta property=\"og:url\" content=\"https:\/\/www.dermoscalp.ee\/product\/dermoscalp-vanilla-conditioner\/\" \/>\n<meta property=\"og:site_name\" content=\"DermoScalp\" \/>\n<meta property=\"article:modified_time\" content=\"2026-01-13T09:28:09+00:00\" \/>\n<meta property=\"og:image\" content=\"https:\/\/www.dermoscalp.ee\/wp-content\/uploads\/2024\/07\/DSC7620.jpeg\" \/>\n\t<meta property=\"og:image:width\" content=\"1363\" \/>\n\t<meta property=\"og:image:height\" content=\"2048\" \/>\n\t<meta property=\"og:image:type\" content=\"image\/jpeg\" \/>\n<meta name=\"twitter:card\" content=\"summary_large_image\" \/>\n<meta name=\"twitter:label1\" content=\"Est. reading time\" \/>\n\t<meta name=\"twitter:data1\" content=\"1 minute\" \/>\n<script type=\"application\/ld+json\" class=\"yoast-schema-graph\">{\"@context\":\"https:\/\/schema.org\",\"@graph\":[{\"@type\":\"WebPage\",\"@id\":\"https:\/\/www.dermoscalp.ee\/product\/dermoscalp-vanilla-conditioner\/\",\"url\":\"https:\/\/www.dermoscalp.ee\/product\/dermoscalp-vanilla-conditioner\/\",\"name\":\"niisutav palsam\",\"isPartOf\":{\"@id\":\"https:\/\/dermoscalp.ee\/#website\"},\"primaryImageOfPage\":{\"@id\":\"https:\/\/www.dermoscalp.ee\/product\/dermoscalp-vanilla-conditioner\/#primaryimage\"},\"image\":{\"@id\":\"https:\/\/www.dermoscalp.ee\/product\/dermoscalp-vanilla-conditioner\/#primaryimage\"},\"thumbnailUrl\":\"https:\/\/dermoscalp.ee\/wp-content\/uploads\/2024\/07\/DSC7620.jpeg\",\"datePublished\":\"2024-08-08T06:38:48+00:00\",\"dateModified\":\"2026-01-13T09:28:09+00:00\",\"description\":\"Natural vanilla conditioner with argan and coconut oils. Deeply nourishes, smooths, and restores dry or damaged hair.\",\"breadcrumb\":{\"@id\":\"https:\/\/www.dermoscalp.ee\/product\/dermoscalp-vanilla-conditioner\/#breadcrumb\"},\"inLanguage\":\"en-US\",\"potentialAction\":[{\"@type\":\"ReadAction\",\"target\":[\"https:\/\/www.dermoscalp.ee\/product\/dermoscalp-vanilla-conditioner\/\"]}]},{\"@type\":\"ImageObject\",\"inLanguage\":\"en-US\",\"@id\":\"https:\/\/www.dermoscalp.ee\/product\/dermoscalp-vanilla-conditioner\/#primaryimage\",\"url\":\"https:\/\/dermoscalp.ee\/wp-content\/uploads\/2024\/07\/DSC7620.jpeg\",\"contentUrl\":\"https:\/\/dermoscalp.ee\/wp-content\/uploads\/2024\/07\/DSC7620.jpeg\",\"width\":1363,\"height\":2048},{\"@type\":\"BreadcrumbList\",\"@id\":\"https:\/\/www.dermoscalp.ee\/product\/dermoscalp-vanilla-conditioner\/#breadcrumb\",\"itemListElement\":[{\"@type\":\"ListItem\",\"position\":1,\"name\":\"Home\",\"item\":\"https:\/\/www.dermoscalp.ee\/\"},{\"@type\":\"ListItem\",\"position\":2,\"name\":\"Pood\",\"item\":\"https:\/\/dermoscalp.ee\/shop-2\/\"},{\"@type\":\"ListItem\",\"position\":3,\"name\":\"Vanilla Conditioner\"}]},{\"@type\":\"WebSite\",\"@id\":\"https:\/\/dermoscalp.ee\/#website\",\"url\":\"https:\/\/dermoscalp.ee\/\",\"name\":\"DermoScalp\",\"description\":\"Sinu peanaha heaks!\",\"potentialAction\":[{\"@type\":\"SearchAction\",\"target\":{\"@type\":\"EntryPoint\",\"urlTemplate\":\"https:\/\/dermoscalp.ee\/?s={search_term_string}\"},\"query-input\":{\"@type\":\"PropertyValueSpecification\",\"valueRequired\":true,\"valueName\":\"search_term_string\"}}],\"inLanguage\":\"en-US\"}]}<\/script>\n<!-- \/ Yoast SEO plugin. -->","yoast_head_json":{"title":"niisutav palsam","description":"Natural vanilla conditioner with argan and coconut oils. Deeply nourishes, smooths, and restores dry or damaged hair.","robots":{"index":"index","follow":"follow","max-snippet":"max-snippet:-1","max-image-preview":"max-image-preview:large","max-video-preview":"max-video-preview:-1"},"canonical":"https:\/\/www.dermoscalp.ee\/product\/dermoscalp-vanilla-conditioner\/","og_locale":"en_US","og_type":"article","og_title":"niisutav palsam","og_description":"Natural vanilla conditioner with argan and coconut oils. Deeply nourishes, smooths, and restores dry or damaged hair.","og_url":"https:\/\/www.dermoscalp.ee\/product\/dermoscalp-vanilla-conditioner\/","og_site_name":"DermoScalp","article_modified_time":"2026-01-13T09:28:09+00:00","og_image":[{"width":1363,"height":2048,"url":"https:\/\/www.dermoscalp.ee\/wp-content\/uploads\/2024\/07\/DSC7620.jpeg","type":"image\/jpeg"}],"twitter_card":"summary_large_image","twitter_misc":{"Est. reading time":"1 minute"},"schema":{"@context":"https:\/\/schema.org","@graph":[{"@type":"WebPage","@id":"https:\/\/www.dermoscalp.ee\/product\/dermoscalp-vanilla-conditioner\/","url":"https:\/\/www.dermoscalp.ee\/product\/dermoscalp-vanilla-conditioner\/","name":"niisutav palsam","isPartOf":{"@id":"https:\/\/dermoscalp.ee\/#website"},"primaryImageOfPage":{"@id":"https:\/\/www.dermoscalp.ee\/product\/dermoscalp-vanilla-conditioner\/#primaryimage"},"image":{"@id":"https:\/\/www.dermoscalp.ee\/product\/dermoscalp-vanilla-conditioner\/#primaryimage"},"thumbnailUrl":"https:\/\/dermoscalp.ee\/wp-content\/uploads\/2024\/07\/DSC7620.jpeg","datePublished":"2024-08-08T06:38:48+00:00","dateModified":"2026-01-13T09:28:09+00:00","description":"Natural vanilla conditioner with argan and coconut oils. Deeply nourishes, smooths, and restores dry or damaged hair.","breadcrumb":{"@id":"https:\/\/www.dermoscalp.ee\/product\/dermoscalp-vanilla-conditioner\/#breadcrumb"},"inLanguage":"en-US","potentialAction":[{"@type":"ReadAction","target":["https:\/\/www.dermoscalp.ee\/product\/dermoscalp-vanilla-conditioner\/"]}]},{"@type":"ImageObject","inLanguage":"en-US","@id":"https:\/\/www.dermoscalp.ee\/product\/dermoscalp-vanilla-conditioner\/#primaryimage","url":"https:\/\/dermoscalp.ee\/wp-content\/uploads\/2024\/07\/DSC7620.jpeg","contentUrl":"https:\/\/dermoscalp.ee\/wp-content\/uploads\/2024\/07\/DSC7620.jpeg","width":1363,"height":2048},{"@type":"BreadcrumbList","@id":"https:\/\/www.dermoscalp.ee\/product\/dermoscalp-vanilla-conditioner\/#breadcrumb","itemListElement":[{"@type":"ListItem","position":1,"name":"Home","item":"https:\/\/www.dermoscalp.ee\/"},{"@type":"ListItem","position":2,"name":"Pood","item":"https:\/\/dermoscalp.ee\/shop-2\/"},{"@type":"ListItem","position":3,"name":"Vanilla Conditioner"}]},{"@type":"WebSite","@id":"https:\/\/dermoscalp.ee\/#website","url":"https:\/\/dermoscalp.ee\/","name":"DermoScalp","description":"Sinu peanaha heaks!","potentialAction":[{"@type":"SearchAction","target":{"@type":"EntryPoint","urlTemplate":"https:\/\/dermoscalp.ee\/?s={search_term_string}"},"query-input":{"@type":"PropertyValueSpecification","valueRequired":true,"valueName":"search_term_string"}}],"inLanguage":"en-US"}]}},"_links":{"self":[{"href":"https:\/\/dermoscalp.ee\/en\/wp-json\/wp\/v2\/product\/2596","targetHints":{"allow":["GET"]}}],"collection":[{"href":"https:\/\/dermoscalp.ee\/en\/wp-json\/wp\/v2\/product"}],"about":[{"href":"https:\/\/dermoscalp.ee\/en\/wp-json\/wp\/v2\/types\/product"}],"replies":[{"embeddable":true,"href":"https:\/\/dermoscalp.ee\/en\/wp-json\/wp\/v2\/comments?post=2596"}],"version-history":[{"count":5,"href":"https:\/\/dermoscalp.ee\/en\/wp-json\/wp\/v2\/product\/2596\/revisions"}],"predecessor-version":[{"id":2988,"href":"https:\/\/dermoscalp.ee\/en\/wp-json\/wp\/v2\/product\/2596\/revisions\/2988"}],"wp:featuredmedia":[{"embeddable":true,"href":"https:\/\/dermoscalp.ee\/en\/wp-json\/wp\/v2\/media\/2625"}],"wp:attachment":[{"href":"https:\/\/dermoscalp.ee\/en\/wp-json\/wp\/v2\/media?parent=2596"}],"wp:term":[{"taxonomy":"product_brand","embeddable":true,"href":"https:\/\/dermoscalp.ee\/en\/wp-json\/wp\/v2\/product_brand?post=2596"},{"taxonomy":"product_cat","embeddable":true,"href":"https:\/\/dermoscalp.ee\/en\/wp-json\/wp\/v2\/product_cat?post=2596"},{"taxonomy":"product_tag","embeddable":true,"href":"https:\/\/dermoscalp.ee\/en\/wp-json\/wp\/v2\/product_tag?post=2596"}],"curies":[{"name":"wp","href":"https:\/\/api.w.org\/{rel}","templated":true}]}}