{"id":2691,"date":"2024-11-29T17:46:23","date_gmt":"2024-11-29T17:46:23","guid":{"rendered":"https:\/\/dermoscalp.ee\/?post_type=product&#038;p=2691"},"modified":"2025-10-28T06:41:58","modified_gmt":"2025-10-28T06:41:58","slug":"ds-leave-in-conditioner-100ml","status":"publish","type":"product","link":"https:\/\/dermoscalp.ee\/en\/product\/ds-leave-in-conditioner-100ml\/","title":{"rendered":"DS Leave-In Conditioner 100ml"},"content":{"rendered":"<h2 data-start=\"517\" data-end=\"608\"><strong data-start=\"520\" data-end=\"608\">DermoScalp Leave-In v\u00f5i v\u00e4lja pestav palsam \u2013 s\u00fcgavniisutav ja taastav juuksehooldus<\/strong><\/h2>\n<p data-start=\"610\" data-end=\"823\"><strong data-start=\"610\" data-end=\"645\">DermoScalp Leave-In Conditioner<\/strong> on eriti niisutav, 100% vegan juuksepalsam, mida saab kasutada kahel viisil \u2013 <strong data-start=\"724\" data-end=\"767\">v\u00e4lja pestavana v\u00f5i juustesse j\u00e4etavana<\/strong>. Sina otsustad, kuidas soovid oma juukseid hellitada.<\/p>\n<p data-start=\"825\" data-end=\"1088\">See mitmek\u00fclgne toode annab juustele intensiivse niisutuse, s\u00e4ra ja kuumakaitse, muutes need siledaks ja eluj\u00f5uliseks. Sobib kasutamiseks nii <strong data-start=\"967\" data-end=\"1000\">m\u00e4rgadel kui kuivadel juustel<\/strong>, samuti <strong data-start=\"1009\" data-end=\"1034\">peanaha niisutamiseks<\/strong> v\u00f5i ka <strong data-start=\"1042\" data-end=\"1054\">meestele<\/strong> p\u00e4rast pesu kergeks hoolduseks.<\/p>\n<p data-start=\"1090\" data-end=\"1240\">Palsam on valmistatud looduslikest, \u00f5rnadest koostisosadest, mis tugevdavad, taastavad ja kaitsevad juukseid keskkonnam\u00f5jude ja kuumakahjustuste eest.<\/p>\n<h3 data-start=\"1247\" data-end=\"1280\"><strong data-start=\"1251\" data-end=\"1280\">Toote omadused\u00a0<\/strong><\/h3>\n<ul data-start=\"1281\" data-end=\"1505\">\n<li data-start=\"1281\" data-end=\"1318\">\n<p data-start=\"1283\" data-end=\"1318\">S\u00fcgav niisutus ja taastav hooldus<\/p>\n<\/li>\n<li data-start=\"1319\" data-end=\"1354\">\n<p data-start=\"1321\" data-end=\"1354\">Sobib k\u00f5ikidele juukset\u00fc\u00fcpidele<\/p>\n<\/li>\n<li data-start=\"1355\" data-end=\"1385\">\n<p data-start=\"1357\" data-end=\"1385\">Pakub kuumakaitset ja s\u00e4ra<\/p>\n<\/li>\n<li data-start=\"1386\" data-end=\"1429\">\n<p data-start=\"1388\" data-end=\"1429\">V\u00f5ib kasutada nii pesus kui p\u00e4rast pesu<\/p>\n<\/li>\n<li data-start=\"1430\" data-end=\"1474\">\n<p data-start=\"1432\" data-end=\"1474\">Sobib ka peanaha niisutuseks ja habemele<\/p>\n<\/li>\n<li data-start=\"1475\" data-end=\"1505\">\n<p data-start=\"1477\" data-end=\"1505\">Vegan ja looduslik koostis<\/p>\n<\/li>\n<\/ul>","protected":false},"excerpt":{"rendered":"<h3 data-start=\"1512\" data-end=\"1539\"><strong data-start=\"1516\" data-end=\"1539\">Peamised toimeained<\/strong><\/h3>\n<p data-start=\"1540\" data-end=\"2508\"><strong data-start=\"1540\" data-end=\"1558\">Aloe Vera mahl<\/strong> \u2013 Niisutab ja rahustab peanahka, v\u00e4hendab kuivust ja soodustab juuksekasvu, eemaldades surnud naharakud.<br data-start=\"1663\" data-end=\"1666\" \/><strong data-start=\"1666\" data-end=\"1678\">Shea-v\u00f5i<\/strong> \u2013 Rikkalik rasvhapete ja vitamiinide allikas, mis toidab ja kaitseb juukseid murdumise ja kuivuse eest.<br data-start=\"1782\" data-end=\"1785\" \/><strong data-start=\"1785\" data-end=\"1800\">Argaania\u00f5li<\/strong> \u2013 T\u00e4is antioks\u00fcdante ja E-vitamiini, mis niisutavad ja siluvad juukseid, lisades l\u00e4iget ja eluj\u00f5udu.<br data-start=\"1901\" data-end=\"1904\" \/><strong data-start=\"1904\" data-end=\"1917\">Kookos\u00f5li<\/strong> \u2013 Tungib s\u00fcgavale juuksekiudu, v\u00e4hendades valgu kadu ja taastades juuste tugevuse.<br data-start=\"2000\" data-end=\"2003\" \/><strong data-start=\"2003\" data-end=\"2019\">Saialille\u00f5li<\/strong> \u2013 Rahustab peanahka ja parandab vereringet, soodustades tervet kasvu.<br data-start=\"2089\" data-end=\"2092\" \/><strong data-start=\"2092\" data-end=\"2105\">Jojoba\u00f5li<\/strong> \u2013 Niisutab ja tugevdab juukseid, parandades elastsust ja v\u00e4hendades murdumist.<br data-start=\"2184\" data-end=\"2187\" \/><strong data-start=\"2187\" data-end=\"2218\">Panthenool (provitamiin B5)<\/strong> \u2013 Tugevdab ja tihendab juukseid, parandab l\u00e4iget ja v\u00e4hendab \u00e4rritust.<br data-start=\"2289\" data-end=\"2292\" \/><strong data-start=\"2292\" data-end=\"2305\">Keramare\u2122<\/strong> \u2013 Aitab taastada kahjustatud juuste struktuuri, muudab need siledamaks ja tugevamaks.<br data-start=\"2391\" data-end=\"2394\" \/><strong data-start=\"2394\" data-end=\"2422\">Acmella Intense ekstrakt<\/strong> \u2013 Stimuleerib kollageeni tootmist, parandab juuste elastsust ja v\u00e4hendab murdumist.<\/p>\n<h3 data-start=\"2515\" data-end=\"2533\"><strong data-start=\"2519\" data-end=\"2533\">Usage<\/strong><\/h3>\n<p data-start=\"2534\" data-end=\"2966\"><strong data-start=\"2534\" data-end=\"2557\">Pesus kasutamiseks:<\/strong> kanna palsam m\u00e4rgadesse juustesse (4\u20135 pihustust k\u00e4tele), jaota \u00fchtlaselt juukseotstesse, hoia ja loputa.<br data-start=\"2663\" data-end=\"2666\" \/><strong data-start=\"2666\" data-end=\"2690\">Juustesse j\u00e4etavana:<\/strong> kasuta 2\u20133 pihustust kuivadele v\u00f5i kergelt niisketele juustele \u2013 rohkem kuiva v\u00f5i kahjustatud juukse puhul.<br data-start=\"2798\" data-end=\"2801\" \/><strong data-start=\"2801\" data-end=\"2827\">Peanaha niisutamiseks:<\/strong> kanna v\u00e4ike kogus peanahale, masseeri \u00f5rnalt.<br data-start=\"2873\" data-end=\"2876\" \/><strong data-start=\"2876\" data-end=\"2889\">Meestele:<\/strong> sobib ka p\u00e4rast pesu kuivadele juustele v\u00f5i peanahale kergeks niisutuseks.<\/p>\n<p data-start=\"2968\" data-end=\"3074\">K\u00e4te kuivuse korral v\u00f5ib \u00fclej\u00e4\u00e4nud palsami k\u00e4tele laiali h\u00f5\u00f5ruda \u2013 koostis on looduslik ja nahas\u00f5bralik.<\/p>","protected":false},"featured_media":2689,"comment_status":"open","ping_status":"closed","template":"","meta":{"site-sidebar-layout":"default","site-content-layout":"","ast-site-content-layout":"default","site-content-style":"default","site-sidebar-style":"default","ast-global-header-display":"","ast-banner-title-visibility":"","ast-main-header-display":"","ast-hfb-above-header-display":"","ast-hfb-below-header-display":"","ast-hfb-mobile-header-display":"","site-post-title":"","ast-breadcrumbs-content":"","ast-featured-img":"","footer-sml-layout":"","theme-transparent-header-meta":"default","adv-header-id-meta":"","stick-header-meta":"","header-above-stick-meta":"","header-main-stick-meta":"","header-below-stick-meta":"","astra-migrate-meta-layouts":"set","ast-page-background-enabled":"default","ast-page-background-meta":{"desktop":{"background-color":"var(--ast-global-color-4)","background-image":"","background-repeat":"repeat","background-position":"center center","background-size":"auto","background-attachment":"scroll","background-type":"","background-media":"","overlay-type":"","overlay-color":"","overlay-gradient":""},"tablet":{"background-color":"","background-image":"","background-repeat":"repeat","background-position":"center center","background-size":"auto","background-attachment":"scroll","background-type":"","background-media":"","overlay-type":"","overlay-color":"","overlay-gradient":""},"mobile":{"background-color":"","background-image":"","background-repeat":"repeat","background-position":"center center","background-size":"auto","background-attachment":"scroll","background-type":"","background-media":"","overlay-type":"","overlay-color":"","overlay-gradient":""}},"ast-content-background-meta":{"desktop":{"background-color":"var(--ast-global-color-5)","background-image":"","background-repeat":"repeat","background-position":"center center","background-size":"auto","background-attachment":"scroll","background-type":"","background-media":"","overlay-type":"","overlay-color":"","overlay-gradient":""},"tablet":{"background-color":"var(--ast-global-color-5)","background-image":"","background-repeat":"repeat","background-position":"center center","background-size":"auto","background-attachment":"scroll","background-type":"","background-media":"","overlay-type":"","overlay-color":"","overlay-gradient":""},"mobile":{"background-color":"var(--ast-global-color-5)","background-image":"","background-repeat":"repeat","background-position":"center center","background-size":"auto","background-attachment":"scroll","background-type":"","background-media":"","overlay-type":"","overlay-color":"","overlay-gradient":""}}},"product_brand":[],"product_cat":[15],"product_tag":[],"class_list":{"0":"post-2691","1":"product","2":"type-product","3":"status-publish","4":"has-post-thumbnail","6":"product_cat-uncategorized","7":"desktop-align-left","8":"tablet-align-left","9":"mobile-align-left","11":"first","12":"instock","13":"taxable","14":"shipping-taxable","15":"purchasable","16":"product-type-simple"},"yoast_head":"<!-- This site is optimized with the Yoast SEO plugin v24.1 - https:\/\/yoast.com\/wordpress\/plugins\/seo\/ -->\n<title>DS Leave-In Conditioner 100ml - DermoScalp<\/title>\n<meta name=\"description\" content=\"Hydrating vegan conditioner for all hair types. Use as leave-in or wash-out for soft, shiny, protected hair.\" \/>\n<meta name=\"robots\" content=\"index, follow, max-snippet:-1, max-image-preview:large, max-video-preview:-1\" \/>\n<link rel=\"canonical\" href=\"https:\/\/dermoscalp.ee\/en\/product\/ds-leave-in-conditioner-100ml\/\" \/>\n<meta property=\"og:locale\" content=\"en_US\" \/>\n<meta property=\"og:type\" content=\"article\" \/>\n<meta property=\"og:title\" content=\"DS Leave-In Conditioner 100ml - DermoScalp\" \/>\n<meta property=\"og:description\" content=\"Hydrating vegan conditioner for all hair types. Use as leave-in or wash-out for soft, shiny, protected hair.\" \/>\n<meta property=\"og:url\" content=\"https:\/\/dermoscalp.ee\/en\/product\/ds-leave-in-conditioner-100ml\/\" \/>\n<meta property=\"og:site_name\" content=\"DermoScalp\" \/>\n<meta property=\"article:modified_time\" content=\"2025-10-28T06:41:58+00:00\" \/>\n<meta property=\"og:image\" content=\"https:\/\/www.dermoscalp.ee\/wp-content\/uploads\/2024\/11\/IMG_8174-scaled.jpeg\" \/>\n\t<meta property=\"og:image:width\" content=\"1920\" \/>\n\t<meta property=\"og:image:height\" content=\"2560\" \/>\n\t<meta property=\"og:image:type\" content=\"image\/jpeg\" \/>\n<meta name=\"twitter:card\" content=\"summary_large_image\" \/>\n<meta name=\"twitter:label1\" content=\"Est. reading time\" \/>\n\t<meta name=\"twitter:data1\" content=\"1 minute\" \/>\n<script type=\"application\/ld+json\" class=\"yoast-schema-graph\">{\"@context\":\"https:\/\/schema.org\",\"@graph\":[{\"@type\":\"WebPage\",\"@id\":\"https:\/\/dermoscalp.ee\/en\/product\/ds-leave-in-conditioner-100ml\/\",\"url\":\"https:\/\/dermoscalp.ee\/en\/product\/ds-leave-in-conditioner-100ml\/\",\"name\":\"DS Leave-In Conditioner 100ml - DermoScalp\",\"isPartOf\":{\"@id\":\"https:\/\/dermoscalp.ee\/#website\"},\"primaryImageOfPage\":{\"@id\":\"https:\/\/dermoscalp.ee\/en\/product\/ds-leave-in-conditioner-100ml\/#primaryimage\"},\"image\":{\"@id\":\"https:\/\/dermoscalp.ee\/en\/product\/ds-leave-in-conditioner-100ml\/#primaryimage\"},\"thumbnailUrl\":\"https:\/\/dermoscalp.ee\/wp-content\/uploads\/2024\/11\/IMG_8174-scaled.jpeg\",\"datePublished\":\"2024-11-29T17:46:23+00:00\",\"dateModified\":\"2025-10-28T06:41:58+00:00\",\"description\":\"Hydrating vegan conditioner for all hair types. Use as leave-in or wash-out for soft, shiny, protected hair.\",\"breadcrumb\":{\"@id\":\"https:\/\/dermoscalp.ee\/en\/product\/ds-leave-in-conditioner-100ml\/#breadcrumb\"},\"inLanguage\":\"en-US\",\"potentialAction\":[{\"@type\":\"ReadAction\",\"target\":[\"https:\/\/dermoscalp.ee\/en\/product\/ds-leave-in-conditioner-100ml\/\"]}]},{\"@type\":\"ImageObject\",\"inLanguage\":\"en-US\",\"@id\":\"https:\/\/dermoscalp.ee\/en\/product\/ds-leave-in-conditioner-100ml\/#primaryimage\",\"url\":\"https:\/\/dermoscalp.ee\/wp-content\/uploads\/2024\/11\/IMG_8174-scaled.jpeg\",\"contentUrl\":\"https:\/\/dermoscalp.ee\/wp-content\/uploads\/2024\/11\/IMG_8174-scaled.jpeg\",\"width\":1920,\"height\":2560},{\"@type\":\"BreadcrumbList\",\"@id\":\"https:\/\/dermoscalp.ee\/en\/product\/ds-leave-in-conditioner-100ml\/#breadcrumb\",\"itemListElement\":[{\"@type\":\"ListItem\",\"position\":1,\"name\":\"Home\",\"item\":\"https:\/\/www.dermoscalp.ee\/\"},{\"@type\":\"ListItem\",\"position\":2,\"name\":\"Pood\",\"item\":\"https:\/\/dermoscalp.ee\/shop-2\/\"},{\"@type\":\"ListItem\",\"position\":3,\"name\":\"DS Leave-In Conditioner 100ml\"}]},{\"@type\":\"WebSite\",\"@id\":\"https:\/\/dermoscalp.ee\/#website\",\"url\":\"https:\/\/dermoscalp.ee\/\",\"name\":\"DermoScalp\",\"description\":\"Sinu peanaha heaks!\",\"potentialAction\":[{\"@type\":\"SearchAction\",\"target\":{\"@type\":\"EntryPoint\",\"urlTemplate\":\"https:\/\/dermoscalp.ee\/?s={search_term_string}\"},\"query-input\":{\"@type\":\"PropertyValueSpecification\",\"valueRequired\":true,\"valueName\":\"search_term_string\"}}],\"inLanguage\":\"en-US\"}]}<\/script>\n<!-- \/ Yoast SEO plugin. -->","yoast_head_json":{"title":"DS Leave-In Conditioner 100ml - DermoScalp","description":"Hydrating vegan conditioner for all hair types. Use as leave-in or wash-out for soft, shiny, protected hair.","robots":{"index":"index","follow":"follow","max-snippet":"max-snippet:-1","max-image-preview":"max-image-preview:large","max-video-preview":"max-video-preview:-1"},"canonical":"https:\/\/dermoscalp.ee\/en\/product\/ds-leave-in-conditioner-100ml\/","og_locale":"en_US","og_type":"article","og_title":"DS Leave-In Conditioner 100ml - DermoScalp","og_description":"Hydrating vegan conditioner for all hair types. Use as leave-in or wash-out for soft, shiny, protected hair.","og_url":"https:\/\/dermoscalp.ee\/en\/product\/ds-leave-in-conditioner-100ml\/","og_site_name":"DermoScalp","article_modified_time":"2025-10-28T06:41:58+00:00","og_image":[{"width":1920,"height":2560,"url":"https:\/\/www.dermoscalp.ee\/wp-content\/uploads\/2024\/11\/IMG_8174-scaled.jpeg","type":"image\/jpeg"}],"twitter_card":"summary_large_image","twitter_misc":{"Est. reading time":"1 minute"},"schema":{"@context":"https:\/\/schema.org","@graph":[{"@type":"WebPage","@id":"https:\/\/dermoscalp.ee\/en\/product\/ds-leave-in-conditioner-100ml\/","url":"https:\/\/dermoscalp.ee\/en\/product\/ds-leave-in-conditioner-100ml\/","name":"DS Leave-In Conditioner 100ml - DermoScalp","isPartOf":{"@id":"https:\/\/dermoscalp.ee\/#website"},"primaryImageOfPage":{"@id":"https:\/\/dermoscalp.ee\/en\/product\/ds-leave-in-conditioner-100ml\/#primaryimage"},"image":{"@id":"https:\/\/dermoscalp.ee\/en\/product\/ds-leave-in-conditioner-100ml\/#primaryimage"},"thumbnailUrl":"https:\/\/dermoscalp.ee\/wp-content\/uploads\/2024\/11\/IMG_8174-scaled.jpeg","datePublished":"2024-11-29T17:46:23+00:00","dateModified":"2025-10-28T06:41:58+00:00","description":"Hydrating vegan conditioner for all hair types. Use as leave-in or wash-out for soft, shiny, protected hair.","breadcrumb":{"@id":"https:\/\/dermoscalp.ee\/en\/product\/ds-leave-in-conditioner-100ml\/#breadcrumb"},"inLanguage":"en-US","potentialAction":[{"@type":"ReadAction","target":["https:\/\/dermoscalp.ee\/en\/product\/ds-leave-in-conditioner-100ml\/"]}]},{"@type":"ImageObject","inLanguage":"en-US","@id":"https:\/\/dermoscalp.ee\/en\/product\/ds-leave-in-conditioner-100ml\/#primaryimage","url":"https:\/\/dermoscalp.ee\/wp-content\/uploads\/2024\/11\/IMG_8174-scaled.jpeg","contentUrl":"https:\/\/dermoscalp.ee\/wp-content\/uploads\/2024\/11\/IMG_8174-scaled.jpeg","width":1920,"height":2560},{"@type":"BreadcrumbList","@id":"https:\/\/dermoscalp.ee\/en\/product\/ds-leave-in-conditioner-100ml\/#breadcrumb","itemListElement":[{"@type":"ListItem","position":1,"name":"Home","item":"https:\/\/www.dermoscalp.ee\/"},{"@type":"ListItem","position":2,"name":"Pood","item":"https:\/\/dermoscalp.ee\/shop-2\/"},{"@type":"ListItem","position":3,"name":"DS Leave-In Conditioner 100ml"}]},{"@type":"WebSite","@id":"https:\/\/dermoscalp.ee\/#website","url":"https:\/\/dermoscalp.ee\/","name":"DermoScalp","description":"Sinu peanaha heaks!","potentialAction":[{"@type":"SearchAction","target":{"@type":"EntryPoint","urlTemplate":"https:\/\/dermoscalp.ee\/?s={search_term_string}"},"query-input":{"@type":"PropertyValueSpecification","valueRequired":true,"valueName":"search_term_string"}}],"inLanguage":"en-US"}]}},"_links":{"self":[{"href":"https:\/\/dermoscalp.ee\/en\/wp-json\/wp\/v2\/product\/2691","targetHints":{"allow":["GET"]}}],"collection":[{"href":"https:\/\/dermoscalp.ee\/en\/wp-json\/wp\/v2\/product"}],"about":[{"href":"https:\/\/dermoscalp.ee\/en\/wp-json\/wp\/v2\/types\/product"}],"replies":[{"embeddable":true,"href":"https:\/\/dermoscalp.ee\/en\/wp-json\/wp\/v2\/comments?post=2691"}],"version-history":[{"count":3,"href":"https:\/\/dermoscalp.ee\/en\/wp-json\/wp\/v2\/product\/2691\/revisions"}],"predecessor-version":[{"id":2987,"href":"https:\/\/dermoscalp.ee\/en\/wp-json\/wp\/v2\/product\/2691\/revisions\/2987"}],"wp:featuredmedia":[{"embeddable":true,"href":"https:\/\/dermoscalp.ee\/en\/wp-json\/wp\/v2\/media\/2689"}],"wp:attachment":[{"href":"https:\/\/dermoscalp.ee\/en\/wp-json\/wp\/v2\/media?parent=2691"}],"wp:term":[{"taxonomy":"product_brand","embeddable":true,"href":"https:\/\/dermoscalp.ee\/en\/wp-json\/wp\/v2\/product_brand?post=2691"},{"taxonomy":"product_cat","embeddable":true,"href":"https:\/\/dermoscalp.ee\/en\/wp-json\/wp\/v2\/product_cat?post=2691"},{"taxonomy":"product_tag","embeddable":true,"href":"https:\/\/dermoscalp.ee\/en\/wp-json\/wp\/v2\/product_tag?post=2691"}],"curies":[{"name":"wp","href":"https:\/\/api.w.org\/{rel}","templated":true}]}}