{"id":2760,"date":"2025-02-05T11:51:18","date_gmt":"2025-02-05T11:51:18","guid":{"rendered":"https:\/\/dermoscalp.ee\/?post_type=product&#038;p=2760"},"modified":"2026-01-13T09:27:57","modified_gmt":"2026-01-13T09:27:57","slug":"uus-vanilla-kehakreem-250ml","status":"publish","type":"product","link":"https:\/\/dermoscalp.ee\/en\/product\/uus-vanilla-kehakreem-250ml\/","title":{"rendered":"Vanilla kehakreem 250ml"},"content":{"rendered":"<h2 data-start=\"311\" data-end=\"372\"><strong data-start=\"314\" data-end=\"372\">DermoScalp Vanilla \u2013 eriti rikkalik niisutav kehakreem<\/strong><\/h2>\n<p data-start=\"374\" data-end=\"619\"><strong data-start=\"374\" data-end=\"396\">DermoScalp Vanilla<\/strong> on s\u00fcgavniisutav ja toitaineterikas kehakreem, mis hooldab nahka looduslike \u00f5lide ja taimeekstraktidega. Selle rikkalik koostis tagab pikaajalise niisutuse ja toite, j\u00e4ttes naha siidiselt pehmeks, elastseks ja kaitstuks.<\/p>\n<p data-start=\"621\" data-end=\"914\">Kreem on rikastatud <strong data-start=\"641\" data-end=\"671\">French Vanilla aroomi\u00f5liga<\/strong>, mis muudab kreemitamise meeldivaks ja rahustavaks rituaaliks. Looduslikud koostisosad toetavad naha taastumist ja sobivad suurep\u00e4raselt ka <strong data-start=\"812\" data-end=\"856\">kuivale, tundlikule v\u00f5i \u00e4rritunud nahale<\/strong>, sealhulgas <strong data-start=\"869\" data-end=\"911\">psoriaasi ja dermatiidi leevendamiseks<\/strong>.<\/p>\n<h3 data-start=\"916\" data-end=\"943\"><strong data-start=\"920\" data-end=\"943\">Peamised toimeained<\/strong><\/h3>\n<ul data-start=\"944\" data-end=\"1401\">\n<li data-start=\"944\" data-end=\"1046\">\n<p data-start=\"946\" data-end=\"1046\"><strong data-start=\"946\" data-end=\"968\">Aloe Vera ekstrakt<\/strong> \u2013 rahustab ja niisutab, aidates s\u00e4ilitada naha loomulikku niiskustasakaalu.<\/p>\n<\/li>\n<li data-start=\"1047\" data-end=\"1140\">\n<p data-start=\"1049\" data-end=\"1140\"><strong data-start=\"1049\" data-end=\"1073\">Kookos\u00f5li ja sheav\u00f5i<\/strong> \u2013 s\u00fcgavniisutavad, pehmendavad ja taastavad naha kaitsebarj\u00e4\u00e4ri.<\/p>\n<\/li>\n<li data-start=\"1141\" data-end=\"1242\">\n<p data-start=\"1143\" data-end=\"1242\"><strong data-start=\"1143\" data-end=\"1172\">Saialille ja aprikoosi\u00f5li<\/strong> \u2013 toetavad naha uuenemist ja aitavad v\u00e4hendada kuivust ja karedust.<\/p>\n<\/li>\n<li data-start=\"1243\" data-end=\"1323\">\n<p data-start=\"1245\" data-end=\"1323\"><strong data-start=\"1245\" data-end=\"1270\">Argaania ja jojoba\u00f5li<\/strong> \u2013 tugevdavad, siluvad ja lisavad nahale elastsust.<\/p>\n<\/li>\n<li data-start=\"1324\" data-end=\"1401\">\n<p data-start=\"1326\" data-end=\"1401\"><strong data-start=\"1326\" data-end=\"1342\">Riitsinus\u00f5li<\/strong> \u2013 aitab hoida niiskust, muutes naha pehmeks ja siledaks.<\/p>\n<\/li>\n<\/ul>\n<p data-start=\"1403\" data-end=\"1581\"><strong data-start=\"1403\" data-end=\"1446\">98,9% loodusliku p\u00e4ritoluga koostisosad<\/strong> (vastavalt ISO 16128-1:2016 standardile).<br data-start=\"1488\" data-end=\"1491\" \/>COSMOS sertifitseeritud ja &#8220;Made with Organic&#8221; m\u00e4rgistusega.<\/p>","protected":false},"excerpt":{"rendered":"<h3 data-start=\"1583\" data-end=\"1605\"><strong data-start=\"1587\" data-end=\"1605\">Toote omadused<\/strong><\/h3>\n<ul data-start=\"1606\" data-end=\"1816\">\n<li data-start=\"1606\" data-end=\"1615\">\n<p data-start=\"1608\" data-end=\"1615\">Vegan<\/p>\n<\/li>\n<li data-start=\"1616\" data-end=\"1631\">\n<p data-start=\"1618\" data-end=\"1631\">Julmusevaba<\/p>\n<\/li>\n<li data-start=\"1632\" data-end=\"1681\">\n<p data-start=\"1634\" data-end=\"1681\">Ei sisalda kunstlikke v\u00e4rvaineid ega parabene<\/p>\n<\/li>\n<li data-start=\"1682\" data-end=\"1720\">\n<p data-start=\"1684\" data-end=\"1720\">Sobib tundlikule ja kuivale nahale<\/p>\n<\/li>\n<li data-start=\"1721\" data-end=\"1769\">\n<p data-start=\"1723\" data-end=\"1769\">Sobib dermatiidi ja psoriaasi leevendamiseks<\/p>\n<\/li>\n<li data-start=\"1770\" data-end=\"1816\">\n<p data-start=\"1772\" data-end=\"1816\">Looduslik, k\u00e4sitsi valmistatud kehahooldus<\/p>\n<\/li>\n<\/ul>\n<p data-start=\"1818\" data-end=\"1853\"><strong data-start=\"1818\" data-end=\"1827\">Maht:<\/strong> 250 ml<br data-start=\"1834\" data-end=\"1837\" \/><strong data-start=\"1837\" data-end=\"1846\">Hind:<\/strong> 20 \u20ac<\/p>\n<h3 data-start=\"1860\" data-end=\"1878\"><strong data-start=\"1864\" data-end=\"1878\">Usage<\/strong><\/h3>\n<p data-start=\"1879\" data-end=\"2102\">Kanna kehakreem puhtale nahale ning masseeri, kuni see on t\u00e4ielikult imendunud.<br data-start=\"1958\" data-end=\"1961\" \/>Sobib igap\u00e4evaseks kasutamiseks kogu kehale. Parima tulemuse saavutamiseks kasuta p\u00e4rast du\u0161i all k\u00e4imist, kui nahk on veel kergelt niiske.<\/p>","protected":false},"featured_media":2761,"comment_status":"open","ping_status":"closed","template":"","meta":{"site-sidebar-layout":"default","site-content-layout":"","ast-site-content-layout":"default","site-content-style":"default","site-sidebar-style":"default","ast-global-header-display":"","ast-banner-title-visibility":"","ast-main-header-display":"","ast-hfb-above-header-display":"","ast-hfb-below-header-display":"","ast-hfb-mobile-header-display":"","site-post-title":"","ast-breadcrumbs-content":"","ast-featured-img":"","footer-sml-layout":"","theme-transparent-header-meta":"default","adv-header-id-meta":"","stick-header-meta":"","header-above-stick-meta":"","header-main-stick-meta":"","header-below-stick-meta":"","astra-migrate-meta-layouts":"set","ast-page-background-enabled":"default","ast-page-background-meta":{"desktop":{"background-color":"var(--ast-global-color-4)","background-image":"","background-repeat":"repeat","background-position":"center center","background-size":"auto","background-attachment":"scroll","background-type":"","background-media":"","overlay-type":"","overlay-color":"","overlay-gradient":""},"tablet":{"background-color":"","background-image":"","background-repeat":"repeat","background-position":"center center","background-size":"auto","background-attachment":"scroll","background-type":"","background-media":"","overlay-type":"","overlay-color":"","overlay-gradient":""},"mobile":{"background-color":"","background-image":"","background-repeat":"repeat","background-position":"center center","background-size":"auto","background-attachment":"scroll","background-type":"","background-media":"","overlay-type":"","overlay-color":"","overlay-gradient":""}},"ast-content-background-meta":{"desktop":{"background-color":"var(--ast-global-color-5)","background-image":"","background-repeat":"repeat","background-position":"center center","background-size":"auto","background-attachment":"scroll","background-type":"","background-media":"","overlay-type":"","overlay-color":"","overlay-gradient":""},"tablet":{"background-color":"var(--ast-global-color-5)","background-image":"","background-repeat":"repeat","background-position":"center center","background-size":"auto","background-attachment":"scroll","background-type":"","background-media":"","overlay-type":"","overlay-color":"","overlay-gradient":""},"mobile":{"background-color":"var(--ast-global-color-5)","background-image":"","background-repeat":"repeat","background-position":"center center","background-size":"auto","background-attachment":"scroll","background-type":"","background-media":"","overlay-type":"","overlay-color":"","overlay-gradient":""}}},"product_brand":[],"product_cat":[15],"product_tag":[],"class_list":{"0":"post-2760","1":"product","2":"type-product","3":"status-publish","4":"has-post-thumbnail","6":"product_cat-uncategorized","7":"desktop-align-left","8":"tablet-align-left","9":"mobile-align-left","11":"first","12":"instock","13":"sale","14":"taxable","15":"shipping-taxable","16":"purchasable","17":"product-type-simple"},"yoast_head":"<!-- This site is optimized with the Yoast SEO plugin v24.1 - https:\/\/yoast.com\/wordpress\/plugins\/seo\/ -->\n<title>Vanilla kehakreem 250ml - DermoScalp<\/title>\n<meta name=\"description\" content=\"Rich vegan body cream with French Vanilla. Deeply moisturizes and softens dry, sensitive skin. Handmade in Estonia, 98.9% natural ingredients.\" \/>\n<meta name=\"robots\" content=\"index, follow, max-snippet:-1, max-image-preview:large, max-video-preview:-1\" \/>\n<link rel=\"canonical\" href=\"https:\/\/dermoscalp.ee\/en\/product\/uus-vanilla-kehakreem-250ml\/\" \/>\n<meta property=\"og:locale\" content=\"en_US\" \/>\n<meta property=\"og:type\" content=\"article\" \/>\n<meta property=\"og:title\" content=\"Vanilla kehakreem 250ml - DermoScalp\" \/>\n<meta property=\"og:description\" content=\"Rich vegan body cream with French Vanilla. Deeply moisturizes and softens dry, sensitive skin. Handmade in Estonia, 98.9% natural ingredients.\" \/>\n<meta property=\"og:url\" content=\"https:\/\/dermoscalp.ee\/en\/product\/uus-vanilla-kehakreem-250ml\/\" \/>\n<meta property=\"og:site_name\" content=\"DermoScalp\" \/>\n<meta property=\"article:modified_time\" content=\"2026-01-13T09:27:57+00:00\" \/>\n<meta property=\"og:image\" content=\"https:\/\/dermoscalp.ee\/wp-content\/uploads\/2025\/02\/DSC6830.jpg\" \/>\n\t<meta property=\"og:image:width\" content=\"1363\" \/>\n\t<meta property=\"og:image:height\" content=\"2048\" \/>\n\t<meta property=\"og:image:type\" content=\"image\/jpeg\" \/>\n<meta name=\"twitter:card\" content=\"summary_large_image\" \/>\n<meta name=\"twitter:label1\" content=\"Est. reading time\" \/>\n\t<meta name=\"twitter:data1\" content=\"1 minute\" \/>\n<script type=\"application\/ld+json\" class=\"yoast-schema-graph\">{\"@context\":\"https:\/\/schema.org\",\"@graph\":[{\"@type\":\"WebPage\",\"@id\":\"https:\/\/dermoscalp.ee\/en\/product\/uus-vanilla-kehakreem-250ml\/\",\"url\":\"https:\/\/dermoscalp.ee\/en\/product\/uus-vanilla-kehakreem-250ml\/\",\"name\":\"Vanilla kehakreem 250ml - DermoScalp\",\"isPartOf\":{\"@id\":\"https:\/\/dermoscalp.ee\/#website\"},\"primaryImageOfPage\":{\"@id\":\"https:\/\/dermoscalp.ee\/en\/product\/uus-vanilla-kehakreem-250ml\/#primaryimage\"},\"image\":{\"@id\":\"https:\/\/dermoscalp.ee\/en\/product\/uus-vanilla-kehakreem-250ml\/#primaryimage\"},\"thumbnailUrl\":\"https:\/\/dermoscalp.ee\/wp-content\/uploads\/2025\/02\/DSC6830.jpg\",\"datePublished\":\"2025-02-05T11:51:18+00:00\",\"dateModified\":\"2026-01-13T09:27:57+00:00\",\"description\":\"Rich vegan body cream with French Vanilla. Deeply moisturizes and softens dry, sensitive skin. Handmade in Estonia, 98.9% natural ingredients.\",\"breadcrumb\":{\"@id\":\"https:\/\/dermoscalp.ee\/en\/product\/uus-vanilla-kehakreem-250ml\/#breadcrumb\"},\"inLanguage\":\"en-US\",\"potentialAction\":[{\"@type\":\"ReadAction\",\"target\":[\"https:\/\/dermoscalp.ee\/en\/product\/uus-vanilla-kehakreem-250ml\/\"]}]},{\"@type\":\"ImageObject\",\"inLanguage\":\"en-US\",\"@id\":\"https:\/\/dermoscalp.ee\/en\/product\/uus-vanilla-kehakreem-250ml\/#primaryimage\",\"url\":\"https:\/\/dermoscalp.ee\/wp-content\/uploads\/2025\/02\/DSC6830.jpg\",\"contentUrl\":\"https:\/\/dermoscalp.ee\/wp-content\/uploads\/2025\/02\/DSC6830.jpg\",\"width\":1363,\"height\":2048},{\"@type\":\"BreadcrumbList\",\"@id\":\"https:\/\/dermoscalp.ee\/en\/product\/uus-vanilla-kehakreem-250ml\/#breadcrumb\",\"itemListElement\":[{\"@type\":\"ListItem\",\"position\":1,\"name\":\"Home\",\"item\":\"https:\/\/www.dermoscalp.ee\/\"},{\"@type\":\"ListItem\",\"position\":2,\"name\":\"Pood\",\"item\":\"https:\/\/dermoscalp.ee\/shop-2\/\"},{\"@type\":\"ListItem\",\"position\":3,\"name\":\"Vanilla kehakreem 250ml\"}]},{\"@type\":\"WebSite\",\"@id\":\"https:\/\/dermoscalp.ee\/#website\",\"url\":\"https:\/\/dermoscalp.ee\/\",\"name\":\"DermoScalp\",\"description\":\"Sinu peanaha heaks!\",\"potentialAction\":[{\"@type\":\"SearchAction\",\"target\":{\"@type\":\"EntryPoint\",\"urlTemplate\":\"https:\/\/dermoscalp.ee\/?s={search_term_string}\"},\"query-input\":{\"@type\":\"PropertyValueSpecification\",\"valueRequired\":true,\"valueName\":\"search_term_string\"}}],\"inLanguage\":\"en-US\"}]}<\/script>\n<!-- \/ Yoast SEO plugin. -->","yoast_head_json":{"title":"Vanilla kehakreem 250ml - DermoScalp","description":"Rich vegan body cream with French Vanilla. Deeply moisturizes and softens dry, sensitive skin. Handmade in Estonia, 98.9% natural ingredients.","robots":{"index":"index","follow":"follow","max-snippet":"max-snippet:-1","max-image-preview":"max-image-preview:large","max-video-preview":"max-video-preview:-1"},"canonical":"https:\/\/dermoscalp.ee\/en\/product\/uus-vanilla-kehakreem-250ml\/","og_locale":"en_US","og_type":"article","og_title":"Vanilla kehakreem 250ml - DermoScalp","og_description":"Rich vegan body cream with French Vanilla. Deeply moisturizes and softens dry, sensitive skin. Handmade in Estonia, 98.9% natural ingredients.","og_url":"https:\/\/dermoscalp.ee\/en\/product\/uus-vanilla-kehakreem-250ml\/","og_site_name":"DermoScalp","article_modified_time":"2026-01-13T09:27:57+00:00","og_image":[{"width":1363,"height":2048,"url":"https:\/\/dermoscalp.ee\/wp-content\/uploads\/2025\/02\/DSC6830.jpg","type":"image\/jpeg"}],"twitter_card":"summary_large_image","twitter_misc":{"Est. reading time":"1 minute"},"schema":{"@context":"https:\/\/schema.org","@graph":[{"@type":"WebPage","@id":"https:\/\/dermoscalp.ee\/en\/product\/uus-vanilla-kehakreem-250ml\/","url":"https:\/\/dermoscalp.ee\/en\/product\/uus-vanilla-kehakreem-250ml\/","name":"Vanilla kehakreem 250ml - DermoScalp","isPartOf":{"@id":"https:\/\/dermoscalp.ee\/#website"},"primaryImageOfPage":{"@id":"https:\/\/dermoscalp.ee\/en\/product\/uus-vanilla-kehakreem-250ml\/#primaryimage"},"image":{"@id":"https:\/\/dermoscalp.ee\/en\/product\/uus-vanilla-kehakreem-250ml\/#primaryimage"},"thumbnailUrl":"https:\/\/dermoscalp.ee\/wp-content\/uploads\/2025\/02\/DSC6830.jpg","datePublished":"2025-02-05T11:51:18+00:00","dateModified":"2026-01-13T09:27:57+00:00","description":"Rich vegan body cream with French Vanilla. Deeply moisturizes and softens dry, sensitive skin. Handmade in Estonia, 98.9% natural ingredients.","breadcrumb":{"@id":"https:\/\/dermoscalp.ee\/en\/product\/uus-vanilla-kehakreem-250ml\/#breadcrumb"},"inLanguage":"en-US","potentialAction":[{"@type":"ReadAction","target":["https:\/\/dermoscalp.ee\/en\/product\/uus-vanilla-kehakreem-250ml\/"]}]},{"@type":"ImageObject","inLanguage":"en-US","@id":"https:\/\/dermoscalp.ee\/en\/product\/uus-vanilla-kehakreem-250ml\/#primaryimage","url":"https:\/\/dermoscalp.ee\/wp-content\/uploads\/2025\/02\/DSC6830.jpg","contentUrl":"https:\/\/dermoscalp.ee\/wp-content\/uploads\/2025\/02\/DSC6830.jpg","width":1363,"height":2048},{"@type":"BreadcrumbList","@id":"https:\/\/dermoscalp.ee\/en\/product\/uus-vanilla-kehakreem-250ml\/#breadcrumb","itemListElement":[{"@type":"ListItem","position":1,"name":"Home","item":"https:\/\/www.dermoscalp.ee\/"},{"@type":"ListItem","position":2,"name":"Pood","item":"https:\/\/dermoscalp.ee\/shop-2\/"},{"@type":"ListItem","position":3,"name":"Vanilla kehakreem 250ml"}]},{"@type":"WebSite","@id":"https:\/\/dermoscalp.ee\/#website","url":"https:\/\/dermoscalp.ee\/","name":"DermoScalp","description":"Sinu peanaha heaks!","potentialAction":[{"@type":"SearchAction","target":{"@type":"EntryPoint","urlTemplate":"https:\/\/dermoscalp.ee\/?s={search_term_string}"},"query-input":{"@type":"PropertyValueSpecification","valueRequired":true,"valueName":"search_term_string"}}],"inLanguage":"en-US"}]}},"_links":{"self":[{"href":"https:\/\/dermoscalp.ee\/en\/wp-json\/wp\/v2\/product\/2760","targetHints":{"allow":["GET"]}}],"collection":[{"href":"https:\/\/dermoscalp.ee\/en\/wp-json\/wp\/v2\/product"}],"about":[{"href":"https:\/\/dermoscalp.ee\/en\/wp-json\/wp\/v2\/types\/product"}],"replies":[{"embeddable":true,"href":"https:\/\/dermoscalp.ee\/en\/wp-json\/wp\/v2\/comments?post=2760"}],"version-history":[{"count":3,"href":"https:\/\/dermoscalp.ee\/en\/wp-json\/wp\/v2\/product\/2760\/revisions"}],"predecessor-version":[{"id":2981,"href":"https:\/\/dermoscalp.ee\/en\/wp-json\/wp\/v2\/product\/2760\/revisions\/2981"}],"wp:featuredmedia":[{"embeddable":true,"href":"https:\/\/dermoscalp.ee\/en\/wp-json\/wp\/v2\/media\/2761"}],"wp:attachment":[{"href":"https:\/\/dermoscalp.ee\/en\/wp-json\/wp\/v2\/media?parent=2760"}],"wp:term":[{"taxonomy":"product_brand","embeddable":true,"href":"https:\/\/dermoscalp.ee\/en\/wp-json\/wp\/v2\/product_brand?post=2760"},{"taxonomy":"product_cat","embeddable":true,"href":"https:\/\/dermoscalp.ee\/en\/wp-json\/wp\/v2\/product_cat?post=2760"},{"taxonomy":"product_tag","embeddable":true,"href":"https:\/\/dermoscalp.ee\/en\/wp-json\/wp\/v2\/product_tag?post=2760"}],"curies":[{"name":"wp","href":"https:\/\/api.w.org\/{rel}","templated":true}]}}