{"id":2776,"date":"2025-02-18T09:58:30","date_gmt":"2025-02-18T09:58:30","guid":{"rendered":"https:\/\/dermoscalp.ee\/?post_type=product&#038;p=2776"},"modified":"2026-01-13T09:27:45","modified_gmt":"2026-01-13T09:27:45","slug":"uus-sweet-orange-kehakreem-250ml","status":"publish","type":"product","link":"https:\/\/dermoscalp.ee\/en\/product\/uus-sweet-orange-kehakreem-250ml\/","title":{"rendered":"Sweet Orange kehakreem 250ml"},"content":{"rendered":"<h2 data-start=\"406\" data-end=\"472\"><strong data-start=\"409\" data-end=\"472\">DermoScalp Sweet Orange \u2013 eriti rikkalik niisutav kehakreem<\/strong><\/h2>\n<p data-start=\"474\" data-end=\"734\"><strong data-start=\"474\" data-end=\"501\">DermoScalp Sweet Orange<\/strong> on s\u00fcgavniisutav ja toitaineterikas kehakreem, mis hooldab nahka looduslike \u00f5lide ja ekstraktidega. Selle siidise koostise ja kerge tekstuuriga kreem sulandub nahka kiiresti, j\u00e4ttes naha pehmeks, elastseks ja meeldivalt l\u00f5hnavaks.<\/p>\n<p data-start=\"736\" data-end=\"1025\">Kreem on rikastatud <strong data-start=\"756\" data-end=\"803\">orgaanilise magusa apelsini eeterliku \u00f5liga<\/strong>, mis toob kreemitamisse v\u00e4rskuse ja loodusliku aroomiteraapia kogemuse. T\u00e4nu hoolikalt valitud koostisosadele sobib kreem ka <strong data-start=\"929\" data-end=\"969\">kuivale, \u00f5rnale ja tundlikule nahale<\/strong>, sealhulgas <strong data-start=\"982\" data-end=\"1025\">dermatiidi ja psoriaasi leevendamiseks.<\/strong><\/p>\n<h3 data-start=\"1027\" data-end=\"1054\"><strong data-start=\"1031\" data-end=\"1054\">Peamised toimeained<\/strong><\/h3>\n<ul data-start=\"1055\" data-end=\"1590\">\n<li data-start=\"1055\" data-end=\"1144\">\n<p data-start=\"1057\" data-end=\"1144\"><strong data-start=\"1057\" data-end=\"1079\">Aloe Vera ekstrakt<\/strong> \u2013 rahustab, niisutab ja toetab naha loomulikku kaitsebarj\u00e4\u00e4ri.<\/p>\n<\/li>\n<li data-start=\"1145\" data-end=\"1228\">\n<p data-start=\"1147\" data-end=\"1228\"><strong data-start=\"1147\" data-end=\"1171\">Kookos\u00f5li ja Sheav\u00f5i<\/strong> \u2013 s\u00fcgavniisutavad, toidavad ja taastavad naha pehmuse.<\/p>\n<\/li>\n<li data-start=\"1229\" data-end=\"1314\">\n<p data-start=\"1231\" data-end=\"1314\"><strong data-start=\"1231\" data-end=\"1260\">Saialille ja aprikoosi\u00f5li<\/strong> \u2013 rahustavad ning toetavad naha taastumisprotsessi.<\/p>\n<\/li>\n<li data-start=\"1315\" data-end=\"1395\">\n<p data-start=\"1317\" data-end=\"1395\"><strong data-start=\"1317\" data-end=\"1342\">Argaania ja jojoba\u00f5li<\/strong> \u2013 siluvad ja tugevdavad, taastades naha elastsuse.<\/p>\n<\/li>\n<li data-start=\"1396\" data-end=\"1474\">\n<p data-start=\"1398\" data-end=\"1474\"><strong data-start=\"1398\" data-end=\"1414\">Riitsinus\u00f5li<\/strong> \u2013 niisutab s\u00fcgavuti ja aitab hoida naha niiskustasakaalu.<\/p>\n<\/li>\n<li data-start=\"1475\" data-end=\"1590\">\n<p data-start=\"1477\" data-end=\"1590\"><strong data-start=\"1477\" data-end=\"1514\">Sweet Orange Organic eeterlik \u00f5li<\/strong> \u2013 lisab loodusliku C-vitamiini energia, elustab ja parandab naha toonust.<\/p>\n<\/li>\n<\/ul>\n<p data-start=\"1592\" data-end=\"1760\"><strong data-start=\"1592\" data-end=\"1635\">98,9% loodusliku p\u00e4ritoluga koostisosad<\/strong> (vastavalt ISO 16128-1:2016).<br data-start=\"1665\" data-end=\"1668\" \/>COSMOS sertifitseeritud ja \u201eMade with Organic\u201c m\u00e4rgistusega.<\/p>\n<h3 data-start=\"2017\" data-end=\"2035\"><strong data-start=\"2021\" data-end=\"2035\">Usage<\/strong><\/h3>\n<p data-start=\"2036\" data-end=\"2258\">Kanna kehakreem puhtale nahale ning masseeri, kuni see on t\u00e4ielikult imendunud. Sobib igap\u00e4evaseks kasutamiseks kogu kehale. Parimate tulemuste saavutamiseks kasuta p\u00e4rast du\u0161i all k\u00e4imist, kui nahk on veel kergelt niiske.<\/p>","protected":false},"excerpt":{"rendered":"<h3 data-start=\"1762\" data-end=\"1784\"><strong data-start=\"1766\" data-end=\"1784\">Toote omadused<\/strong><\/h3>\n<ul data-start=\"1785\" data-end=\"1973\">\n<li data-start=\"1785\" data-end=\"1794\">\n<p data-start=\"1787\" data-end=\"1794\">Vegan<\/p>\n<\/li>\n<li data-start=\"1795\" data-end=\"1810\">\n<p data-start=\"1797\" data-end=\"1810\">Julmusevaba<\/p>\n<\/li>\n<li data-start=\"1811\" data-end=\"1860\">\n<p data-start=\"1813\" data-end=\"1860\">Ei sisalda kunstlikke v\u00e4rvaineid ega parabene<\/p>\n<\/li>\n<li data-start=\"1861\" data-end=\"1923\">\n<p data-start=\"1863\" data-end=\"1923\">Sobib tundlikule nahale, sh psoriaasi ja dermatiidi korral<\/p>\n<\/li>\n<li data-start=\"1924\" data-end=\"1973\">\n<p data-start=\"1926\" data-end=\"1973\">Looduslik, orgaaniline ja k\u00e4sitsi valmistatud<\/p>\n<\/li>\n<\/ul>\n<p data-start=\"1975\" data-end=\"2010\"><strong data-start=\"1975\" data-end=\"1984\">Maht:<\/strong> 250 ml<br data-start=\"1991\" data-end=\"1994\" \/><strong data-start=\"1994\" data-end=\"2003\">Hind:<\/strong> 20 \u20ac<\/p>\n<p data-start=\"1975\" data-end=\"2010\">","protected":false},"featured_media":2778,"comment_status":"open","ping_status":"closed","template":"","meta":{"site-sidebar-layout":"default","site-content-layout":"","ast-site-content-layout":"default","site-content-style":"default","site-sidebar-style":"default","ast-global-header-display":"","ast-banner-title-visibility":"","ast-main-header-display":"","ast-hfb-above-header-display":"","ast-hfb-below-header-display":"","ast-hfb-mobile-header-display":"","site-post-title":"","ast-breadcrumbs-content":"","ast-featured-img":"","footer-sml-layout":"","theme-transparent-header-meta":"default","adv-header-id-meta":"","stick-header-meta":"","header-above-stick-meta":"","header-main-stick-meta":"","header-below-stick-meta":"","astra-migrate-meta-layouts":"set","ast-page-background-enabled":"default","ast-page-background-meta":{"desktop":{"background-color":"var(--ast-global-color-4)","background-image":"","background-repeat":"repeat","background-position":"center center","background-size":"auto","background-attachment":"scroll","background-type":"","background-media":"","overlay-type":"","overlay-color":"","overlay-gradient":""},"tablet":{"background-color":"","background-image":"","background-repeat":"repeat","background-position":"center center","background-size":"auto","background-attachment":"scroll","background-type":"","background-media":"","overlay-type":"","overlay-color":"","overlay-gradient":""},"mobile":{"background-color":"","background-image":"","background-repeat":"repeat","background-position":"center center","background-size":"auto","background-attachment":"scroll","background-type":"","background-media":"","overlay-type":"","overlay-color":"","overlay-gradient":""}},"ast-content-background-meta":{"desktop":{"background-color":"var(--ast-global-color-5)","background-image":"","background-repeat":"repeat","background-position":"center center","background-size":"auto","background-attachment":"scroll","background-type":"","background-media":"","overlay-type":"","overlay-color":"","overlay-gradient":""},"tablet":{"background-color":"var(--ast-global-color-5)","background-image":"","background-repeat":"repeat","background-position":"center center","background-size":"auto","background-attachment":"scroll","background-type":"","background-media":"","overlay-type":"","overlay-color":"","overlay-gradient":""},"mobile":{"background-color":"var(--ast-global-color-5)","background-image":"","background-repeat":"repeat","background-position":"center center","background-size":"auto","background-attachment":"scroll","background-type":"","background-media":"","overlay-type":"","overlay-color":"","overlay-gradient":""}}},"product_brand":[],"product_cat":[144],"product_tag":[],"class_list":{"0":"post-2776","1":"product","2":"type-product","3":"status-publish","4":"has-post-thumbnail","6":"product_cat-body-lotion","7":"desktop-align-left","8":"tablet-align-left","9":"mobile-align-left","11":"first","12":"instock","13":"sale","14":"taxable","15":"shipping-taxable","16":"purchasable","17":"product-type-simple"},"yoast_head":"<!-- This site is optimized with the Yoast SEO plugin v24.1 - https:\/\/yoast.com\/wordpress\/plugins\/seo\/ -->\n<title>Sweet Orange kehakreem 250ml - DermoScalp<\/title>\n<meta name=\"description\" content=\"Rich, organic body cream with Sweet Orange oil. Deeply nourishes and hydrates dry, sensitive skin. Vegan and cruelty-free.\" \/>\n<meta name=\"robots\" content=\"index, follow, max-snippet:-1, max-image-preview:large, max-video-preview:-1\" \/>\n<link rel=\"canonical\" href=\"https:\/\/dermoscalp.ee\/en\/product\/uus-sweet-orange-kehakreem-250ml\/\" \/>\n<meta property=\"og:locale\" content=\"en_US\" \/>\n<meta property=\"og:type\" content=\"article\" \/>\n<meta property=\"og:title\" content=\"Sweet Orange kehakreem 250ml - DermoScalp\" \/>\n<meta property=\"og:description\" content=\"Rich, organic body cream with Sweet Orange oil. Deeply nourishes and hydrates dry, sensitive skin. Vegan and cruelty-free.\" \/>\n<meta property=\"og:url\" content=\"https:\/\/dermoscalp.ee\/en\/product\/uus-sweet-orange-kehakreem-250ml\/\" \/>\n<meta property=\"og:site_name\" content=\"DermoScalp\" \/>\n<meta property=\"article:modified_time\" content=\"2026-01-13T09:27:45+00:00\" \/>\n<meta property=\"og:image\" content=\"https:\/\/dermoscalp.ee\/wp-content\/uploads\/2025\/02\/DSC7246.jpg\" \/>\n\t<meta property=\"og:image:width\" content=\"1363\" \/>\n\t<meta property=\"og:image:height\" content=\"2048\" \/>\n\t<meta property=\"og:image:type\" content=\"image\/jpeg\" \/>\n<meta name=\"twitter:card\" content=\"summary_large_image\" \/>\n<meta name=\"twitter:label1\" content=\"Est. reading time\" \/>\n\t<meta name=\"twitter:data1\" content=\"2 minutes\" \/>\n<script type=\"application\/ld+json\" class=\"yoast-schema-graph\">{\"@context\":\"https:\/\/schema.org\",\"@graph\":[{\"@type\":\"WebPage\",\"@id\":\"https:\/\/dermoscalp.ee\/en\/product\/uus-sweet-orange-kehakreem-250ml\/\",\"url\":\"https:\/\/dermoscalp.ee\/en\/product\/uus-sweet-orange-kehakreem-250ml\/\",\"name\":\"Sweet Orange kehakreem 250ml - DermoScalp\",\"isPartOf\":{\"@id\":\"https:\/\/dermoscalp.ee\/#website\"},\"primaryImageOfPage\":{\"@id\":\"https:\/\/dermoscalp.ee\/en\/product\/uus-sweet-orange-kehakreem-250ml\/#primaryimage\"},\"image\":{\"@id\":\"https:\/\/dermoscalp.ee\/en\/product\/uus-sweet-orange-kehakreem-250ml\/#primaryimage\"},\"thumbnailUrl\":\"https:\/\/dermoscalp.ee\/wp-content\/uploads\/2025\/02\/DSC7246.jpg\",\"datePublished\":\"2025-02-18T09:58:30+00:00\",\"dateModified\":\"2026-01-13T09:27:45+00:00\",\"description\":\"Rich, organic body cream with Sweet Orange oil. Deeply nourishes and hydrates dry, sensitive skin. Vegan and cruelty-free.\",\"breadcrumb\":{\"@id\":\"https:\/\/dermoscalp.ee\/en\/product\/uus-sweet-orange-kehakreem-250ml\/#breadcrumb\"},\"inLanguage\":\"en-US\",\"potentialAction\":[{\"@type\":\"ReadAction\",\"target\":[\"https:\/\/dermoscalp.ee\/en\/product\/uus-sweet-orange-kehakreem-250ml\/\"]}]},{\"@type\":\"ImageObject\",\"inLanguage\":\"en-US\",\"@id\":\"https:\/\/dermoscalp.ee\/en\/product\/uus-sweet-orange-kehakreem-250ml\/#primaryimage\",\"url\":\"https:\/\/dermoscalp.ee\/wp-content\/uploads\/2025\/02\/DSC7246.jpg\",\"contentUrl\":\"https:\/\/dermoscalp.ee\/wp-content\/uploads\/2025\/02\/DSC7246.jpg\",\"width\":1363,\"height\":2048},{\"@type\":\"BreadcrumbList\",\"@id\":\"https:\/\/dermoscalp.ee\/en\/product\/uus-sweet-orange-kehakreem-250ml\/#breadcrumb\",\"itemListElement\":[{\"@type\":\"ListItem\",\"position\":1,\"name\":\"Home\",\"item\":\"https:\/\/www.dermoscalp.ee\/\"},{\"@type\":\"ListItem\",\"position\":2,\"name\":\"Pood\",\"item\":\"https:\/\/dermoscalp.ee\/shop-2\/\"},{\"@type\":\"ListItem\",\"position\":3,\"name\":\"Sweet Orange kehakreem 250ml\"}]},{\"@type\":\"WebSite\",\"@id\":\"https:\/\/dermoscalp.ee\/#website\",\"url\":\"https:\/\/dermoscalp.ee\/\",\"name\":\"DermoScalp\",\"description\":\"Sinu peanaha heaks!\",\"potentialAction\":[{\"@type\":\"SearchAction\",\"target\":{\"@type\":\"EntryPoint\",\"urlTemplate\":\"https:\/\/dermoscalp.ee\/?s={search_term_string}\"},\"query-input\":{\"@type\":\"PropertyValueSpecification\",\"valueRequired\":true,\"valueName\":\"search_term_string\"}}],\"inLanguage\":\"en-US\"}]}<\/script>\n<!-- \/ Yoast SEO plugin. -->","yoast_head_json":{"title":"Sweet Orange kehakreem 250ml - DermoScalp","description":"Rich, organic body cream with Sweet Orange oil. Deeply nourishes and hydrates dry, sensitive skin. Vegan and cruelty-free.","robots":{"index":"index","follow":"follow","max-snippet":"max-snippet:-1","max-image-preview":"max-image-preview:large","max-video-preview":"max-video-preview:-1"},"canonical":"https:\/\/dermoscalp.ee\/en\/product\/uus-sweet-orange-kehakreem-250ml\/","og_locale":"en_US","og_type":"article","og_title":"Sweet Orange kehakreem 250ml - DermoScalp","og_description":"Rich, organic body cream with Sweet Orange oil. Deeply nourishes and hydrates dry, sensitive skin. Vegan and cruelty-free.","og_url":"https:\/\/dermoscalp.ee\/en\/product\/uus-sweet-orange-kehakreem-250ml\/","og_site_name":"DermoScalp","article_modified_time":"2026-01-13T09:27:45+00:00","og_image":[{"width":1363,"height":2048,"url":"https:\/\/dermoscalp.ee\/wp-content\/uploads\/2025\/02\/DSC7246.jpg","type":"image\/jpeg"}],"twitter_card":"summary_large_image","twitter_misc":{"Est. reading time":"2 minutes"},"schema":{"@context":"https:\/\/schema.org","@graph":[{"@type":"WebPage","@id":"https:\/\/dermoscalp.ee\/en\/product\/uus-sweet-orange-kehakreem-250ml\/","url":"https:\/\/dermoscalp.ee\/en\/product\/uus-sweet-orange-kehakreem-250ml\/","name":"Sweet Orange kehakreem 250ml - DermoScalp","isPartOf":{"@id":"https:\/\/dermoscalp.ee\/#website"},"primaryImageOfPage":{"@id":"https:\/\/dermoscalp.ee\/en\/product\/uus-sweet-orange-kehakreem-250ml\/#primaryimage"},"image":{"@id":"https:\/\/dermoscalp.ee\/en\/product\/uus-sweet-orange-kehakreem-250ml\/#primaryimage"},"thumbnailUrl":"https:\/\/dermoscalp.ee\/wp-content\/uploads\/2025\/02\/DSC7246.jpg","datePublished":"2025-02-18T09:58:30+00:00","dateModified":"2026-01-13T09:27:45+00:00","description":"Rich, organic body cream with Sweet Orange oil. Deeply nourishes and hydrates dry, sensitive skin. Vegan and cruelty-free.","breadcrumb":{"@id":"https:\/\/dermoscalp.ee\/en\/product\/uus-sweet-orange-kehakreem-250ml\/#breadcrumb"},"inLanguage":"en-US","potentialAction":[{"@type":"ReadAction","target":["https:\/\/dermoscalp.ee\/en\/product\/uus-sweet-orange-kehakreem-250ml\/"]}]},{"@type":"ImageObject","inLanguage":"en-US","@id":"https:\/\/dermoscalp.ee\/en\/product\/uus-sweet-orange-kehakreem-250ml\/#primaryimage","url":"https:\/\/dermoscalp.ee\/wp-content\/uploads\/2025\/02\/DSC7246.jpg","contentUrl":"https:\/\/dermoscalp.ee\/wp-content\/uploads\/2025\/02\/DSC7246.jpg","width":1363,"height":2048},{"@type":"BreadcrumbList","@id":"https:\/\/dermoscalp.ee\/en\/product\/uus-sweet-orange-kehakreem-250ml\/#breadcrumb","itemListElement":[{"@type":"ListItem","position":1,"name":"Home","item":"https:\/\/www.dermoscalp.ee\/"},{"@type":"ListItem","position":2,"name":"Pood","item":"https:\/\/dermoscalp.ee\/shop-2\/"},{"@type":"ListItem","position":3,"name":"Sweet Orange kehakreem 250ml"}]},{"@type":"WebSite","@id":"https:\/\/dermoscalp.ee\/#website","url":"https:\/\/dermoscalp.ee\/","name":"DermoScalp","description":"Sinu peanaha heaks!","potentialAction":[{"@type":"SearchAction","target":{"@type":"EntryPoint","urlTemplate":"https:\/\/dermoscalp.ee\/?s={search_term_string}"},"query-input":{"@type":"PropertyValueSpecification","valueRequired":true,"valueName":"search_term_string"}}],"inLanguage":"en-US"}]}},"_links":{"self":[{"href":"https:\/\/dermoscalp.ee\/en\/wp-json\/wp\/v2\/product\/2776","targetHints":{"allow":["GET"]}}],"collection":[{"href":"https:\/\/dermoscalp.ee\/en\/wp-json\/wp\/v2\/product"}],"about":[{"href":"https:\/\/dermoscalp.ee\/en\/wp-json\/wp\/v2\/types\/product"}],"replies":[{"embeddable":true,"href":"https:\/\/dermoscalp.ee\/en\/wp-json\/wp\/v2\/comments?post=2776"}],"version-history":[{"count":5,"href":"https:\/\/dermoscalp.ee\/en\/wp-json\/wp\/v2\/product\/2776\/revisions"}],"predecessor-version":[{"id":3048,"href":"https:\/\/dermoscalp.ee\/en\/wp-json\/wp\/v2\/product\/2776\/revisions\/3048"}],"wp:featuredmedia":[{"embeddable":true,"href":"https:\/\/dermoscalp.ee\/en\/wp-json\/wp\/v2\/media\/2778"}],"wp:attachment":[{"href":"https:\/\/dermoscalp.ee\/en\/wp-json\/wp\/v2\/media?parent=2776"}],"wp:term":[{"taxonomy":"product_brand","embeddable":true,"href":"https:\/\/dermoscalp.ee\/en\/wp-json\/wp\/v2\/product_brand?post=2776"},{"taxonomy":"product_cat","embeddable":true,"href":"https:\/\/dermoscalp.ee\/en\/wp-json\/wp\/v2\/product_cat?post=2776"},{"taxonomy":"product_tag","embeddable":true,"href":"https:\/\/dermoscalp.ee\/en\/wp-json\/wp\/v2\/product_tag?post=2776"}],"curies":[{"name":"wp","href":"https:\/\/api.w.org\/{rel}","templated":true}]}}