{"id":2791,"date":"2025-03-05T12:46:56","date_gmt":"2025-03-05T12:46:56","guid":{"rendered":"https:\/\/dermoscalp.ee\/?post_type=product&#038;p=2791"},"modified":"2025-11-11T18:37:07","modified_gmt":"2025-11-11T18:37:07","slug":"uus-peanaha-oli-caramel","status":"publish","type":"product","link":"https:\/\/dermoscalp.ee\/en\/product\/uus-peanaha-oli-caramel\/","title":{"rendered":"Peanaha \u00f5li Caramel"},"content":{"rendered":"<div id=\"shopify-section-product-template\" class=\"shopify-section\">\n<div id=\"ProductSection\" data-section-id=\"product-template\" data-section-type=\"product-template\" data-image-zoom-type=\"lightbox\" data-show-extra-tab=\"false\" data-extra-tab-content=\"\" data-cart-enable-ajax=\"true\" data-enable-history-state=\"true\">\n<div class=\"product-single__description rte\">\n<p><strong>How to use?<\/strong><\/p>\n<p>Use on dry scalp before washing your hair! Water repels oil from the scalp, and this treatment does not work on a wet scalp. Gently massage the dry scalp, then apply a total of 3-4 (half) pipettes of DermoScalp scalp oil to different areas of the scalp. Massage the oil nicely into the scalp. You can also apply the oil to the full length and ends of the hair. Do not use too much oil; the hair does not need to be oily. Put your hair in a bun or simply secure it with a clip. If you wish, protect and add warmth by wearing a towel. The scalp oil also protects and nourishes the hair. Keep it on for 2 hours and use it twice a week for best results. You could do a scalp oiling treatment as a course. Do not keep the hair oil on overnight, as it may clog pores. For best results (faster hair growth and thickening \u2013 scalp stimulation), keep the oil on the scalp and hair for 2-4 hours. Wash off the oil with shampoo 2-3 times, washing and lathering thoroughly from each area. We recommend DermoScalp Rosemary or Palmarosa series shampoos, as they are not too strong and leave rich nutrients in the hair. Then use a small amount of DermoScalp Palmarosa conditioner, rinsing especially thoroughly, then dry your hair or let it dry. Do not go to bed with wet hair! The hair will be smooth and soft, the scalp nicely moisturized and nourished, and happy.<\/p>\n<p><strong>NB!<\/strong> If you feel irritation - immediately wash off the product 2-3 times with shampoo. If you are allergic to any of the ingredients - do not use the product! Avoid contact with eyes, as the oils may irritate the eyes. Store the oil in warmer conditions. It can solidify when cool. If it solidifies, hold it under warm water for a minute or make a water bath for the bottle.<\/p>\n<p><strong>Use on eyebrows!\u00a0<\/strong>You can also use this oil on your eyebrows with a small amount of cotton wool or a brush, if you are not allergic to these ingredients. Keep the oil on for up to 30 minutes, remove the oil with a face wash foam\/product. Do not get the product in your eyes! Oils are irritating to the eyes.<\/p>\n<p>After opening, use the product within 3 months!<\/p>\n<p>DermoScalp 30ml 31,40\u20ac<\/p>\n<p>Made in Estonia<\/p>\n<\/div>\n<\/div>\n<\/div>","protected":false},"excerpt":{"rendered":"<p><strong>Miks on Caramel \u00f5li Sinu peanahale ja juustele nii hea?<\/strong><\/p>\n<p>Sest meie \u00f5lid on valmistatud suure \u00a0armastusega Sinu peanaha ja juuste jaoks. DermoScalp<br \/>\nCaramel \u00f5li koostises on riitsinus\u00f6li, mis on rikkalik rashapete, eriti ritsinoolhappe poolest,<br \/>\nmis omab ka p\u00f5letikuvastaseid omadusi, on antimikroobne. Kookos\u00f5li on samuti antimikroobne ja aitab<br \/>\nennetada ka valkude kadu juustes, aitab v\u00e4hendada koma teket, takistab juuste murdumist ja katkemist. Saialill on eriti armastatud oma poletikuvastaste omaduste poolest &#8211; rahustab \u00e4rritunud peanahka ja<br \/>\ntaastab seda, stimuleerib kollageeni toitmist, aitab tugevdada juuksefolliikuleid ja soodustab<br \/>\nsamuti juste kasvu. Aloe vera aitab eemaldada peanahalt surnud naharakke, on niisutavate omadustega. Aprikoosituuma\u00f5li on rikkalik oleiinhappe ja linaoolhappe poolest. Sisaldab A- ja E-vitamiine. Soodustab samuti juuste kasvu. Kameelia\u00f5li sisaldab rohkelt oomega-9 rashappeid ja E-vitamiini. Niisutab, toidab.<br \/>\nKaitseb keskkonnategurite ja UV-kirguse ning saaste eest. Looduslikest \u00f6lidest ja ekstraktidest koosnev peanahka stimuleeriv, juuksekasvu soodustav ja niisutav ning rahustav peanahale ja juustele m\u00f6eldud \u00f5li. Karamelli aroom annab Sinu protseduuridele veel \u00fche elamuse. Poputa end regulaarselt ja Sinu kiharad kasvavad kiiremini, peanahk on niisutatud ning puhas, ei kuiva ega kestenda ning beebijuuksed hakkavad samuti kasvama edukamalt. Kasuta \u00f4li ka beebik\u00f5\u00f5ma eemaldamiseks. Kuidas kasutada: kanna \u00f5li peanahale (umbes 3-4 poolikut pipetit\u00e4it), masseeri \u00f6rnalt, aktiveeri vereringe. V\u00f6id panna ka m\u00f6ned tilgad oli otstesse, \u00e4ra liialda! Seej\u00e4rel on soovituslik hoida 2h seda peanahal, v\u00f6id hoida ka 1h. Kasuta parimateks tulemusteks 2 x n\u00e4dalas. Kui \u00f6li on hoitud, pese h\u00e4sti korralikult peanahk puhtaks 2-3x, olenevalt sampoonist, kasuta sel korral v\u00e4hem palsamit ja viimistlusvahendeid. Juuksed on niisutatud, s\u00e4ravad ja pehmed ning peanahk on \u00f6nnelik ning hingav! \u00d6li ei sisalda s\u00e4ilitusaineid. 100% naturaalsed \u00f6lid. Kasuta peale avamist 3-kuu jooksul \u00f4li \u00e4ra! 100% vegan ja loodud armastusega<br \/>\nEestis! #madeinestonia #crueltyfree<\/p>\n<p>DermoScalp Palmarosa 30ml koostisosad: ricin oil, coconut oil, calendula, aloe vera, apricot kernel, camellia oil, Caramel aroma oil.<\/p>\n<p>Suitable for sensitive and problematic scalps, also helps alleviate the symptoms of Psoriasis and Dermatitis (atopic dermatitis)!<\/p>\n<p>All ingredients are cruelty-free, and the ingredients used in our products are not tested on animals! 100% natural composition, fragrance-free, vegan, and preservative-free!<\/p>","protected":false},"featured_media":2794,"comment_status":"open","ping_status":"closed","template":"","meta":{"site-sidebar-layout":"default","site-content-layout":"","ast-site-content-layout":"default","site-content-style":"default","site-sidebar-style":"default","ast-global-header-display":"","ast-banner-title-visibility":"","ast-main-header-display":"","ast-hfb-above-header-display":"","ast-hfb-below-header-display":"","ast-hfb-mobile-header-display":"","site-post-title":"","ast-breadcrumbs-content":"","ast-featured-img":"","footer-sml-layout":"","theme-transparent-header-meta":"default","adv-header-id-meta":"","stick-header-meta":"","header-above-stick-meta":"","header-main-stick-meta":"","header-below-stick-meta":"","astra-migrate-meta-layouts":"set","ast-page-background-enabled":"default","ast-page-background-meta":{"desktop":{"background-color":"var(--ast-global-color-4)","background-image":"","background-repeat":"repeat","background-position":"center center","background-size":"auto","background-attachment":"scroll","background-type":"","background-media":"","overlay-type":"","overlay-color":"","overlay-gradient":""},"tablet":{"background-color":"","background-image":"","background-repeat":"repeat","background-position":"center center","background-size":"auto","background-attachment":"scroll","background-type":"","background-media":"","overlay-type":"","overlay-color":"","overlay-gradient":""},"mobile":{"background-color":"","background-image":"","background-repeat":"repeat","background-position":"center center","background-size":"auto","background-attachment":"scroll","background-type":"","background-media":"","overlay-type":"","overlay-color":"","overlay-gradient":""}},"ast-content-background-meta":{"desktop":{"background-color":"var(--ast-global-color-5)","background-image":"","background-repeat":"repeat","background-position":"center center","background-size":"auto","background-attachment":"scroll","background-type":"","background-media":"","overlay-type":"","overlay-color":"","overlay-gradient":""},"tablet":{"background-color":"var(--ast-global-color-5)","background-image":"","background-repeat":"repeat","background-position":"center center","background-size":"auto","background-attachment":"scroll","background-type":"","background-media":"","overlay-type":"","overlay-color":"","overlay-gradient":""},"mobile":{"background-color":"var(--ast-global-color-5)","background-image":"","background-repeat":"repeat","background-position":"center center","background-size":"auto","background-attachment":"scroll","background-type":"","background-media":"","overlay-type":"","overlay-color":"","overlay-gradient":""}}},"product_brand":[],"product_cat":[131],"product_tag":[],"class_list":{"0":"post-2791","1":"product","2":"type-product","3":"status-publish","4":"has-post-thumbnail","6":"product_cat-peanahaoli","7":"desktop-align-left","8":"tablet-align-left","9":"mobile-align-left","11":"first","12":"instock","13":"taxable","14":"shipping-taxable","15":"purchasable","16":"product-type-simple"},"yoast_head":"<!-- This site is optimized with the Yoast SEO plugin v24.1 - https:\/\/yoast.com\/wordpress\/plugins\/seo\/ -->\n<title>Peanaha \u00f5li Caramel - DermoScalp<\/title>\n<meta name=\"robots\" content=\"index, follow, max-snippet:-1, max-image-preview:large, max-video-preview:-1\" \/>\n<link rel=\"canonical\" href=\"https:\/\/dermoscalp.ee\/en\/product\/uus-peanaha-oli-caramel\/\" \/>\n<meta property=\"og:locale\" content=\"en_US\" \/>\n<meta property=\"og:type\" content=\"article\" \/>\n<meta property=\"og:title\" content=\"Peanaha \u00f5li Caramel - DermoScalp\" \/>\n<meta property=\"og:description\" content=\"Miks on Caramel \u00f5li Sinu peanahale ja juustele nii hea?  Sest meie \u00f5lid on valmistatud suure \u00a0armastusega Sinu peanaha ja juuste jaoks. DermoScalp Caramel \u00f5li koostises on riitsinus\u00f6li, mis on rikkalik rashapete, eriti ritsinoolhappe poolest, mis omab ka p\u00f5letikuvastaseid omadusi, on antimikroobne. Kookos\u00f5li on samuti antimikroobne ja aitab ennetada ka valkude kadu juustes, aitab v\u00e4hendada koma teket, takistab juuste murdumist ja katkemist. Saialill on eriti armastatud oma poletikuvastaste omaduste poolest - rahustab \u00e4rritunud peanahka ja taastab seda, stimuleerib kollageeni toitmist, aitab tugevdada juuksefolliikuleid ja soodustab samuti juste kasvu. Aloe vera aitab eemaldada peanahalt surnud naharakke, on niisutavate omadustega. Aprikoosituuma\u00f5li on rikkalik oleiinhappe ja linaoolhappe poolest. Sisaldab A- ja E-vitamiine. Soodustab samuti juuste kasvu. Kameelia\u00f5li sisaldab rohkelt oomega-9 rashappeid ja E-vitamiini. Niisutab, toidab. Kaitseb keskkonnategurite ja UV-kirguse ning saaste eest. Looduslikest \u00f6lidest ja ekstraktidest koosnev peanahka stimuleeriv, juuksekasvu soodustav ja niisutav ning rahustav peanahale ja juustele m\u00f6eldud \u00f5li. Karamelli aroom annab Sinu protseduuridele veel \u00fche elamuse. Poputa end regulaarselt ja Sinu kiharad kasvavad kiiremini, peanahk on niisutatud ning puhas, ei kuiva ega kestenda ning beebijuuksed hakkavad samuti kasvama edukamalt. Kasuta \u00f4li ka beebik\u00f5\u00f5ma eemaldamiseks. Kuidas kasutada: kanna \u00f5li peanahale (umbes 3-4 poolikut pipetit\u00e4it), masseeri \u00f6rnalt, aktiveeri vereringe. V\u00f6id panna ka m\u00f6ned tilgad oli otstesse, \u00e4ra liialda! Seej\u00e4rel on soovituslik hoida 2h seda peanahal, v\u00f6id hoida ka 1h. Kasuta parimateks tulemusteks 2 x n\u00e4dalas. Kui \u00f6li on hoitud, pese h\u00e4sti korralikult peanahk puhtaks 2-3x, olenevalt sampoonist, kasuta sel korral v\u00e4hem palsamit ja viimistlusvahendeid. Juuksed on niisutatud, s\u00e4ravad ja pehmed ning peanahk on \u00f6nnelik ning hingav! \u00d6li ei sisalda s\u00e4ilitusaineid. 100% naturaalsed \u00f6lid. Kasuta peale avamist 3-kuu jooksul \u00f4li \u00e4ra! 100% vegan ja loodud armastusega Eestis! #madeinestonia #crueltyfree  DermoScalp Palmarosa 30ml koostisosad: ricin oil, coconut oil, calendula, aloe vera, apricot kernel, camellia oil, Caramel aroma oil.  Sobib h\u00e4sti \u00f5rnale ja probleemsele peanahale, sobib ka Psoriaasi ja Dermatiidi (atoopilise dermatiidi) vaevuste leevendamiseks!  K\u00f5ik koostisosad on kurjusevabad, meie toodetes kasutavaid koostisosi ei ole testitud loomadel! 100% naturaalne koostis, parf\u00fc\u00fcmivaba, vegan, s\u00e4ilitusainete vaba!\" \/>\n<meta property=\"og:url\" content=\"https:\/\/dermoscalp.ee\/en\/product\/uus-peanaha-oli-caramel\/\" \/>\n<meta property=\"og:site_name\" content=\"DermoScalp\" \/>\n<meta property=\"article:modified_time\" content=\"2025-11-11T18:37:07+00:00\" \/>\n<meta property=\"og:image\" content=\"https:\/\/dermoscalp.ee\/wp-content\/uploads\/2025\/03\/DSC8123-2.jpg\" \/>\n\t<meta property=\"og:image:width\" content=\"1363\" \/>\n\t<meta property=\"og:image:height\" content=\"2048\" \/>\n\t<meta property=\"og:image:type\" content=\"image\/jpeg\" \/>\n<meta name=\"twitter:card\" content=\"summary_large_image\" \/>\n<meta name=\"twitter:label1\" content=\"Est. reading time\" \/>\n\t<meta name=\"twitter:data1\" content=\"2 minutes\" \/>\n<script type=\"application\/ld+json\" class=\"yoast-schema-graph\">{\"@context\":\"https:\/\/schema.org\",\"@graph\":[{\"@type\":\"WebPage\",\"@id\":\"https:\/\/dermoscalp.ee\/en\/product\/uus-peanaha-oli-caramel\/\",\"url\":\"https:\/\/dermoscalp.ee\/en\/product\/uus-peanaha-oli-caramel\/\",\"name\":\"Peanaha \u00f5li Caramel - DermoScalp\",\"isPartOf\":{\"@id\":\"https:\/\/dermoscalp.ee\/#website\"},\"primaryImageOfPage\":{\"@id\":\"https:\/\/dermoscalp.ee\/en\/product\/uus-peanaha-oli-caramel\/#primaryimage\"},\"image\":{\"@id\":\"https:\/\/dermoscalp.ee\/en\/product\/uus-peanaha-oli-caramel\/#primaryimage\"},\"thumbnailUrl\":\"https:\/\/dermoscalp.ee\/wp-content\/uploads\/2025\/03\/DSC8123-2.jpg\",\"datePublished\":\"2025-03-05T12:46:56+00:00\",\"dateModified\":\"2025-11-11T18:37:07+00:00\",\"breadcrumb\":{\"@id\":\"https:\/\/dermoscalp.ee\/en\/product\/uus-peanaha-oli-caramel\/#breadcrumb\"},\"inLanguage\":\"en-US\",\"potentialAction\":[{\"@type\":\"ReadAction\",\"target\":[\"https:\/\/dermoscalp.ee\/en\/product\/uus-peanaha-oli-caramel\/\"]}]},{\"@type\":\"ImageObject\",\"inLanguage\":\"en-US\",\"@id\":\"https:\/\/dermoscalp.ee\/en\/product\/uus-peanaha-oli-caramel\/#primaryimage\",\"url\":\"https:\/\/dermoscalp.ee\/wp-content\/uploads\/2025\/03\/DSC8123-2.jpg\",\"contentUrl\":\"https:\/\/dermoscalp.ee\/wp-content\/uploads\/2025\/03\/DSC8123-2.jpg\",\"width\":1363,\"height\":2048},{\"@type\":\"BreadcrumbList\",\"@id\":\"https:\/\/dermoscalp.ee\/en\/product\/uus-peanaha-oli-caramel\/#breadcrumb\",\"itemListElement\":[{\"@type\":\"ListItem\",\"position\":1,\"name\":\"Home\",\"item\":\"https:\/\/www.dermoscalp.ee\/\"},{\"@type\":\"ListItem\",\"position\":2,\"name\":\"Pood\",\"item\":\"https:\/\/dermoscalp.ee\/shop-2\/\"},{\"@type\":\"ListItem\",\"position\":3,\"name\":\"Peanaha \u00f5li Caramel\"}]},{\"@type\":\"WebSite\",\"@id\":\"https:\/\/dermoscalp.ee\/#website\",\"url\":\"https:\/\/dermoscalp.ee\/\",\"name\":\"DermoScalp\",\"description\":\"Sinu peanaha heaks!\",\"potentialAction\":[{\"@type\":\"SearchAction\",\"target\":{\"@type\":\"EntryPoint\",\"urlTemplate\":\"https:\/\/dermoscalp.ee\/?s={search_term_string}\"},\"query-input\":{\"@type\":\"PropertyValueSpecification\",\"valueRequired\":true,\"valueName\":\"search_term_string\"}}],\"inLanguage\":\"en-US\"}]}<\/script>\n<!-- \/ Yoast SEO plugin. -->","yoast_head_json":{"title":"Peanaha \u00f5li Caramel - DermoScalp","robots":{"index":"index","follow":"follow","max-snippet":"max-snippet:-1","max-image-preview":"max-image-preview:large","max-video-preview":"max-video-preview:-1"},"canonical":"https:\/\/dermoscalp.ee\/en\/product\/uus-peanaha-oli-caramel\/","og_locale":"en_US","og_type":"article","og_title":"Peanaha \u00f5li Caramel - DermoScalp","og_description":"Miks on Caramel \u00f5li Sinu peanahale ja juustele nii hea?  Sest meie \u00f5lid on valmistatud suure \u00a0armastusega Sinu peanaha ja juuste jaoks. DermoScalp Caramel \u00f5li koostises on riitsinus\u00f6li, mis on rikkalik rashapete, eriti ritsinoolhappe poolest, mis omab ka p\u00f5letikuvastaseid omadusi, on antimikroobne. Kookos\u00f5li on samuti antimikroobne ja aitab ennetada ka valkude kadu juustes, aitab v\u00e4hendada koma teket, takistab juuste murdumist ja katkemist. Saialill on eriti armastatud oma poletikuvastaste omaduste poolest - rahustab \u00e4rritunud peanahka ja taastab seda, stimuleerib kollageeni toitmist, aitab tugevdada juuksefolliikuleid ja soodustab samuti juste kasvu. Aloe vera aitab eemaldada peanahalt surnud naharakke, on niisutavate omadustega. Aprikoosituuma\u00f5li on rikkalik oleiinhappe ja linaoolhappe poolest. Sisaldab A- ja E-vitamiine. Soodustab samuti juuste kasvu. Kameelia\u00f5li sisaldab rohkelt oomega-9 rashappeid ja E-vitamiini. Niisutab, toidab. Kaitseb keskkonnategurite ja UV-kirguse ning saaste eest. Looduslikest \u00f6lidest ja ekstraktidest koosnev peanahka stimuleeriv, juuksekasvu soodustav ja niisutav ning rahustav peanahale ja juustele m\u00f6eldud \u00f5li. Karamelli aroom annab Sinu protseduuridele veel \u00fche elamuse. Poputa end regulaarselt ja Sinu kiharad kasvavad kiiremini, peanahk on niisutatud ning puhas, ei kuiva ega kestenda ning beebijuuksed hakkavad samuti kasvama edukamalt. Kasuta \u00f4li ka beebik\u00f5\u00f5ma eemaldamiseks. Kuidas kasutada: kanna \u00f5li peanahale (umbes 3-4 poolikut pipetit\u00e4it), masseeri \u00f6rnalt, aktiveeri vereringe. V\u00f6id panna ka m\u00f6ned tilgad oli otstesse, \u00e4ra liialda! Seej\u00e4rel on soovituslik hoida 2h seda peanahal, v\u00f6id hoida ka 1h. Kasuta parimateks tulemusteks 2 x n\u00e4dalas. Kui \u00f6li on hoitud, pese h\u00e4sti korralikult peanahk puhtaks 2-3x, olenevalt sampoonist, kasuta sel korral v\u00e4hem palsamit ja viimistlusvahendeid. Juuksed on niisutatud, s\u00e4ravad ja pehmed ning peanahk on \u00f6nnelik ning hingav! \u00d6li ei sisalda s\u00e4ilitusaineid. 100% naturaalsed \u00f6lid. Kasuta peale avamist 3-kuu jooksul \u00f4li \u00e4ra! 100% vegan ja loodud armastusega Eestis! #madeinestonia #crueltyfree  DermoScalp Palmarosa 30ml koostisosad: ricin oil, coconut oil, calendula, aloe vera, apricot kernel, camellia oil, Caramel aroma oil.  Sobib h\u00e4sti \u00f5rnale ja probleemsele peanahale, sobib ka Psoriaasi ja Dermatiidi (atoopilise dermatiidi) vaevuste leevendamiseks!  K\u00f5ik koostisosad on kurjusevabad, meie toodetes kasutavaid koostisosi ei ole testitud loomadel! 100% naturaalne koostis, parf\u00fc\u00fcmivaba, vegan, s\u00e4ilitusainete vaba!","og_url":"https:\/\/dermoscalp.ee\/en\/product\/uus-peanaha-oli-caramel\/","og_site_name":"DermoScalp","article_modified_time":"2025-11-11T18:37:07+00:00","og_image":[{"width":1363,"height":2048,"url":"https:\/\/dermoscalp.ee\/wp-content\/uploads\/2025\/03\/DSC8123-2.jpg","type":"image\/jpeg"}],"twitter_card":"summary_large_image","twitter_misc":{"Est. reading time":"2 minutes"},"schema":{"@context":"https:\/\/schema.org","@graph":[{"@type":"WebPage","@id":"https:\/\/dermoscalp.ee\/en\/product\/uus-peanaha-oli-caramel\/","url":"https:\/\/dermoscalp.ee\/en\/product\/uus-peanaha-oli-caramel\/","name":"Peanaha \u00f5li Caramel - DermoScalp","isPartOf":{"@id":"https:\/\/dermoscalp.ee\/#website"},"primaryImageOfPage":{"@id":"https:\/\/dermoscalp.ee\/en\/product\/uus-peanaha-oli-caramel\/#primaryimage"},"image":{"@id":"https:\/\/dermoscalp.ee\/en\/product\/uus-peanaha-oli-caramel\/#primaryimage"},"thumbnailUrl":"https:\/\/dermoscalp.ee\/wp-content\/uploads\/2025\/03\/DSC8123-2.jpg","datePublished":"2025-03-05T12:46:56+00:00","dateModified":"2025-11-11T18:37:07+00:00","breadcrumb":{"@id":"https:\/\/dermoscalp.ee\/en\/product\/uus-peanaha-oli-caramel\/#breadcrumb"},"inLanguage":"en-US","potentialAction":[{"@type":"ReadAction","target":["https:\/\/dermoscalp.ee\/en\/product\/uus-peanaha-oli-caramel\/"]}]},{"@type":"ImageObject","inLanguage":"en-US","@id":"https:\/\/dermoscalp.ee\/en\/product\/uus-peanaha-oli-caramel\/#primaryimage","url":"https:\/\/dermoscalp.ee\/wp-content\/uploads\/2025\/03\/DSC8123-2.jpg","contentUrl":"https:\/\/dermoscalp.ee\/wp-content\/uploads\/2025\/03\/DSC8123-2.jpg","width":1363,"height":2048},{"@type":"BreadcrumbList","@id":"https:\/\/dermoscalp.ee\/en\/product\/uus-peanaha-oli-caramel\/#breadcrumb","itemListElement":[{"@type":"ListItem","position":1,"name":"Home","item":"https:\/\/www.dermoscalp.ee\/"},{"@type":"ListItem","position":2,"name":"Pood","item":"https:\/\/dermoscalp.ee\/shop-2\/"},{"@type":"ListItem","position":3,"name":"Peanaha \u00f5li Caramel"}]},{"@type":"WebSite","@id":"https:\/\/dermoscalp.ee\/#website","url":"https:\/\/dermoscalp.ee\/","name":"DermoScalp","description":"Sinu peanaha heaks!","potentialAction":[{"@type":"SearchAction","target":{"@type":"EntryPoint","urlTemplate":"https:\/\/dermoscalp.ee\/?s={search_term_string}"},"query-input":{"@type":"PropertyValueSpecification","valueRequired":true,"valueName":"search_term_string"}}],"inLanguage":"en-US"}]}},"_links":{"self":[{"href":"https:\/\/dermoscalp.ee\/en\/wp-json\/wp\/v2\/product\/2791","targetHints":{"allow":["GET"]}}],"collection":[{"href":"https:\/\/dermoscalp.ee\/en\/wp-json\/wp\/v2\/product"}],"about":[{"href":"https:\/\/dermoscalp.ee\/en\/wp-json\/wp\/v2\/types\/product"}],"replies":[{"embeddable":true,"href":"https:\/\/dermoscalp.ee\/en\/wp-json\/wp\/v2\/comments?post=2791"}],"version-history":[{"count":2,"href":"https:\/\/dermoscalp.ee\/en\/wp-json\/wp\/v2\/product\/2791\/revisions"}],"predecessor-version":[{"id":2941,"href":"https:\/\/dermoscalp.ee\/en\/wp-json\/wp\/v2\/product\/2791\/revisions\/2941"}],"wp:featuredmedia":[{"embeddable":true,"href":"https:\/\/dermoscalp.ee\/en\/wp-json\/wp\/v2\/media\/2794"}],"wp:attachment":[{"href":"https:\/\/dermoscalp.ee\/en\/wp-json\/wp\/v2\/media?parent=2791"}],"wp:term":[{"taxonomy":"product_brand","embeddable":true,"href":"https:\/\/dermoscalp.ee\/en\/wp-json\/wp\/v2\/product_brand?post=2791"},{"taxonomy":"product_cat","embeddable":true,"href":"https:\/\/dermoscalp.ee\/en\/wp-json\/wp\/v2\/product_cat?post=2791"},{"taxonomy":"product_tag","embeddable":true,"href":"https:\/\/dermoscalp.ee\/en\/wp-json\/wp\/v2\/product_tag?post=2791"}],"curies":[{"name":"wp","href":"https:\/\/api.w.org\/{rel}","templated":true}]}}