{"id":3031,"date":"2025-12-15T10:26:24","date_gmt":"2025-12-15T10:26:24","guid":{"rendered":"https:\/\/dermoscalp.ee\/?post_type=product&#038;p=3031"},"modified":"2025-12-15T10:28:53","modified_gmt":"2025-12-15T10:28:53","slug":"dermoscalp-rose-sampoon-250-ml","status":"publish","type":"product","link":"https:\/\/dermoscalp.ee\/en\/product\/dermoscalp-rose-sampoon-250-ml\/","title":{"rendered":"DermoScalp Rose \u0161ampoon 250 ml"},"content":{"rendered":"<p data-start=\"361\" data-end=\"435\"><strong data-start=\"361\" data-end=\"435\">\u00d5rn, toitaineterikas \u0161ampoon tervele peanahale ja s\u00e4ravatele juustele.<\/strong><\/p>\n<p data-start=\"437\" data-end=\"680\">DermoScalp Rose on luksuslikult \u00f5rn, kuid \u00fclimalt niisutav \u0161ampoon, mis puhastab peanaha ja juuksed neid kuivatamata. Selle rikkalik koostis sobib suurep\u00e4raselt nii tundlikule kui ka kuivale peanahale, pakkudes s\u00fcgavat niisutust, kaitset ja tasakaalu.<\/p>\n<p data-start=\"437\" data-end=\"680\">DS Rose sari on Paula poolt loodud ennast armastavalt inimhingele. Hoia end, armasta end, poputa end ja k\u00f5ik liigub \u00f5igesse suunda. Sina oled see esimene, kes vajab hellust ja enesearmastust. Armastage end rohkem ning k\u00f5ik liigub iseenesest \u00f5igesse suunda.<\/p>\n<p data-start=\"644\" data-end=\"745\">\u0160ampooni puhastav toime p\u00f5hineb <strong data-start=\"676\" data-end=\"739\">taimsetel gl\u00fckosiididel (Decyl Glucoside, Lauryl Glucoside)<\/strong>, mis:<\/p>\n<ul data-start=\"746\" data-end=\"936\">\n<li data-start=\"746\" data-end=\"812\">\n<p data-start=\"748\" data-end=\"812\">puhastavad t\u00f5husalt, kuid <strong data-start=\"774\" data-end=\"812\">ei kahjusta peanaha kaitsebarj\u00e4\u00e4ri<\/strong><\/p>\n<\/li>\n<li data-start=\"813\" data-end=\"863\">\n<p data-start=\"815\" data-end=\"863\">ei sisalda sulfaate ega agressiivseid pesuaineid<\/p>\n<\/li>\n<li data-start=\"864\" data-end=\"936\">\n<p data-start=\"866\" data-end=\"936\">sobivad eriti h\u00e4sti <strong data-start=\"886\" data-end=\"936\">reaktiivsele ja p\u00f5letikule kalduvale peanahale<\/strong><\/p>\n<\/li>\n<\/ul>\n<p data-start=\"938\" data-end=\"985\"><strong>Toitev \u00f5lide kompleks peanaha tasakaaluks<\/strong><\/p>\n<p data-start=\"986\" data-end=\"1083\">Hooldav koostis on rikastatud <strong data-start=\"1016\" data-end=\"1058\">k\u00f5rge bioaktiivsusega taimsete \u00f5lidega<\/strong>, mis toimivad s\u00fcnergias:<\/p>\n<ul data-start=\"1085\" data-end=\"1600\">\n<li data-start=\"1085\" data-end=\"1200\">\n<p data-start=\"1087\" data-end=\"1200\"><strong data-start=\"1087\" data-end=\"1102\">Avokaado\u00f5li<\/strong> \u2013 s\u00fcgavniisutav, rikas rasvhapete ja vitamiinide poolest, aitab leevendada kuivust ja ketendust<\/p>\n<\/li>\n<li data-start=\"1201\" data-end=\"1279\">\n<p data-start=\"1203\" data-end=\"1279\"><strong data-start=\"1203\" data-end=\"1223\">Aprikoosikivi\u00f5li<\/strong> \u2013 kerge ja h\u00e4sti imenduv, rahustab tundlikku peanahka<\/p>\n<\/li>\n<li data-start=\"1280\" data-end=\"1361\">\n<p data-start=\"1282\" data-end=\"1361\"><strong data-start=\"1282\" data-end=\"1295\">Jojoba\u00f5li<\/strong> \u2013 reguleerib rasueritust ja toetab peanaha loomulikku tasakaalu<\/p>\n<\/li>\n<li data-start=\"1362\" data-end=\"1423\">\n<p data-start=\"1364\" data-end=\"1423\"><strong data-start=\"1364\" data-end=\"1377\">Kookos\u00f5li<\/strong> \u2013 kaitseb juuksekiudu, v\u00e4hendab niiskuskadu<\/p>\n<\/li>\n<li data-start=\"1424\" data-end=\"1521\">\n<p data-start=\"1426\" data-end=\"1521\"><strong data-start=\"1426\" data-end=\"1451\">Porgandi infusioon\u00f5li<\/strong> \u2013 antioks\u00fcdantiderikas, toetab peanaha eluj\u00f5ulisust ja juuste kasvu<\/p>\n<\/li>\n<li data-start=\"1522\" data-end=\"1600\">\n<p data-start=\"1524\" data-end=\"1600\"><strong data-start=\"1524\" data-end=\"1540\">Riitsinus\u00f5li<\/strong> \u2013 tuntud oma juuksekasvu toetava ja tugevdava toime poolest<\/p>\n<\/li>\n<\/ul>\n<p data-start=\"1602\" data-end=\"1649\">Niiskus, kaitse ja juukse struktuuri tugi<\/p>\n<ul data-start=\"1650\" data-end=\"1894\">\n<li data-start=\"1650\" data-end=\"1734\">\n<p data-start=\"1652\" data-end=\"1734\"><strong data-start=\"1652\" data-end=\"1663\">Betaiin<\/strong> aitab s\u00e4ilitada niiskust, v\u00e4hendab \u00e4rritust ja kaitseb pesemise ajal<\/p>\n<\/li>\n<li data-start=\"1735\" data-end=\"1808\">\n<p data-start=\"1737\" data-end=\"1808\"><strong data-start=\"1737\" data-end=\"1756\">Hair Bond Vegan<\/strong> koostisosa toetab juuksekiu tugevust ja elastsust<\/p>\n<\/li>\n<li data-start=\"1809\" data-end=\"1894\">\n<p data-start=\"1811\" data-end=\"1894\"><strong data-start=\"1811\" data-end=\"1827\">Ksantaankumm<\/strong> aitab hoida niiskust ning annab juustele sileda ja hooldatud tunde<\/p>\n<\/li>\n<\/ul>\n<p data-start=\"1896\" data-end=\"1912\">Tulemuseks:<\/p>\n<p>\u2714 rahustatud ja tasakaalus peanahk<br data-start=\"1947\" data-end=\"1950\" \/>\u2714 niisutatud, siledad ja kergesti kammitavad juuksed<br data-start=\"2002\" data-end=\"2005\" \/>\u2714 sobib <strong data-start=\"2013\" data-end=\"2047\">keratiinhoolduse s\u00e4ilitamiseks<\/strong> ja v\u00e4rvitud juustele<br data-start=\"2068\" data-end=\"2071\" \/>\u2714 allergiavaba <strong data-start=\"2086\" data-end=\"2105\">roosi aroomi\u00f5li<\/strong> loob \u00f5rna ja rahustava aroomiteraapia<\/p>","protected":false},"excerpt":{"rendered":"<p data-start=\"323\" data-end=\"607\">DermoScalp Rose on <strong data-start=\"342\" data-end=\"389\">\u00f5rn, teadusp\u00f5hiselt koostatud vegan \u0161ampoon<\/strong>, mis toetab peanaha loomulikku tasakaalu ning loob soodsa keskkonna tervete ja tugevate juuste kasvuks. \u0160ampoon sobib igap\u00e4evaseks kasutamiseks ka <strong data-start=\"537\" data-end=\"574\">tundliku, kuiva, s\u00fcgeleva peanaha<\/strong>, psoriaasi ja dermatiidi korral.<\/p>\n<p data-start=\"609\" data-end=\"643\"><strong>\u00d5rn puhastus ilma \u00e4rrituseta<\/strong><\/p>\n<p data-start=\"1507\" data-end=\"1740\"><strong data-start=\"1507\" data-end=\"1525\">Kellele sobib?<\/strong><\/p>\n<p data-start=\"1507\" data-end=\"1740\">\u2714 Sobib k\u00f5ikidele juukset\u00fc\u00fcpidele ka v\u00e4rvitud juustele<br data-start=\"1525\" data-end=\"1528\" \/>\u2714 Sobib kuivale, tundlikule v\u00f5i \u00e4rritunud peanahale<br data-start=\"1579\" data-end=\"1582\" \/>\u2714 Sobib kasutamiseks ka lastele<br data-start=\"1613\" data-end=\"1616\" \/>\u2714 Sobib kuurina dermatiidi ja psoriaasi leevendamiseks<br data-start=\"1670\" data-end=\"1673\" \/>\u2714 Ideaalne, kui soovid looduslikku ja niisutavat igap\u00e4evast \u0161ampooni<\/p>\n<p>\u2714 \u00d5rn pesuaine hoiab v\u00e4rvipigmente paremini juustes, ei pese liiga tugevalt v\u00e4lja Sinu Olaplex hooldust, K-18 hooldust v\u00f5i m\u00f5nda muud Bonding- v\u00f5i sirgestavat keratiinhooldust.<\/p>\n<hr data-start=\"1742\" data-end=\"1745\" \/>\n<p data-start=\"1747\" data-end=\"1946\"><strong data-start=\"1747\" data-end=\"1767\">How to use?<\/strong><br data-start=\"1767\" data-end=\"1770\" \/>Kanna \u0161ampoon m\u00e4rgadele juustele, masseeri \u00f5rnalt peanahale ja loputa hoolikalt. Vajadusel korda. Parima tulemuse saavutamiseks kasuta koos DermoScalp palsami v\u00f5i peanaha\u00f5liga.<\/p>","protected":false},"featured_media":3033,"comment_status":"open","ping_status":"closed","template":"","meta":{"site-sidebar-layout":"default","site-content-layout":"","ast-site-content-layout":"default","site-content-style":"default","site-sidebar-style":"default","ast-global-header-display":"","ast-banner-title-visibility":"","ast-main-header-display":"","ast-hfb-above-header-display":"","ast-hfb-below-header-display":"","ast-hfb-mobile-header-display":"","site-post-title":"","ast-breadcrumbs-content":"","ast-featured-img":"","footer-sml-layout":"","theme-transparent-header-meta":"default","adv-header-id-meta":"","stick-header-meta":"","header-above-stick-meta":"","header-main-stick-meta":"","header-below-stick-meta":"","astra-migrate-meta-layouts":"set","ast-page-background-enabled":"default","ast-page-background-meta":{"desktop":{"background-color":"var(--ast-global-color-4)","background-image":"","background-repeat":"repeat","background-position":"center center","background-size":"auto","background-attachment":"scroll","background-type":"","background-media":"","overlay-type":"","overlay-color":"","overlay-gradient":""},"tablet":{"background-color":"","background-image":"","background-repeat":"repeat","background-position":"center center","background-size":"auto","background-attachment":"scroll","background-type":"","background-media":"","overlay-type":"","overlay-color":"","overlay-gradient":""},"mobile":{"background-color":"","background-image":"","background-repeat":"repeat","background-position":"center center","background-size":"auto","background-attachment":"scroll","background-type":"","background-media":"","overlay-type":"","overlay-color":"","overlay-gradient":""}},"ast-content-background-meta":{"desktop":{"background-color":"var(--ast-global-color-5)","background-image":"","background-repeat":"repeat","background-position":"center center","background-size":"auto","background-attachment":"scroll","background-type":"","background-media":"","overlay-type":"","overlay-color":"","overlay-gradient":""},"tablet":{"background-color":"var(--ast-global-color-5)","background-image":"","background-repeat":"repeat","background-position":"center center","background-size":"auto","background-attachment":"scroll","background-type":"","background-media":"","overlay-type":"","overlay-color":"","overlay-gradient":""},"mobile":{"background-color":"var(--ast-global-color-5)","background-image":"","background-repeat":"repeat","background-position":"center center","background-size":"auto","background-attachment":"scroll","background-type":"","background-media":"","overlay-type":"","overlay-color":"","overlay-gradient":""}}},"product_brand":[],"product_cat":[152],"product_tag":[],"class_list":{"0":"post-3031","1":"product","2":"type-product","3":"status-publish","4":"has-post-thumbnail","6":"product_cat-sampoon","7":"desktop-align-left","8":"tablet-align-left","9":"mobile-align-left","11":"first","12":"instock","13":"featured","14":"taxable","15":"shipping-taxable","16":"purchasable","17":"product-type-simple"},"yoast_head":"<!-- This site is optimized with the Yoast SEO plugin v24.1 - https:\/\/yoast.com\/wordpress\/plugins\/seo\/ -->\n<title>DermoScalp Rose \u0161ampoon 250 ml - DermoScalp<\/title>\n<meta name=\"description\" content=\"Natural, sulfate-free shampoo with aloe and botanical oils. Calms the scalp, hydrates deeply, and leaves hair soft and radiant. Vegan\" \/>\n<meta name=\"robots\" content=\"index, follow, max-snippet:-1, max-image-preview:large, max-video-preview:-1\" \/>\n<link rel=\"canonical\" href=\"https:\/\/dermoscalp.ee\/en\/product\/dermoscalp-rose-sampoon-250-ml\/\" \/>\n<meta property=\"og:locale\" content=\"en_US\" \/>\n<meta property=\"og:type\" content=\"article\" \/>\n<meta property=\"og:title\" content=\"DermoScalp Rose \u0161ampoon 250 ml - DermoScalp\" \/>\n<meta property=\"og:description\" content=\"Natural, sulfate-free shampoo with aloe and botanical oils. Calms the scalp, hydrates deeply, and leaves hair soft and radiant. Vegan\" \/>\n<meta property=\"og:url\" content=\"https:\/\/dermoscalp.ee\/en\/product\/dermoscalp-rose-sampoon-250-ml\/\" \/>\n<meta property=\"og:site_name\" content=\"DermoScalp\" \/>\n<meta property=\"article:modified_time\" content=\"2025-12-15T10:28:53+00:00\" \/>\n<meta property=\"og:image\" content=\"https:\/\/dermoscalp.ee\/wp-content\/uploads\/2025\/12\/DSC5323.jpg\" \/>\n\t<meta property=\"og:image:width\" content=\"1363\" \/>\n\t<meta property=\"og:image:height\" content=\"2048\" \/>\n\t<meta property=\"og:image:type\" content=\"image\/jpeg\" \/>\n<meta name=\"twitter:card\" content=\"summary_large_image\" \/>\n<meta name=\"twitter:label1\" content=\"Est. reading time\" \/>\n\t<meta name=\"twitter:data1\" content=\"2 minutes\" \/>\n<script type=\"application\/ld+json\" class=\"yoast-schema-graph\">{\"@context\":\"https:\/\/schema.org\",\"@graph\":[{\"@type\":\"WebPage\",\"@id\":\"https:\/\/dermoscalp.ee\/product\/dermoscalp-rose-sampoon-250-ml\/\",\"url\":\"https:\/\/dermoscalp.ee\/product\/dermoscalp-rose-sampoon-250-ml\/\",\"name\":\"DermoScalp Rose \u0161ampoon 250 ml - DermoScalp\",\"isPartOf\":{\"@id\":\"https:\/\/dermoscalp.ee\/#website\"},\"primaryImageOfPage\":{\"@id\":\"https:\/\/dermoscalp.ee\/product\/dermoscalp-rose-sampoon-250-ml\/#primaryimage\"},\"image\":{\"@id\":\"https:\/\/dermoscalp.ee\/product\/dermoscalp-rose-sampoon-250-ml\/#primaryimage\"},\"thumbnailUrl\":\"https:\/\/dermoscalp.ee\/wp-content\/uploads\/2025\/12\/DSC5323.jpg\",\"datePublished\":\"2025-12-15T10:26:24+00:00\",\"dateModified\":\"2025-12-15T10:28:53+00:00\",\"description\":\"Natural, sulfate-free shampoo with aloe and botanical oils. Calms the scalp, hydrates deeply, and leaves hair soft and radiant. Vegan\",\"breadcrumb\":{\"@id\":\"https:\/\/dermoscalp.ee\/product\/dermoscalp-rose-sampoon-250-ml\/#breadcrumb\"},\"inLanguage\":\"en-US\",\"potentialAction\":[{\"@type\":\"ReadAction\",\"target\":[\"https:\/\/dermoscalp.ee\/product\/dermoscalp-rose-sampoon-250-ml\/\"]}]},{\"@type\":\"ImageObject\",\"inLanguage\":\"en-US\",\"@id\":\"https:\/\/dermoscalp.ee\/product\/dermoscalp-rose-sampoon-250-ml\/#primaryimage\",\"url\":\"https:\/\/dermoscalp.ee\/wp-content\/uploads\/2025\/12\/DSC5323.jpg\",\"contentUrl\":\"https:\/\/dermoscalp.ee\/wp-content\/uploads\/2025\/12\/DSC5323.jpg\",\"width\":1363,\"height\":2048},{\"@type\":\"BreadcrumbList\",\"@id\":\"https:\/\/dermoscalp.ee\/product\/dermoscalp-rose-sampoon-250-ml\/#breadcrumb\",\"itemListElement\":[{\"@type\":\"ListItem\",\"position\":1,\"name\":\"Home\",\"item\":\"https:\/\/dermoscalp.ee\/\"},{\"@type\":\"ListItem\",\"position\":2,\"name\":\"Pood\",\"item\":\"https:\/\/dermoscalp.ee\/shop-2\/\"},{\"@type\":\"ListItem\",\"position\":3,\"name\":\"DermoScalp Rose \u0161ampoon 250 ml\"}]},{\"@type\":\"WebSite\",\"@id\":\"https:\/\/dermoscalp.ee\/#website\",\"url\":\"https:\/\/dermoscalp.ee\/\",\"name\":\"DermoScalp\",\"description\":\"Sinu peanaha heaks!\",\"potentialAction\":[{\"@type\":\"SearchAction\",\"target\":{\"@type\":\"EntryPoint\",\"urlTemplate\":\"https:\/\/dermoscalp.ee\/?s={search_term_string}\"},\"query-input\":{\"@type\":\"PropertyValueSpecification\",\"valueRequired\":true,\"valueName\":\"search_term_string\"}}],\"inLanguage\":\"en-US\"}]}<\/script>\n<!-- \/ Yoast SEO plugin. -->","yoast_head_json":{"title":"DermoScalp Rose \u0161ampoon 250 ml - DermoScalp","description":"Natural, sulfate-free shampoo with aloe and botanical oils. Calms the scalp, hydrates deeply, and leaves hair soft and radiant. Vegan","robots":{"index":"index","follow":"follow","max-snippet":"max-snippet:-1","max-image-preview":"max-image-preview:large","max-video-preview":"max-video-preview:-1"},"canonical":"https:\/\/dermoscalp.ee\/en\/product\/dermoscalp-rose-sampoon-250-ml\/","og_locale":"en_US","og_type":"article","og_title":"DermoScalp Rose \u0161ampoon 250 ml - DermoScalp","og_description":"Natural, sulfate-free shampoo with aloe and botanical oils. Calms the scalp, hydrates deeply, and leaves hair soft and radiant. Vegan","og_url":"https:\/\/dermoscalp.ee\/en\/product\/dermoscalp-rose-sampoon-250-ml\/","og_site_name":"DermoScalp","article_modified_time":"2025-12-15T10:28:53+00:00","og_image":[{"width":1363,"height":2048,"url":"https:\/\/dermoscalp.ee\/wp-content\/uploads\/2025\/12\/DSC5323.jpg","type":"image\/jpeg"}],"twitter_card":"summary_large_image","twitter_misc":{"Est. reading time":"2 minutes"},"schema":{"@context":"https:\/\/schema.org","@graph":[{"@type":"WebPage","@id":"https:\/\/dermoscalp.ee\/product\/dermoscalp-rose-sampoon-250-ml\/","url":"https:\/\/dermoscalp.ee\/product\/dermoscalp-rose-sampoon-250-ml\/","name":"DermoScalp Rose \u0161ampoon 250 ml - DermoScalp","isPartOf":{"@id":"https:\/\/dermoscalp.ee\/#website"},"primaryImageOfPage":{"@id":"https:\/\/dermoscalp.ee\/product\/dermoscalp-rose-sampoon-250-ml\/#primaryimage"},"image":{"@id":"https:\/\/dermoscalp.ee\/product\/dermoscalp-rose-sampoon-250-ml\/#primaryimage"},"thumbnailUrl":"https:\/\/dermoscalp.ee\/wp-content\/uploads\/2025\/12\/DSC5323.jpg","datePublished":"2025-12-15T10:26:24+00:00","dateModified":"2025-12-15T10:28:53+00:00","description":"Natural, sulfate-free shampoo with aloe and botanical oils. Calms the scalp, hydrates deeply, and leaves hair soft and radiant. Vegan","breadcrumb":{"@id":"https:\/\/dermoscalp.ee\/product\/dermoscalp-rose-sampoon-250-ml\/#breadcrumb"},"inLanguage":"en-US","potentialAction":[{"@type":"ReadAction","target":["https:\/\/dermoscalp.ee\/product\/dermoscalp-rose-sampoon-250-ml\/"]}]},{"@type":"ImageObject","inLanguage":"en-US","@id":"https:\/\/dermoscalp.ee\/product\/dermoscalp-rose-sampoon-250-ml\/#primaryimage","url":"https:\/\/dermoscalp.ee\/wp-content\/uploads\/2025\/12\/DSC5323.jpg","contentUrl":"https:\/\/dermoscalp.ee\/wp-content\/uploads\/2025\/12\/DSC5323.jpg","width":1363,"height":2048},{"@type":"BreadcrumbList","@id":"https:\/\/dermoscalp.ee\/product\/dermoscalp-rose-sampoon-250-ml\/#breadcrumb","itemListElement":[{"@type":"ListItem","position":1,"name":"Home","item":"https:\/\/dermoscalp.ee\/"},{"@type":"ListItem","position":2,"name":"Pood","item":"https:\/\/dermoscalp.ee\/shop-2\/"},{"@type":"ListItem","position":3,"name":"DermoScalp Rose \u0161ampoon 250 ml"}]},{"@type":"WebSite","@id":"https:\/\/dermoscalp.ee\/#website","url":"https:\/\/dermoscalp.ee\/","name":"DermoScalp","description":"Sinu peanaha heaks!","potentialAction":[{"@type":"SearchAction","target":{"@type":"EntryPoint","urlTemplate":"https:\/\/dermoscalp.ee\/?s={search_term_string}"},"query-input":{"@type":"PropertyValueSpecification","valueRequired":true,"valueName":"search_term_string"}}],"inLanguage":"en-US"}]}},"_links":{"self":[{"href":"https:\/\/dermoscalp.ee\/en\/wp-json\/wp\/v2\/product\/3031","targetHints":{"allow":["GET"]}}],"collection":[{"href":"https:\/\/dermoscalp.ee\/en\/wp-json\/wp\/v2\/product"}],"about":[{"href":"https:\/\/dermoscalp.ee\/en\/wp-json\/wp\/v2\/types\/product"}],"replies":[{"embeddable":true,"href":"https:\/\/dermoscalp.ee\/en\/wp-json\/wp\/v2\/comments?post=3031"}],"version-history":[{"count":1,"href":"https:\/\/dermoscalp.ee\/en\/wp-json\/wp\/v2\/product\/3031\/revisions"}],"predecessor-version":[{"id":3032,"href":"https:\/\/dermoscalp.ee\/en\/wp-json\/wp\/v2\/product\/3031\/revisions\/3032"}],"wp:featuredmedia":[{"embeddable":true,"href":"https:\/\/dermoscalp.ee\/en\/wp-json\/wp\/v2\/media\/3033"}],"wp:attachment":[{"href":"https:\/\/dermoscalp.ee\/en\/wp-json\/wp\/v2\/media?parent=3031"}],"wp:term":[{"taxonomy":"product_brand","embeddable":true,"href":"https:\/\/dermoscalp.ee\/en\/wp-json\/wp\/v2\/product_brand?post=3031"},{"taxonomy":"product_cat","embeddable":true,"href":"https:\/\/dermoscalp.ee\/en\/wp-json\/wp\/v2\/product_cat?post=3031"},{"taxonomy":"product_tag","embeddable":true,"href":"https:\/\/dermoscalp.ee\/en\/wp-json\/wp\/v2\/product_tag?post=3031"}],"curies":[{"name":"wp","href":"https:\/\/api.w.org\/{rel}","templated":true}]}}