{"id":3035,"date":"2025-12-15T10:29:21","date_gmt":"2025-12-15T10:29:21","guid":{"rendered":"https:\/\/dermoscalp.ee\/?post_type=product&#038;p=3035"},"modified":"2025-12-15T10:31:40","modified_gmt":"2025-12-15T10:31:40","slug":"peanaha-oli-self-love-rose","status":"publish","type":"product","link":"https:\/\/dermoscalp.ee\/en\/product\/peanaha-oli-self-love-rose\/","title":{"rendered":"Peanaha \u00f5li Self Love Rose"},"content":{"rendered":"<div id=\"shopify-section-product-template\" class=\"shopify-section\">\n<div id=\"ProductSection\" data-section-id=\"product-template\" data-section-type=\"product-template\" data-image-zoom-type=\"lightbox\" data-show-extra-tab=\"false\" data-extra-tab-content=\"\" data-cart-enable-ajax=\"true\" data-enable-history-state=\"true\">\n<div class=\"product-single__description rte\">\n<p data-start=\"280\" data-end=\"547\">DermoScalp Rose peanaha\u00f5li on <strong data-start=\"310\" data-end=\"346\">toitev ja taastav hooldusrituaal<\/strong>, mis toetab peanaha tervist, stimuleerib juuste kasvu ning aitab luua tugevama ja tihedama juuksep\u00f5hja. See on loodud hetkeks, kus aeg peatub \u2013 et <strong data-start=\"494\" data-end=\"546\">leida aega endale, hoolida ja usaldada protsessi<\/strong>.<\/p>\n<p data-start=\"549\" data-end=\"719\">Paula l\u00f5i Rose sarja <em data-start=\"570\" data-end=\"581\">self love<\/em> m\u00f5ttega \u2013 meenutuseks, et kui hoolitsed enda eest teadlikult ja hellalt, hakkavad ka teised asjad elus vaikselt \u00f5igesse suunda liikuma \ud83c\udf39<\/p>\n<p data-start=\"721\" data-end=\"766\"><strong>S\u00fcgav toetus peanahale ja juuksekasvule<\/strong><\/p>\n<p>Peanaha\u00f5li keskmes on <strong data-start=\"789\" data-end=\"833\">bioloogiliselt aktiivsete \u00f5lide s\u00fcnergia<\/strong>, mis toetab peanaha vereringet, toidab juuksejuuri ning aitab luua optimaalse keskkonna juuste kasvuks:<\/p>\n<ul data-start=\"939\" data-end=\"1601\">\n<li data-start=\"939\" data-end=\"1084\"><strong data-start=\"941\" data-end=\"970\">Riitsinus\u00f5li (Castor Oil)<\/strong> \u2013 tuntud oma juuksekasvu soodustava toime poolest, aitab tugevdada juuksejuuri ja toetada tihedamat juuksekasvu<\/li>\n<li data-start=\"1085\" data-end=\"1188\"><strong data-start=\"1087\" data-end=\"1100\">Jojoba\u00f5li<\/strong> \u2013 tasakaalustab peanaha rasueritust, niisutab s\u00fcgavuti ja rahustab tundlikku peanahka<\/li>\n<li data-start=\"1189\" data-end=\"1289\"><strong data-start=\"1191\" data-end=\"1211\">Aprikoosikivi\u00f5li<\/strong> \u2013 pehmendav ja rahustav, sobib suurep\u00e4raselt kuivale ja \u00e4rritunud peanahale<\/li>\n<li data-start=\"1290\" data-end=\"1392\"><strong data-start=\"1292\" data-end=\"1319\">Orgaaniline avokaado\u00f5li<\/strong> \u2013 vitamiini- ja rasvhapeterikas, toetab peanaha taastumist ja eluj\u00f5udu<\/li>\n<li data-start=\"1393\" data-end=\"1485\"><strong data-start=\"1395\" data-end=\"1410\">Porgandi\u00f5li<\/strong> \u2013 antioks\u00fcdantiderikas, aitab tugevdada juuksejuuri ja elavdada peanahka<\/li>\n<li data-start=\"1486\" data-end=\"1601\"><strong data-start=\"1488\" data-end=\"1511\">Viinamarjaseemne\u00f5li<\/strong> \u2013 kerge, kiiresti imenduv \u00f5li, mis toetab naha kaitsebarj\u00e4\u00e4ri ja annab juustele elastsust<\/li>\n<\/ul>\n<p><strong>How to use?<\/strong>Use on dry scalp before washing your hair! Water repels oil from the scalp, and this treatment does not work on a wet scalp. Gently massage the dry scalp, then apply a total of 3-4 (half) pipettes of DermoScalp scalp oil to different areas of the scalp. Massage the oil nicely into the scalp. You can also apply the oil to the full length and ends of the hair. Do not use too much oil; the hair does not need to be oily. Put your hair in a bun or simply secure it with a clip. If you wish, protect and add warmth by wearing a towel. The scalp oil also protects and nourishes the hair. Keep it on for 2 hours and use it twice a week for best results. You could do a scalp oiling treatment as a course. Do not keep the hair oil on overnight, as it may clog pores. For best results (faster hair growth and thickening \u2013 scalp stimulation), keep the oil on the scalp and hair for 2-4 hours. Wash off the oil with shampoo 2-3 times, washing and lathering thoroughly from each area. We recommend DermoScalp Rosemary or Palmarosa series shampoos, as they are not too strong and leave rich nutrients in the hair. Then use a small amount of DermoScalp Palmarosa conditioner, rinsing especially thoroughly, then dry your hair or let it dry. Do not go to bed with wet hair! The hair will be smooth and soft, the scalp nicely moisturized and nourished, and happy.<strong>NB!<\/strong> If you feel irritation - immediately wash off the product 2-3 times with shampoo. If you are allergic to any of the ingredients - do not use the product! Avoid contact with eyes, as the oils may irritate the eyes. Store the oil in warmer conditions. It can solidify when cool. If it solidifies, hold it under warm water for a minute or make a water bath for the bottle.<\/p>\n<p><strong>Use on eyebrows!\u00a0<\/strong>You can also use this oil on your eyebrows with a small amount of cotton wool or a brush, if you are not allergic to these ingredients. Keep the oil on for up to 30 minutes, remove the oil with a face wash foam\/product. Do not get the product in your eyes! Oils are irritating to the eyes.<\/p>\n<p>After opening, use the product within 3 months!<\/p>\n<p>DermoScalp 30ml 35\u20ac<\/p>\n<p>Made in Estonia<\/p>\n<\/div>\n<\/div>\n<\/div>","protected":false},"excerpt":{"rendered":"<p><strong>Miks on DS Rose \u00f5li Sinu peanahale ja juustele nii hea?<\/strong><\/p>\n<p data-start=\"1603\" data-end=\"1654\"><strong>Mitmek\u00fclgne hooldus \u2013 peanahast juukseotsteni<\/strong><\/p>\n<p data-start=\"1655\" data-end=\"1688\">DermoScalp Rose peanaha\u00f5li sobib:<\/p>\n<ul data-start=\"1689\" data-end=\"1924\">\n<li data-start=\"1689\" data-end=\"1755\">\n<p data-start=\"1691\" data-end=\"1755\"><strong data-start=\"1691\" data-end=\"1713\">peanaha massaa\u017eiks<\/strong>, et ergutada vereringet ja juuste kasvu<\/p>\n<\/li>\n<li data-start=\"1756\" data-end=\"1819\">\n<p data-start=\"1758\" data-end=\"1819\"><strong data-start=\"1758\" data-end=\"1769\">kuurile<\/strong> \u00f5hukeste, h\u00f5renevate v\u00f5i stressis juuste korral (kasuta 3 pudelit j\u00e4rjest kuurina)<\/p>\n<\/li>\n<li data-start=\"1820\" data-end=\"1924\">\n<p data-start=\"1822\" data-end=\"1924\"><strong data-start=\"1822\" data-end=\"1848\">juukseotste teraapiaks<\/strong>, et anda kuivadele ja t\u00f6\u00f6deldud juukseotstele toitaineid, s\u00e4ra ja elastsust<\/p>\n<\/li>\n<\/ul>\n<p>Allergiavaba <strong data-start=\"1939\" data-end=\"1958\">roosi aroomi\u00f5li<\/strong> loob pehme ja rahustava meeleolu, muutes hoolduse hetkeks, mis ei toida ainult juukseid, vaid ka meelt.<\/p>\n<p data-start=\"2064\" data-end=\"2086\"><strong>Luba endale hetk<\/strong><\/p>\n<p data-start=\"2087\" data-end=\"2247\">V\u00f5ta aega. Hinga. Kanna \u00f5li peanahale aeglaste liigutustega ja tunne, kuidas hoolitsus muutub rituaaliks.<br data-start=\"2192\" data-end=\"2195\" \/><strong data-start=\"2195\" data-end=\"2247\">Armasta end \u2013 ja lase k\u00f5igel muul paika loksuda.<\/strong><\/p>\n<p>All ingredients are cruelty-free, and the ingredients used in our products are not tested on animals! 100% natural composition, fragrance-free, vegan, and preservative-free!<\/p>\n<p>30ml 35\u20ac<\/p>","protected":false},"featured_media":3034,"comment_status":"open","ping_status":"closed","template":"","meta":{"site-sidebar-layout":"default","site-content-layout":"","ast-site-content-layout":"default","site-content-style":"default","site-sidebar-style":"default","ast-global-header-display":"","ast-banner-title-visibility":"","ast-main-header-display":"","ast-hfb-above-header-display":"","ast-hfb-below-header-display":"","ast-hfb-mobile-header-display":"","site-post-title":"","ast-breadcrumbs-content":"","ast-featured-img":"","footer-sml-layout":"","theme-transparent-header-meta":"default","adv-header-id-meta":"","stick-header-meta":"","header-above-stick-meta":"","header-main-stick-meta":"","header-below-stick-meta":"","astra-migrate-meta-layouts":"set","ast-page-background-enabled":"default","ast-page-background-meta":{"desktop":{"background-color":"var(--ast-global-color-4)","background-image":"","background-repeat":"repeat","background-position":"center center","background-size":"auto","background-attachment":"scroll","background-type":"","background-media":"","overlay-type":"","overlay-color":"","overlay-gradient":""},"tablet":{"background-color":"","background-image":"","background-repeat":"repeat","background-position":"center center","background-size":"auto","background-attachment":"scroll","background-type":"","background-media":"","overlay-type":"","overlay-color":"","overlay-gradient":""},"mobile":{"background-color":"","background-image":"","background-repeat":"repeat","background-position":"center center","background-size":"auto","background-attachment":"scroll","background-type":"","background-media":"","overlay-type":"","overlay-color":"","overlay-gradient":""}},"ast-content-background-meta":{"desktop":{"background-color":"var(--ast-global-color-5)","background-image":"","background-repeat":"repeat","background-position":"center center","background-size":"auto","background-attachment":"scroll","background-type":"","background-media":"","overlay-type":"","overlay-color":"","overlay-gradient":""},"tablet":{"background-color":"var(--ast-global-color-5)","background-image":"","background-repeat":"repeat","background-position":"center center","background-size":"auto","background-attachment":"scroll","background-type":"","background-media":"","overlay-type":"","overlay-color":"","overlay-gradient":""},"mobile":{"background-color":"var(--ast-global-color-5)","background-image":"","background-repeat":"repeat","background-position":"center center","background-size":"auto","background-attachment":"scroll","background-type":"","background-media":"","overlay-type":"","overlay-color":"","overlay-gradient":""}}},"product_brand":[],"product_cat":[131],"product_tag":[],"class_list":{"0":"post-3035","1":"product","2":"type-product","3":"status-publish","4":"has-post-thumbnail","6":"product_cat-peanahaoli","7":"desktop-align-left","8":"tablet-align-left","9":"mobile-align-left","11":"first","12":"instock","13":"taxable","14":"shipping-taxable","15":"purchasable","16":"product-type-simple"},"yoast_head":"<!-- This site is optimized with the Yoast SEO plugin v24.1 - https:\/\/yoast.com\/wordpress\/plugins\/seo\/ -->\n<title>Peanaha \u00f5li Self Love Rose - DermoScalp<\/title>\n<meta name=\"robots\" content=\"index, follow, max-snippet:-1, max-image-preview:large, max-video-preview:-1\" \/>\n<link rel=\"canonical\" href=\"https:\/\/dermoscalp.ee\/en\/product\/peanaha-oli-self-love-rose\/\" \/>\n<meta property=\"og:locale\" content=\"en_US\" \/>\n<meta property=\"og:type\" content=\"article\" \/>\n<meta property=\"og:title\" content=\"Peanaha \u00f5li Self Love Rose - DermoScalp\" \/>\n<meta property=\"og:description\" content=\"Miks on DS Rose \u00f5li Sinu peanahale ja juustele nii hea? Mitmek\u00fclgne hooldus \u2013 peanahast juukseotsteni DermoScalp Rose peanaha\u00f5li sobib:     peanaha massaa\u017eiks, et ergutada vereringet ja juuste kasvu    kuurile \u00f5hukeste, h\u00f5renevate v\u00f5i stressis juuste korral (kasuta 3 pudelit j\u00e4rjest kuurina)    juukseotste teraapiaks, et anda kuivadele ja t\u00f6\u00f6deldud juukseotstele toitaineid, s\u00e4ra ja elastsust   Allergiavaba roosi aroomi\u00f5li loob pehme ja rahustava meeleolu, muutes hoolduse hetkeks, mis ei toida ainult juukseid, vaid ka meelt. Luba endale hetk V\u00f5ta aega. Hinga. Kanna \u00f5li peanahale aeglaste liigutustega ja tunne, kuidas hoolitsus muutub rituaaliks.Armasta end \u2013 ja lase k\u00f5igel muul paika loksuda. K\u00f5ik koostisosad on kurjusevabad, meie toodetes kasutavaid koostisosi ei ole testitud loomadel! 100% naturaalne koostis, parf\u00fc\u00fcmivaba, vegan, s\u00e4ilitusainete vaba!  30ml 35\u20ac\" \/>\n<meta property=\"og:url\" content=\"https:\/\/dermoscalp.ee\/en\/product\/peanaha-oli-self-love-rose\/\" \/>\n<meta property=\"og:site_name\" content=\"DermoScalp\" \/>\n<meta property=\"article:modified_time\" content=\"2025-12-15T10:31:40+00:00\" \/>\n<meta property=\"og:image\" content=\"https:\/\/dermoscalp.ee\/wp-content\/uploads\/2025\/12\/DSC5282.jpg\" \/>\n\t<meta property=\"og:image:width\" content=\"1062\" \/>\n\t<meta property=\"og:image:height\" content=\"1596\" \/>\n\t<meta property=\"og:image:type\" content=\"image\/jpeg\" \/>\n<meta name=\"twitter:card\" content=\"summary_large_image\" \/>\n<meta name=\"twitter:label1\" content=\"Est. reading time\" \/>\n\t<meta name=\"twitter:data1\" content=\"3 minutes\" \/>\n<script type=\"application\/ld+json\" class=\"yoast-schema-graph\">{\"@context\":\"https:\/\/schema.org\",\"@graph\":[{\"@type\":\"WebPage\",\"@id\":\"https:\/\/dermoscalp.ee\/product\/peanaha-oli-self-love-rose\/\",\"url\":\"https:\/\/dermoscalp.ee\/product\/peanaha-oli-self-love-rose\/\",\"name\":\"Peanaha \u00f5li Self Love Rose - DermoScalp\",\"isPartOf\":{\"@id\":\"https:\/\/dermoscalp.ee\/#website\"},\"primaryImageOfPage\":{\"@id\":\"https:\/\/dermoscalp.ee\/product\/peanaha-oli-self-love-rose\/#primaryimage\"},\"image\":{\"@id\":\"https:\/\/dermoscalp.ee\/product\/peanaha-oli-self-love-rose\/#primaryimage\"},\"thumbnailUrl\":\"https:\/\/dermoscalp.ee\/wp-content\/uploads\/2025\/12\/DSC5282.jpg\",\"datePublished\":\"2025-12-15T10:29:21+00:00\",\"dateModified\":\"2025-12-15T10:31:40+00:00\",\"breadcrumb\":{\"@id\":\"https:\/\/dermoscalp.ee\/product\/peanaha-oli-self-love-rose\/#breadcrumb\"},\"inLanguage\":\"en-US\",\"potentialAction\":[{\"@type\":\"ReadAction\",\"target\":[\"https:\/\/dermoscalp.ee\/product\/peanaha-oli-self-love-rose\/\"]}]},{\"@type\":\"ImageObject\",\"inLanguage\":\"en-US\",\"@id\":\"https:\/\/dermoscalp.ee\/product\/peanaha-oli-self-love-rose\/#primaryimage\",\"url\":\"https:\/\/dermoscalp.ee\/wp-content\/uploads\/2025\/12\/DSC5282.jpg\",\"contentUrl\":\"https:\/\/dermoscalp.ee\/wp-content\/uploads\/2025\/12\/DSC5282.jpg\",\"width\":1062,\"height\":1596},{\"@type\":\"BreadcrumbList\",\"@id\":\"https:\/\/dermoscalp.ee\/product\/peanaha-oli-self-love-rose\/#breadcrumb\",\"itemListElement\":[{\"@type\":\"ListItem\",\"position\":1,\"name\":\"Home\",\"item\":\"https:\/\/dermoscalp.ee\/\"},{\"@type\":\"ListItem\",\"position\":2,\"name\":\"Pood\",\"item\":\"https:\/\/dermoscalp.ee\/shop-2\/\"},{\"@type\":\"ListItem\",\"position\":3,\"name\":\"Peanaha \u00f5li Self Love Rose\"}]},{\"@type\":\"WebSite\",\"@id\":\"https:\/\/dermoscalp.ee\/#website\",\"url\":\"https:\/\/dermoscalp.ee\/\",\"name\":\"DermoScalp\",\"description\":\"Sinu peanaha heaks!\",\"potentialAction\":[{\"@type\":\"SearchAction\",\"target\":{\"@type\":\"EntryPoint\",\"urlTemplate\":\"https:\/\/dermoscalp.ee\/?s={search_term_string}\"},\"query-input\":{\"@type\":\"PropertyValueSpecification\",\"valueRequired\":true,\"valueName\":\"search_term_string\"}}],\"inLanguage\":\"en-US\"}]}<\/script>\n<!-- \/ Yoast SEO plugin. -->","yoast_head_json":{"title":"Peanaha \u00f5li Self Love Rose - DermoScalp","robots":{"index":"index","follow":"follow","max-snippet":"max-snippet:-1","max-image-preview":"max-image-preview:large","max-video-preview":"max-video-preview:-1"},"canonical":"https:\/\/dermoscalp.ee\/en\/product\/peanaha-oli-self-love-rose\/","og_locale":"en_US","og_type":"article","og_title":"Peanaha \u00f5li Self Love Rose - DermoScalp","og_description":"Miks on DS Rose \u00f5li Sinu peanahale ja juustele nii hea? Mitmek\u00fclgne hooldus \u2013 peanahast juukseotsteni DermoScalp Rose peanaha\u00f5li sobib:     peanaha massaa\u017eiks, et ergutada vereringet ja juuste kasvu    kuurile \u00f5hukeste, h\u00f5renevate v\u00f5i stressis juuste korral (kasuta 3 pudelit j\u00e4rjest kuurina)    juukseotste teraapiaks, et anda kuivadele ja t\u00f6\u00f6deldud juukseotstele toitaineid, s\u00e4ra ja elastsust   Allergiavaba roosi aroomi\u00f5li loob pehme ja rahustava meeleolu, muutes hoolduse hetkeks, mis ei toida ainult juukseid, vaid ka meelt. Luba endale hetk V\u00f5ta aega. Hinga. Kanna \u00f5li peanahale aeglaste liigutustega ja tunne, kuidas hoolitsus muutub rituaaliks.Armasta end \u2013 ja lase k\u00f5igel muul paika loksuda. K\u00f5ik koostisosad on kurjusevabad, meie toodetes kasutavaid koostisosi ei ole testitud loomadel! 100% naturaalne koostis, parf\u00fc\u00fcmivaba, vegan, s\u00e4ilitusainete vaba!  30ml 35\u20ac","og_url":"https:\/\/dermoscalp.ee\/en\/product\/peanaha-oli-self-love-rose\/","og_site_name":"DermoScalp","article_modified_time":"2025-12-15T10:31:40+00:00","og_image":[{"width":1062,"height":1596,"url":"https:\/\/dermoscalp.ee\/wp-content\/uploads\/2025\/12\/DSC5282.jpg","type":"image\/jpeg"}],"twitter_card":"summary_large_image","twitter_misc":{"Est. reading time":"3 minutes"},"schema":{"@context":"https:\/\/schema.org","@graph":[{"@type":"WebPage","@id":"https:\/\/dermoscalp.ee\/product\/peanaha-oli-self-love-rose\/","url":"https:\/\/dermoscalp.ee\/product\/peanaha-oli-self-love-rose\/","name":"Peanaha \u00f5li Self Love Rose - DermoScalp","isPartOf":{"@id":"https:\/\/dermoscalp.ee\/#website"},"primaryImageOfPage":{"@id":"https:\/\/dermoscalp.ee\/product\/peanaha-oli-self-love-rose\/#primaryimage"},"image":{"@id":"https:\/\/dermoscalp.ee\/product\/peanaha-oli-self-love-rose\/#primaryimage"},"thumbnailUrl":"https:\/\/dermoscalp.ee\/wp-content\/uploads\/2025\/12\/DSC5282.jpg","datePublished":"2025-12-15T10:29:21+00:00","dateModified":"2025-12-15T10:31:40+00:00","breadcrumb":{"@id":"https:\/\/dermoscalp.ee\/product\/peanaha-oli-self-love-rose\/#breadcrumb"},"inLanguage":"en-US","potentialAction":[{"@type":"ReadAction","target":["https:\/\/dermoscalp.ee\/product\/peanaha-oli-self-love-rose\/"]}]},{"@type":"ImageObject","inLanguage":"en-US","@id":"https:\/\/dermoscalp.ee\/product\/peanaha-oli-self-love-rose\/#primaryimage","url":"https:\/\/dermoscalp.ee\/wp-content\/uploads\/2025\/12\/DSC5282.jpg","contentUrl":"https:\/\/dermoscalp.ee\/wp-content\/uploads\/2025\/12\/DSC5282.jpg","width":1062,"height":1596},{"@type":"BreadcrumbList","@id":"https:\/\/dermoscalp.ee\/product\/peanaha-oli-self-love-rose\/#breadcrumb","itemListElement":[{"@type":"ListItem","position":1,"name":"Home","item":"https:\/\/dermoscalp.ee\/"},{"@type":"ListItem","position":2,"name":"Pood","item":"https:\/\/dermoscalp.ee\/shop-2\/"},{"@type":"ListItem","position":3,"name":"Peanaha \u00f5li Self Love Rose"}]},{"@type":"WebSite","@id":"https:\/\/dermoscalp.ee\/#website","url":"https:\/\/dermoscalp.ee\/","name":"DermoScalp","description":"Sinu peanaha heaks!","potentialAction":[{"@type":"SearchAction","target":{"@type":"EntryPoint","urlTemplate":"https:\/\/dermoscalp.ee\/?s={search_term_string}"},"query-input":{"@type":"PropertyValueSpecification","valueRequired":true,"valueName":"search_term_string"}}],"inLanguage":"en-US"}]}},"_links":{"self":[{"href":"https:\/\/dermoscalp.ee\/en\/wp-json\/wp\/v2\/product\/3035","targetHints":{"allow":["GET"]}}],"collection":[{"href":"https:\/\/dermoscalp.ee\/en\/wp-json\/wp\/v2\/product"}],"about":[{"href":"https:\/\/dermoscalp.ee\/en\/wp-json\/wp\/v2\/types\/product"}],"replies":[{"embeddable":true,"href":"https:\/\/dermoscalp.ee\/en\/wp-json\/wp\/v2\/comments?post=3035"}],"version-history":[{"count":1,"href":"https:\/\/dermoscalp.ee\/en\/wp-json\/wp\/v2\/product\/3035\/revisions"}],"predecessor-version":[{"id":3036,"href":"https:\/\/dermoscalp.ee\/en\/wp-json\/wp\/v2\/product\/3035\/revisions\/3036"}],"wp:featuredmedia":[{"embeddable":true,"href":"https:\/\/dermoscalp.ee\/en\/wp-json\/wp\/v2\/media\/3034"}],"wp:attachment":[{"href":"https:\/\/dermoscalp.ee\/en\/wp-json\/wp\/v2\/media?parent=3035"}],"wp:term":[{"taxonomy":"product_brand","embeddable":true,"href":"https:\/\/dermoscalp.ee\/en\/wp-json\/wp\/v2\/product_brand?post=3035"},{"taxonomy":"product_cat","embeddable":true,"href":"https:\/\/dermoscalp.ee\/en\/wp-json\/wp\/v2\/product_cat?post=3035"},{"taxonomy":"product_tag","embeddable":true,"href":"https:\/\/dermoscalp.ee\/en\/wp-json\/wp\/v2\/product_tag?post=3035"}],"curies":[{"name":"wp","href":"https:\/\/api.w.org\/{rel}","templated":true}]}}